{"id":1307,"date":"2021-09-17T19:38:14","date_gmt":"2021-09-17T19:38:14","guid":{"rendered":"https:\/\/hmkeducation.com?page_id=1307"},"modified":"2024-05-16T12:57:19","modified_gmt":"2024-05-16T12:57:19","slug":"termos-de-uso","status":"publish","type":"page","link":"https:\/\/hmkeducation.com\/de\/termos-de-uso\/","title":{"rendered":"Nutzungsbedingungen"},"content":{"rendered":"<div data-elementor-type=\"wp-page\" data-elementor-id=\"1307\" class=\"elementor elementor-1307\" data-elementor-settings=\"{&quot;ha_cmc_init_switcher&quot;:&quot;no&quot;}\" data-elementor-post-type=\"page\">\n\t\t\t\t\t\t<section class=\"elementor-section elementor-top-section elementor-element elementor-element-f5d6176 elementor-section-boxed elementor-section-height-default elementor-section-height-default\" data-id=\"f5d6176\" data-element_type=\"section\" data-e-type=\"section\">\n\t\t\t\t\t\t<div class=\"elementor-container elementor-column-gap-default\">\n\t\t\t\t\t<div class=\"elementor-column elementor-col-100 elementor-top-column elementor-element elementor-element-0093bd0\" data-id=\"0093bd0\" data-element_type=\"column\" data-e-type=\"column\">\n\t\t\t<div class=\"elementor-widget-wrap elementor-element-populated\">\n\t\t\t\t\t\t<div class=\"elementor-element elementor-element-068043e elementor-widget elementor-widget-heading\" data-id=\"068043e\" data-element_type=\"widget\" data-e-type=\"widget\" data-widget_type=\"heading.default\">\n\t\t\t\t<div class=\"elementor-widget-container\">\n\t\t\t\t\t<h1 class=\"elementor-heading-title elementor-size-default\">BEDINGUNGEN UND KONDITIONEN<\/h1>\t\t\t\t<\/div>\n\t\t\t\t<\/div>\n\t\t\t\t<div class=\"elementor-element elementor-element-b3b0976 elementor-widget elementor-widget-text-editor\" data-id=\"b3b0976\" data-element_type=\"widget\" data-e-type=\"widget\" data-widget_type=\"text-editor.default\">\n\t\t\t\t<div class=\"elementor-widget-container\">\n\t\t\t\t\t\t\t\t\t<p><span style=\"font-weight: 400;\">Informationen \u00fcber die Verwendung von Dermakosmetika oder Kosmetika unsachgem\u00e4\u00df, der Hersteller hat keine Verantwortung f\u00fcr die Verwaltung der Sch\u00fcler.\u00a0<\/span><span style=\"font-weight: 400;\">Zuallererst wird die Schule jedoch sicherstellen, dass alle Produkte als hypoallergen getestet sind.\u00a0<\/span><\/p><p><span style=\"font-weight: 400;\">Alle von der Schule vorgelegten Informationen werden auf der Grundlage von wissenschaftlichen Referenzen dokumentiert.<\/span><\/p>\t\t\t\t\t\t\t\t<\/div>\n\t\t\t\t<\/div>\n\t\t\t\t<div class=\"elementor-element elementor-element-00f6ab6 elementor-widget elementor-widget-heading\" data-id=\"00f6ab6\" data-element_type=\"widget\" data-e-type=\"widget\" data-widget_type=\"heading.default\">\n\t\t\t\t<div class=\"elementor-widget-container\">\n\t\t\t\t\t<h2 class=\"elementor-heading-title elementor-size-default\">Kenntnis der Allgemeinen Gesch\u00e4ftsbedingungen (AGB)<\/h2>\t\t\t\t<\/div>\n\t\t\t\t<\/div>\n\t\t\t\t<div class=\"elementor-element elementor-element-e17c962 elementor-widget elementor-widget-text-editor\" data-id=\"e17c962\" data-element_type=\"widget\" data-e-type=\"widget\" data-widget_type=\"text-editor.default\">\n\t\t\t\t<div class=\"elementor-widget-container\">\n\t\t\t\t\t\t\t\t\t<p><span style=\"font-weight: 400;\">Ich habe die Informationen \u00fcber den Studieninhalt, die Pflichten und Aufgaben des Sch\u00fclers gegen\u00fcber der Schule und der Schule gegen\u00fcber dem Sch\u00fcler gelesen.<\/span><\/p><p><span style=\"font-weight: 400;\">Langfristige Kurse wie das Diplom in \u00c4sthetischer Medizin und Integrativer Kosmetik und andere Kurse sowie eine Schule, die auf Abschlusspr\u00fcfungen ausgerichtet ist, um die Studenten wirklich auf den Arbeitsmarkt vorzubereiten, im Hinblick auf ihre Verantwortung gegen\u00fcber den Studenten und die Studenten gegen\u00fcber der Schule.<\/span><\/p><p><span style=\"font-weight: 400;\">Ich erkenne diese Forderung nach einem Bildungsmodell an und unterschreibe sie.\u00a0\u00a0<\/span><span style=\"font-weight: 400;\">Angesichts eines Studienvertrags mit den entsprechenden, bereits programmierten Zeiten und Daten ist der Student f\u00fcr die Bezahlung und die physische Anwesenheit im Unterricht verantwortlich.\u00a0<\/span><\/p><p><span style=\"font-weight: 400;\">Abwesenheiten ohne\u00a0<\/span><span style=\"font-weight: 400;\">Wenn die Schule eine akzeptable Begr\u00fcndung liefert, ist sie nicht f\u00fcr die vers\u00e4umte Unterrichtsstunde verantwortlich. Sie m\u00fcssen daher f\u00fcr den vers\u00e4umten Teil der Unterrichtsstunde bezahlen. <\/span><span style=\"font-weight: 400;\">Mit Kosten, die bereits im Studienvertrag beschrieben sind und dem Studenten mitgeteilt werden.\u00a0<\/span><span style=\"font-weight: 400;\">Die Schule steht dem Sch\u00fcler f\u00fcr alle Fragen zur Verf\u00fcgung.<\/span><\/p><p><span style=\"font-weight: 400;\">Im Falle einer einmonatigen Abwesenheit kann der Sch\u00fcler sein Studium erst dann fortsetzen, wenn er die Geb\u00fchr f\u00fcr die vers\u00e4umten Unterrichtsstunden bezahlt hat, um der Studienmethodik der Schule folgen zu k\u00f6nnen.<\/span><\/p><p><span style=\"font-weight: 400;\">Die Schule bietet praktischen und theoretischen Unterricht sowie Seminare w\u00e4hrend des Kurses an, damit Sie Ihr Wissen optimal nutzen k\u00f6nnen.\u00a0<\/span><\/p><p><span style=\"font-weight: 400;\">Die Pr\u00fcfungen finden am Ende eines jeden Monats f\u00fcr die bereits belegten F\u00e4cher und am Ende eines jeden Jahres f\u00fcr die w\u00e4hrend des Schuljahres belegten F\u00e4cher statt.\u00a0<\/span><span style=\"font-weight: 400;\">Die Nichtteilnahme an der Abschlusspr\u00fcfung hat zur Folge, dass der Sch\u00fcler die Pr\u00fcfung nicht besteht und das Fach erneut studieren muss, wobei er daf\u00fcr bezahlen muss. <\/span><\/p>\t\t\t\t\t\t\t\t<\/div>\n\t\t\t\t<\/div>\n\t\t\t\t<div class=\"elementor-element elementor-element-2988384 elementor-widget elementor-widget-heading\" data-id=\"2988384\" data-element_type=\"widget\" data-e-type=\"widget\" data-widget_type=\"heading.default\">\n\t\t\t\t<div class=\"elementor-widget-container\">\n\t\t\t\t\t<h2 class=\"elementor-heading-title elementor-size-default\">Urheberrechte<\/h2>\t\t\t\t<\/div>\n\t\t\t\t<\/div>\n\t\t\t\t<div class=\"elementor-element elementor-element-7def6fc elementor-widget elementor-widget-text-editor\" data-id=\"7def6fc\" data-element_type=\"widget\" data-e-type=\"widget\" data-widget_type=\"text-editor.default\">\n\t\t\t\t<div class=\"elementor-widget-container\">\n\t\t\t\t\t\t\t\t\t<p><span style=\"font-weight: 400;\">Die Lektionen in Form von Folien oder Handouts werden von HMK Education zur Verf\u00fcgung gestellt.<\/span><\/p><p><span style=\"font-weight: 400;\">Alle von den verantwortlichen Lehrkr\u00e4ften erstellten Informationen und Fotos des Unterrichts d\u00fcrfen nicht f\u00fcr andere Kurse Dritter verwendet werden. <\/span><span style=\"font-weight: 400;\">Unter Androhung einer Geldstrafe und gerichtlicher Schritte nach Schweizer Recht.<\/span><\/p><p><span style=\"font-weight: 400;\">Die Lektionen, die den Studenten zur Verf\u00fcgung gestellt werden, sind ausschlie\u00dflich f\u00fcr Studienzwecke bestimmt und nichts anderes<\/span><\/p>\t\t\t\t\t\t\t\t<\/div>\n\t\t\t\t<\/div>\n\t\t\t\t<div class=\"elementor-element elementor-element-ad1b772 elementor-widget elementor-widget-heading\" data-id=\"ad1b772\" data-element_type=\"widget\" data-e-type=\"widget\" data-widget_type=\"heading.default\">\n\t\t\t\t<div class=\"elementor-widget-container\">\n\t\t\t\t\t<h2 class=\"elementor-heading-title elementor-size-default\">Schulbedingungen und Regeln<\/h2>\t\t\t\t<\/div>\n\t\t\t\t<\/div>\n\t\t\t\t<div class=\"elementor-element elementor-element-3cdc463 elementor-widget elementor-widget-text-editor\" data-id=\"3cdc463\" data-element_type=\"widget\" data-e-type=\"widget\" data-widget_type=\"text-editor.default\">\n\t\t\t\t<div class=\"elementor-widget-container\">\n\t\t\t\t\t\t\t\t\t<ul><li><span style=\"font-weight: 400;\">Der Sch\u00fcler wird \u00fcber alle von der Schule aufgestellten Regeln und Vorschriften informiert.<\/span><\/li><li>Er wird sich aller seiner Rechte und Pflichten bewusst sein, die er zu erf\u00fcllen hat.<\/li><li>Erst dann unterschreiben Sie den Studienvertrag mit HMK Education.<\/li><li>Sie wissen, dass sie die gesamten Studiengeb\u00fchren zahlen m\u00fcssen, auch wenn sie nicht am Unterricht teilnehmen.<\/li><li>Im Falle h\u00f6herer Gewalt setzen Sie sich bitte mit der Schule in Verbindung, um alle Fragen zu kl\u00e4ren.<\/li><\/ul>\t\t\t\t\t\t\t\t<\/div>\n\t\t\t\t<\/div>\n\t\t\t\t<div class=\"elementor-element elementor-element-92a8db7 elementor-widget elementor-widget-heading\" data-id=\"92a8db7\" data-element_type=\"widget\" data-e-type=\"widget\" data-widget_type=\"heading.default\">\n\t\t\t\t<div class=\"elementor-widget-container\">\n\t\t\t\t\t<h2 class=\"elementor-heading-title elementor-size-default\">Form der Zahlung<\/h2>\t\t\t\t<\/div>\n\t\t\t\t<\/div>\n\t\t\t\t<div class=\"elementor-element elementor-element-bd0555a elementor-widget elementor-widget-text-editor\" data-id=\"bd0555a\" data-element_type=\"widget\" data-e-type=\"widget\" data-widget_type=\"text-editor.default\">\n\t\t\t\t<div class=\"elementor-widget-container\">\n\t\t\t\t\t\t\t\t\t<p><span style=\"font-weight: 400;\">Die Zahlung ist wie folgt zu leisten:<\/span><\/p><p><span style=\"font-weight: 400;\">(gilt f\u00fcr Workshops, Seminare und Kurse)<\/span><\/p><p><span style=\"font-weight: 400;\">Wenn die Kursgeb\u00fchren sofort nach der best\u00e4tigten Anmeldung in voller H\u00f6he bezahlt werden, gew\u00e4hrt die Schule einen Rabattbonus von 5% auf den Gesamtpreis.<\/span><\/p><p><span style=\"font-weight: 400;\">25% des Gesamtpreises sind bei best\u00e4tigter Anmeldung als Anzahlung zu leisten.<\/span><\/p><p><span style=\"font-weight: 400;\">Der Rest des Kurses wird von den Partnerorganisationen der Schule finanziert, was es den Studenten erleichtert, eine g\u00fcnstigere monatliche Geb\u00fchr zu zahlen.\u00a0<\/span><\/p><p><span style=\"font-weight: 400;\">Bei Kursen, die weniger als 3'000 CHF kosten, k\u00f6nnen die Studierenden mit einem notariellen Vertrag auch in Raten direkt an die Schule zahlen.<\/span><\/p><p><span style=\"font-weight: 400;\">R\u00fccktrittsrecht und Kosten im Falle einer Vertragsaufl\u00f6sung.\u00a0<\/span><\/p><p><span style=\"font-weight: 400;\">Wenn die Anwesenheit des Sch\u00fclers nicht 90% erreicht, kann der Kurs nicht abgeschlossen werden. Die Schule beh\u00e4lt die Anzahlung ein.\u00a0<\/span><\/p><p><span style=\"font-weight: 400;\">Die schriftliche Stornierung und der Antrag auf Wiederaufnahme des Kurses m\u00fcssen im Voraus schriftlich im Schulb\u00fcro eingereicht werden.\u00a0<\/span><\/p><p><span style=\"font-weight: 400;\">Wenn die Schule nicht informiert wird, muss der Sch\u00fcler seine Verpflichtung erf\u00fcllen, auch wenn er nicht am Unterricht teilnimmt.<\/span><\/p><p><span style=\"font-weight: 400;\">Alle vertraglichen Verpflichtungen des Teilnehmers blieben unver\u00e4ndert.<\/span><\/p><p><span style=\"font-weight: 400;\">Wird ein Vertrag bis 45 Tage vor Kursbeginn storniert, ohne einen Ersatzteilnehmer zu benennen, wird eine Vertragsstrafe in H\u00f6he von 50% der Kursgeb\u00fchren f\u00e4llig.<\/span><\/p><p><span style=\"font-weight: 400;\">Wird ein Vertrag weniger als 30 Tage vor Kursbeginn storniert, ohne einen Ersatzteilnehmer zu benennen, wird die volle Kursgeb\u00fchr in Rechnung gestellt.<\/span><\/p><p><span style=\"font-weight: 400;\">Eigene Materialien: Die Schule \u00fcbernimmt die f\u00fcr den Kurs ben\u00f6tigten Materialien, wie z. B. Handouts f\u00fcr jedes Semester.\u00a0<\/span><\/p><p><span style=\"font-weight: 400;\">Verlust von Handouts, Druckkosten f\u00fcr die Schule.\u00a0<\/span><\/p><p><span style=\"font-weight: 400;\">Die Teilnehmer sind verantwortlich f\u00fcr den Kauf von:<\/span><\/p><p><span style=\"font-weight: 400;\">Es fallen zus\u00e4tzliche Kosten f\u00fcr Pr\u00fcfungen und B\u00fccher\/Lernskripte an.<\/span><\/p><p><span style=\"font-weight: 400;\">- Pr\u00fcfungsgeb\u00fchren CHF 300<\/span><\/p><p><span style=\"font-weight: 400;\">- B\u00fccher - Roadmap kostet 500 CHF<\/span><\/p>\t\t\t\t\t\t\t\t<\/div>\n\t\t\t\t<\/div>\n\t\t\t\t<div class=\"elementor-element elementor-element-f5fa66b elementor-widget elementor-widget-heading\" data-id=\"f5fa66b\" data-element_type=\"widget\" data-e-type=\"widget\" data-widget_type=\"heading.default\">\n\t\t\t\t<div class=\"elementor-widget-container\">\n\t\t\t\t\t<h2 class=\"elementor-heading-title elementor-size-default\">Allgemeine Regeln<\/h2>\t\t\t\t<\/div>\n\t\t\t\t<\/div>\n\t\t\t\t<div class=\"elementor-element elementor-element-d16a690 elementor-widget elementor-widget-text-editor\" data-id=\"d16a690\" data-element_type=\"widget\" data-e-type=\"widget\" data-widget_type=\"text-editor.default\">\n\t\t\t\t<div class=\"elementor-widget-container\">\n\t\t\t\t\t\t\t\t\t<p><span style=\"font-weight: 400;\">Das Rauchen ist im gesamten Schulgeb\u00e4ude verboten, unangemessene Kleidung und Hausschuhe sind verboten.\u00a0<\/span><\/p><p><span style=\"font-weight: 400;\">Die Studenten m\u00fcssen w\u00e4hrend des Laborunterrichts wei\u00dfe Laborkittel tragen.<\/span><\/p><p><span style=\"font-weight: 400;\">Die Sch\u00fcler m\u00fcssen sich an ihren Stundenplan halten, um ihre Mitsch\u00fcler nicht zu st\u00f6ren.\u00a0<\/span><\/p><p><span style=\"font-weight: 400;\">Sie sollten sich gegen\u00fcber ihren Mitsch\u00fclern, Lehrern und dem Schulpersonal respektvoll verhalten.<\/span><\/p><p><span style=\"font-weight: 400;\">Jegliches respektloses Verhalten wird mit dem Ausschluss vom Unterricht, einer Geldstrafe und der Nichtr\u00fcckerstattung der geleisteten Zahlungen geahndet.<\/span><\/p><p><span style=\"font-weight: 400;\">Es ist die Pflicht aller, die Schule sauber und ordentlich zu halten.<\/span><\/p><p><span style=\"font-weight: 400;\">Kein Filmen von Unterrichtsstunden oder Aufnahmen.<\/span><\/p><p><span style=\"font-weight: 400;\">Wenn der Sch\u00fcler das Thema nicht versteht, wird es so oft wiederholt, wie es zum Lernen notwendig ist.\u00a0<\/span><\/p><p><span style=\"font-weight: 400;\">Schalten Sie Ihr Mobiltelefon aus oder stumm, um die Lehrkraft im Unterricht und Ihre Mitsch\u00fcler nicht zu st\u00f6ren.<\/span><\/p>\t\t\t\t\t\t\t\t<\/div>\n\t\t\t\t<\/div>\n\t\t\t\t<div class=\"elementor-element elementor-element-1536ab5 elementor-widget elementor-widget-heading\" data-id=\"1536ab5\" data-element_type=\"widget\" data-e-type=\"widget\" data-widget_type=\"heading.default\">\n\t\t\t\t<div class=\"elementor-widget-container\">\n\t\t\t\t\t<h2 class=\"elementor-heading-title elementor-size-default\">Verordnungen<\/h2>\t\t\t\t<\/div>\n\t\t\t\t<\/div>\n\t\t\t\t<div class=\"elementor-element elementor-element-dc74192 elementor-widget elementor-widget-text-editor\" data-id=\"dc74192\" data-element_type=\"widget\" data-e-type=\"widget\" data-widget_type=\"text-editor.default\">\n\t\t\t\t<div class=\"elementor-widget-container\">\n\t\t\t\t\t\t\t\t\t<p><span style=\"font-weight: 400;\">Die Termine f\u00fcr die Abschlusspr\u00fcfungen mit praktischen, theoretischen und m\u00fcndlichen Pr\u00fcfungen werden von der Schulkoordination festgelegt.\u00a0<\/span><\/p><p><span style=\"font-weight: 400;\">Am Ende eines jeden Moduls wird eine schriftliche Pr\u00fcfung abgelegt. Darin wird gepr\u00fcft, ob der Student bereit ist, in die n\u00e4chste Phase einzutreten.\u00a0<\/span><\/p><p><span style=\"font-weight: 400;\">Wenn der Student dann immer noch nicht das notwendige Verst\u00e4ndnis hat, muss er das Modul kostenpflichtig wiederholen.\u00a0<\/span><\/p><p><span style=\"font-weight: 400;\">Am Ende des gesamten Kurses findet eine Abschlusspr\u00fcfung statt. Bei der Pr\u00fcfung m\u00fcssen die f\u00fcr die endg\u00fcltige Zulassung erforderlichen Punkte erreicht werden.\u00a0<\/span><\/p><p><span style=\"font-weight: 400;\">Die Wiederholung der theoretischen Abschlusspr\u00fcfung kostet Chf 400 pro Tag.<\/span><\/p><p><span style=\"font-weight: 400;\">Die Wiederholung der praktischen Abschlusspr\u00fcfung kostet CHF 200 pro Tag<\/span><\/p><p><span style=\"font-weight: 400;\">Wenn vor der Abschlusspr\u00fcfung mehr als 5 Tage Kursarbeit vers\u00e4umt wurden, die nicht vor der Abschlusspr\u00fcfung nachgeholt werden k\u00f6nnen, wird die Pr\u00fcfung nicht bestanden.<\/span><\/p>\t\t\t\t\t\t\t\t<\/div>\n\t\t\t\t<\/div>\n\t\t\t\t\t<\/div>\n\t\t<\/div>\n\t\t\t\t\t<\/div>\n\t\t<\/section>\n\t\t\t\t<\/div>\n\t\t\n    <div class=\"xs_social_share_widget xs_share_url after_content \t\tmain_content  wslu-style-1 wslu-share-box-shaped wslu-fill-colored wslu-none wslu-share-horizontal wslu-theme-font-no wslu-main_content\">\n\n\t\t\n        <ul>\n\t\t\t        <\/ul>\n    <\/div>","protected":false},"excerpt":{"rendered":"<p>TERMOS E CONDI\u00c7\u00d5ES As informa\u00e7\u00f5es sobre aplica\u00e7\u00f5es dos derma cosm\u00e9ticos ou cosm\u00e9ticos de maneira inadequada, o fabricante n\u00e3o tem responsabilidade sobre administra\u00e7\u00e3o do aluno.\u00a0Por\u00e9m, antes de tudo a escola certificar\u00e1 que os produtos s\u00e3o todos\u00a0 testados como hipoalerg\u00eanicos.\u00a0 Todas as informa\u00e7\u00f5es apresentadas pela escola, ser\u00e1 documentada em bases nas refer\u00eancias cient\u00edficas. Conhecimento dos Termos e [&hellip;]<\/p>\n","protected":false},"author":3,"featured_media":0,"parent":0,"menu_order":0,"comment_status":"closed","ping_status":"closed","template":"elementor_header_footer","meta":{"footnotes":""},"class_list":["post-1307","page","type-page","status-publish","hentry"],"_links":{"self":[{"href":"https:\/\/hmkeducation.com\/de\/wp-json\/wp\/v2\/pages\/1307","targetHints":{"allow":["GET"]}}],"collection":[{"href":"https:\/\/hmkeducation.com\/de\/wp-json\/wp\/v2\/pages"}],"about":[{"href":"https:\/\/hmkeducation.com\/de\/wp-json\/wp\/v2\/types\/page"}],"author":[{"embeddable":true,"href":"https:\/\/hmkeducation.com\/de\/wp-json\/wp\/v2\/users\/3"}],"replies":[{"embeddable":true,"href":"https:\/\/hmkeducation.com\/de\/wp-json\/wp\/v2\/comments?post=1307"}],"version-history":[{"count":0,"href":"https:\/\/hmkeducation.com\/de\/wp-json\/wp\/v2\/pages\/1307\/revisions"}],"wp:attachment":[{"href":"https:\/\/hmkeducation.com\/de\/wp-json\/wp\/v2\/media?parent=1307"}],"curies":[{"name":"wp","href":"https:\/\/api.w.org\/{rel}","templated":true}]}}