{"id":2254,"date":"2023-04-03T14:02:45","date_gmt":"2023-04-03T14:02:45","guid":{"rendered":"https:\/\/hmkeducation.com?page_id=2254"},"modified":"2023-04-03T14:27:38","modified_gmt":"2023-04-03T14:27:38","slug":"cris-gottlieb","status":"publish","type":"page","link":"https:\/\/hmkeducation.com\/de\/professores\/cris-gottlieb\/","title":{"rendered":"Cris Gottlieb"},"content":{"rendered":"<div data-elementor-type=\"wp-page\" data-elementor-id=\"2254\" class=\"elementor elementor-2254\" data-elementor-settings=\"{&quot;ha_cmc_init_switcher&quot;:&quot;no&quot;}\" data-elementor-post-type=\"page\">\n\t\t\t\t\t\t<section class=\"elementor-section elementor-top-section elementor-element elementor-element-8335a1e elementor-section-height-min-height elementor-section-content-middle elementor-section-boxed elementor-section-height-default elementor-section-items-middle\" data-id=\"8335a1e\" data-element_type=\"section\" data-e-type=\"section\" data-settings=\"{&quot;background_background&quot;:&quot;classic&quot;}\">\n\t\t\t\t\t\t\t<div class=\"elementor-background-overlay\"><\/div>\n\t\t\t\t\t\t\t<div class=\"elementor-container elementor-column-gap-no\">\n\t\t\t\t\t<div class=\"elementor-column elementor-col-100 elementor-top-column elementor-element elementor-element-0386b3c\" data-id=\"0386b3c\" data-element_type=\"column\" data-e-type=\"column\" data-settings=\"{&quot;background_background&quot;:&quot;classic&quot;}\">\n\t\t\t<div class=\"elementor-widget-wrap elementor-element-populated\">\n\t\t\t\t\t\t<div class=\"elementor-element elementor-element-779d25e elementor-widget elementor-widget-heading\" data-id=\"779d25e\" data-element_type=\"widget\" data-e-type=\"widget\" data-widget_type=\"heading.default\">\n\t\t\t\t<div class=\"elementor-widget-container\">\n\t\t\t\t\t<h1 class=\"elementor-heading-title elementor-size-default\">Lehrerinnen und Lehrer<\/h1>\t\t\t\t<\/div>\n\t\t\t\t<\/div>\n\t\t\t\t\t<\/div>\n\t\t<\/div>\n\t\t\t\t\t<\/div>\n\t\t<\/section>\n\t\t\t\t<section class=\"elementor-section elementor-top-section elementor-element elementor-element-43851174 elementor-section-boxed elementor-section-height-default elementor-section-height-default\" data-id=\"43851174\" data-element_type=\"section\" data-e-type=\"section\">\n\t\t\t\t\t\t\t<div class=\"elementor-background-overlay\"><\/div>\n\t\t\t\t\t\t\t<div class=\"elementor-container elementor-column-gap-no\">\n\t\t\t\t\t<div class=\"elementor-column elementor-col-50 elementor-top-column elementor-element elementor-element-1b075fd8\" data-id=\"1b075fd8\" data-element_type=\"column\" data-e-type=\"column\">\n\t\t\t<div class=\"elementor-widget-wrap elementor-element-populated\">\n\t\t\t\t\t\t<div class=\"elementor-element elementor-element-296fb7f6 elementor-widget elementor-widget-image\" data-id=\"296fb7f6\" data-element_type=\"widget\" data-e-type=\"widget\" data-widget_type=\"image.default\">\n\t\t\t\t<div class=\"elementor-widget-container\">\n\t\t\t\t\t\t\t\t\t\t\t\t\t\t\t<img fetchpriority=\"high\" decoding=\"async\" width=\"512\" height=\"512\" src=\"https:\/\/hmkeducation.com\/wp-content\/uploads\/2023\/04\/3.jpg\" class=\"attachment-full size-full wp-image-2230\" alt=\"\" srcset=\"https:\/\/hmkeducation.com\/wp-content\/uploads\/2023\/04\/3.jpg 512w, https:\/\/hmkeducation.com\/wp-content\/uploads\/2023\/04\/3-300x300.jpg 300w, https:\/\/hmkeducation.com\/wp-content\/uploads\/2023\/04\/3-150x150.jpg 150w, https:\/\/hmkeducation.com\/wp-content\/uploads\/2023\/04\/3-12x12.jpg 12w\" sizes=\"(max-width: 512px) 100vw, 512px\" \/>\t\t\t\t\t\t\t\t\t\t\t\t\t\t\t<\/div>\n\t\t\t\t<\/div>\n\t\t\t\t\t<\/div>\n\t\t<\/div>\n\t\t\t\t<div class=\"elementor-column elementor-col-50 elementor-top-column elementor-element elementor-element-5f559407\" data-id=\"5f559407\" data-element_type=\"column\" data-e-type=\"column\">\n\t\t\t<div class=\"elementor-widget-wrap elementor-element-populated\">\n\t\t\t\t\t\t<section class=\"elementor-section elementor-inner-section elementor-element elementor-element-2ec11810 elementor-section-boxed elementor-section-height-default elementor-section-height-default\" data-id=\"2ec11810\" data-element_type=\"section\" data-e-type=\"section\">\n\t\t\t\t\t\t<div class=\"elementor-container elementor-column-gap-no\">\n\t\t\t\t\t<div class=\"elementor-column elementor-col-100 elementor-inner-column elementor-element elementor-element-244fa19a\" data-id=\"244fa19a\" data-element_type=\"column\" data-e-type=\"column\" data-settings=\"{&quot;background_background&quot;:&quot;classic&quot;}\">\n\t\t\t<div class=\"elementor-widget-wrap elementor-element-populated\">\n\t\t\t\t\t<div class=\"elementor-background-overlay\"><\/div>\n\t\t\t\t\t\t<div class=\"elementor-element elementor-element-5e91888c elementor-widget-divider--separator-type-pattern elementor-widget-divider--view-line elementor-widget elementor-widget-divider\" data-id=\"5e91888c\" data-element_type=\"widget\" data-e-type=\"widget\" data-widget_type=\"divider.default\">\n\t\t\t\t<div class=\"elementor-widget-container\">\n\t\t\t\t\t\t\t<div class=\"elementor-divider\" style=\"--divider-pattern-url: url(&quot;data:image\/svg+xml,%3Csvg xmlns=&#039;http:\/\/www.w3.org\/2000\/svg&#039; preserveAspectRatio=&#039;none&#039; overflow=&#039;visible&#039; height=&#039;100%&#039; viewBox=&#039;0 0 24 24&#039; fill=&#039;none&#039; stroke=&#039;black&#039; stroke-width=&#039;4&#039; stroke-linecap=&#039;square&#039; stroke-miterlimit=&#039;10&#039;%3E%3Cpolyline points=&#039;0,18 12,6 24,18 &#039;\/%3E%3C\/svg%3E&quot;);\">\n\t\t\t<span class=\"elementor-divider-separator\">\n\t\t\t\t\t\t<\/span>\n\t\t<\/div>\n\t\t\t\t\t\t<\/div>\n\t\t\t\t<\/div>\n\t\t\t\t<div class=\"elementor-element elementor-element-66f9110f elementor-widget elementor-widget-heading\" data-id=\"66f9110f\" data-element_type=\"widget\" data-e-type=\"widget\" data-widget_type=\"heading.default\">\n\t\t\t\t<div class=\"elementor-widget-container\">\n\t\t\t\t\t<h3 class=\"elementor-heading-title elementor-size-default\">Cris Gottlieb<\/h3>\t\t\t\t<\/div>\n\t\t\t\t<\/div>\n\t\t\t\t\t<\/div>\n\t\t<\/div>\n\t\t\t\t\t<\/div>\n\t\t<\/section>\n\t\t\t\t<div class=\"elementor-element elementor-element-3bb5d417 elementor-widget elementor-widget-text-editor\" data-id=\"3bb5d417\" data-element_type=\"widget\" data-e-type=\"widget\" data-widget_type=\"text-editor.default\">\n\t\t\t\t<div class=\"elementor-widget-container\">\n\t\t\t\t\t\t\t\t\t<p>Dr. Cristina Gottlieb wuchs in Brasilien, in der Stadt Rio de Janeiro, auf und schloss 1987 ihr Studium der Zahnmedizin an der Universidade Federal Fluminense ab. Seitdem hat sie nie aufgeh\u00f6rt, ihre Studien in den Bereichen Zahnmedizin und Forschung in der Bildung fortzusetzen. Sie liebt Menschen, Tiere und die Natur und glaubt an die Vision einer gesunden Menschheit mit Lebensqualit\u00e4t. Seit 2018 ist sie Pr\u00e4sidentin einer brasilianischen Gesellschaft f\u00fcr integrative Zahnmedizin und verantwortlich f\u00fcr die Durchf\u00fchrung von Gesundheitspraktika f\u00fcr die Mitglieder. Sie organisiert jedes Jahr den Kongress f\u00fcr diese Gesellschaft. Sie setzt sich leidenschaftlich f\u00fcr Gesundheit und Bildung ein und glaubt an den Slogan \"Gesundheit f\u00fcr alle\".<\/p>\t\t\t\t\t\t\t\t<\/div>\n\t\t\t\t<\/div>\n\t\t\t\t\t<\/div>\n\t\t<\/div>\n\t\t\t\t\t<\/div>\n\t\t<\/section>\n\t\t\t\t<section class=\"elementor-section elementor-top-section elementor-element elementor-element-76345084 elementor-section-boxed elementor-section-height-default elementor-section-height-default\" data-id=\"76345084\" data-element_type=\"section\" data-e-type=\"section\">\n\t\t\t\t\t\t\t<div class=\"elementor-background-overlay\"><\/div>\n\t\t\t\t\t\t\t<div class=\"elementor-container elementor-column-gap-no\">\n\t\t\t\t\t<div class=\"elementor-column elementor-col-100 elementor-top-column elementor-element elementor-element-6f9eb0e6\" data-id=\"6f9eb0e6\" data-element_type=\"column\" data-e-type=\"column\">\n\t\t\t<div class=\"elementor-widget-wrap elementor-element-populated\">\n\t\t\t\t\t\t<div class=\"elementor-element elementor-element-5b901acb elementor-widget elementor-widget-heading\" data-id=\"5b901acb\" data-element_type=\"widget\" data-e-type=\"widget\" data-widget_type=\"heading.default\">\n\t\t\t\t<div class=\"elementor-widget-container\">\n\t\t\t\t\t<h5 class=\"elementor-heading-title elementor-size-default\">Erfahrung:<\/h5>\t\t\t\t<\/div>\n\t\t\t\t<\/div>\n\t\t\t\t<div class=\"elementor-element elementor-element-2a8c09ed elementor-widget elementor-widget-text-editor\" data-id=\"2a8c09ed\" data-element_type=\"widget\" data-e-type=\"widget\" data-widget_type=\"text-editor.default\">\n\t\t\t\t<div class=\"elementor-widget-container\">\n\t\t\t\t\t\t\t\t\t<ul><li>Pr\u00e4sident der Brasilianischen Gesellschaft f\u00fcr Integrative Zahnmedizin (SBOSI)<\/li><li>CEO der integrativen Gesundheitsklinik The Dental Spa<\/li><li>CEO des Dental Spa Immersions- und Nachdiplomkurses lato sensu<\/li><li>Cristina Gottlieb Institut CEO Soziale Verantwortung<\/li><li>Internationaler Dozent f\u00fcr Gesichtssymmetrie und orofaziale Harmonisierung<\/li><li>Doktorandin in Biomedizinischen Wissenschaften mit Schwerpunkt Schmerz- und Entz\u00fcndungsmanagement<\/li><li>Master stricto sensu in Biologisch-Naturwissenschaftlichen Studien mit Schwerpunkt Akupunktur und Chinesische Medizin<\/li><li>Lato sensu in Psychologie mit Schwerpunkt auf Glaubensmanagement<\/li><li>Karriere-Coaching und Lebensberatung<\/li><li>Neural-Therapeut<\/li><li>Ozon-Therapeut<\/li><li>Aromatherapeut<\/li><li>Reiki-Meister<\/li><li>Zugelassener ganzheitlicher Therapeut<\/li><li>Musiktherapeutin<\/li><li>Spezialist f\u00fcr Kieferorthop\u00e4die und Gesichtsorthop\u00e4die<\/li><li>Newton Nogueira de S\u00e1 Schulausbildung in oraler Biokybernetik<\/li><li>Fachzahnarzt f\u00fcr Parodontologie<\/li><li>Spezialist f\u00fcr dentale Werkstofftechnik<\/li><li>Spezialist f\u00fcr Implantologie<\/li><li>Lato sensu in der \u00e4sthetischen Biomedizin<\/li><li>Bachelor in Christlicher Theologie mit den Schwerpunkten Mission und Evangelisation und Beratung.<\/li><\/ul>\t\t\t\t\t\t\t\t<\/div>\n\t\t\t\t<\/div>\n\t\t\t\t\t<\/div>\n\t\t<\/div>\n\t\t\t\t\t<\/div>\n\t\t<\/section>\n\t\t\t\t<\/div>\n\t\t\n    <div class=\"xs_social_share_widget xs_share_url after_content \t\tmain_content  wslu-style-1 wslu-share-box-shaped wslu-fill-colored wslu-none wslu-share-horizontal wslu-theme-font-no wslu-main_content\">\n\n\t\t\n        <ul>\n\t\t\t        <\/ul>\n    <\/div>","protected":false},"excerpt":{"rendered":"<p>Professores A Dra. Cristina Gottlieb cresceu no Brasil, na cidade do Rio de Janeiro, e formou-se em odontologia pela Universidade Federal Fluminense em 1987, e desde ent\u00e3o nunca mais desistiu de aprimorar os estudos nas \u00e1reas de odontologia pesquisa em educa\u00e7\u00e3o. Ela ama as pessoas, os animais e a natureza. ela acredita na\u00a0vis\u00e3o de uma [&hellip;]<\/p>\n","protected":false},"author":4,"featured_media":0,"parent":2227,"menu_order":0,"comment_status":"closed","ping_status":"closed","template":"","meta":{"footnotes":""},"class_list":["post-2254","page","type-page","status-publish","hentry"],"_links":{"self":[{"href":"https:\/\/hmkeducation.com\/de\/wp-json\/wp\/v2\/pages\/2254","targetHints":{"allow":["GET"]}}],"collection":[{"href":"https:\/\/hmkeducation.com\/de\/wp-json\/wp\/v2\/pages"}],"about":[{"href":"https:\/\/hmkeducation.com\/de\/wp-json\/wp\/v2\/types\/page"}],"author":[{"embeddable":true,"href":"https:\/\/hmkeducation.com\/de\/wp-json\/wp\/v2\/users\/4"}],"replies":[{"embeddable":true,"href":"https:\/\/hmkeducation.com\/de\/wp-json\/wp\/v2\/comments?post=2254"}],"version-history":[{"count":0,"href":"https:\/\/hmkeducation.com\/de\/wp-json\/wp\/v2\/pages\/2254\/revisions"}],"up":[{"embeddable":true,"href":"https:\/\/hmkeducation.com\/de\/wp-json\/wp\/v2\/pages\/2227"}],"wp:attachment":[{"href":"https:\/\/hmkeducation.com\/de\/wp-json\/wp\/v2\/media?parent=2254"}],"curies":[{"name":"wp","href":"https:\/\/api.w.org\/{rel}","templated":true}]}}