{"id":2291,"date":"2023-04-03T17:17:40","date_gmt":"2023-04-03T17:17:40","guid":{"rendered":"https:\/\/hmkeducation.com?page_id=2291"},"modified":"2023-04-03T17:31:56","modified_gmt":"2023-04-03T17:31:56","slug":"jose-maria-pereira-de-godoy","status":"publish","type":"page","link":"https:\/\/hmkeducation.com\/de\/professores\/jose-maria-pereira-de-godoy\/","title":{"rendered":"Jos\u00e9 Maria Pereira de Godoy"},"content":{"rendered":"<div data-elementor-type=\"wp-page\" data-elementor-id=\"2291\" class=\"elementor elementor-2291\" data-elementor-settings=\"{&quot;ha_cmc_init_switcher&quot;:&quot;no&quot;}\" data-elementor-post-type=\"page\">\n\t\t\t\t\t\t<section class=\"elementor-section elementor-top-section elementor-element elementor-element-2b7a67d3 elementor-section-height-min-height elementor-section-content-middle elementor-section-boxed elementor-section-height-default elementor-section-items-middle\" data-id=\"2b7a67d3\" data-element_type=\"section\" data-e-type=\"section\" data-settings=\"{&quot;background_background&quot;:&quot;classic&quot;}\">\n\t\t\t\t\t\t\t<div class=\"elementor-background-overlay\"><\/div>\n\t\t\t\t\t\t\t<div class=\"elementor-container elementor-column-gap-no\">\n\t\t\t\t\t<div class=\"elementor-column elementor-col-100 elementor-top-column elementor-element elementor-element-1a7dd839\" data-id=\"1a7dd839\" data-element_type=\"column\" data-e-type=\"column\" data-settings=\"{&quot;background_background&quot;:&quot;classic&quot;}\">\n\t\t\t<div class=\"elementor-widget-wrap elementor-element-populated\">\n\t\t\t\t\t\t<div class=\"elementor-element elementor-element-1fe00936 elementor-widget elementor-widget-heading\" data-id=\"1fe00936\" data-element_type=\"widget\" data-e-type=\"widget\" data-widget_type=\"heading.default\">\n\t\t\t\t<div class=\"elementor-widget-container\">\n\t\t\t\t\t<h1 class=\"elementor-heading-title elementor-size-default\">Lehrerinnen und Lehrer<\/h1>\t\t\t\t<\/div>\n\t\t\t\t<\/div>\n\t\t\t\t\t<\/div>\n\t\t<\/div>\n\t\t\t\t\t<\/div>\n\t\t<\/section>\n\t\t\t\t<section class=\"elementor-section elementor-top-section elementor-element elementor-element-776b47b5 elementor-section-boxed elementor-section-height-default elementor-section-height-default\" data-id=\"776b47b5\" data-element_type=\"section\" data-e-type=\"section\">\n\t\t\t\t\t\t\t<div class=\"elementor-background-overlay\"><\/div>\n\t\t\t\t\t\t\t<div class=\"elementor-container elementor-column-gap-no\">\n\t\t\t\t\t<div class=\"elementor-column elementor-col-50 elementor-top-column elementor-element elementor-element-48c16529\" data-id=\"48c16529\" data-element_type=\"column\" data-e-type=\"column\">\n\t\t\t<div class=\"elementor-widget-wrap elementor-element-populated\">\n\t\t\t\t\t\t<div class=\"elementor-element elementor-element-749ea97f elementor-widget elementor-widget-image\" data-id=\"749ea97f\" data-element_type=\"widget\" data-e-type=\"widget\" data-widget_type=\"image.default\">\n\t\t\t\t<div class=\"elementor-widget-container\">\n\t\t\t\t\t\t\t\t\t\t\t\t\t\t\t<img fetchpriority=\"high\" decoding=\"async\" width=\"512\" height=\"512\" src=\"https:\/\/hmkeducation.com\/wp-content\/uploads\/2023\/04\/4.jpg\" class=\"attachment-full size-full wp-image-2233\" alt=\"\" srcset=\"https:\/\/hmkeducation.com\/wp-content\/uploads\/2023\/04\/4.jpg 512w, https:\/\/hmkeducation.com\/wp-content\/uploads\/2023\/04\/4-300x300.jpg 300w, https:\/\/hmkeducation.com\/wp-content\/uploads\/2023\/04\/4-150x150.jpg 150w, https:\/\/hmkeducation.com\/wp-content\/uploads\/2023\/04\/4-12x12.jpg 12w\" sizes=\"(max-width: 512px) 100vw, 512px\" \/>\t\t\t\t\t\t\t\t\t\t\t\t\t\t\t<\/div>\n\t\t\t\t<\/div>\n\t\t\t\t\t<\/div>\n\t\t<\/div>\n\t\t\t\t<div class=\"elementor-column elementor-col-50 elementor-top-column elementor-element elementor-element-7f1b6c8f\" data-id=\"7f1b6c8f\" data-element_type=\"column\" data-e-type=\"column\">\n\t\t\t<div class=\"elementor-widget-wrap elementor-element-populated\">\n\t\t\t\t\t\t<section class=\"elementor-section elementor-inner-section elementor-element elementor-element-6e6f3aa4 elementor-section-boxed elementor-section-height-default elementor-section-height-default\" data-id=\"6e6f3aa4\" data-element_type=\"section\" data-e-type=\"section\">\n\t\t\t\t\t\t<div class=\"elementor-container elementor-column-gap-no\">\n\t\t\t\t\t<div class=\"elementor-column elementor-col-100 elementor-inner-column elementor-element elementor-element-60987f1f\" data-id=\"60987f1f\" data-element_type=\"column\" data-e-type=\"column\" data-settings=\"{&quot;background_background&quot;:&quot;classic&quot;}\">\n\t\t\t<div class=\"elementor-widget-wrap elementor-element-populated\">\n\t\t\t\t\t<div class=\"elementor-background-overlay\"><\/div>\n\t\t\t\t\t\t<div class=\"elementor-element elementor-element-437a5b84 elementor-widget-divider--separator-type-pattern elementor-widget-divider--view-line elementor-widget elementor-widget-divider\" data-id=\"437a5b84\" data-element_type=\"widget\" data-e-type=\"widget\" data-widget_type=\"divider.default\">\n\t\t\t\t<div class=\"elementor-widget-container\">\n\t\t\t\t\t\t\t<div class=\"elementor-divider\" style=\"--divider-pattern-url: url(&quot;data:image\/svg+xml,%3Csvg xmlns=&#039;http:\/\/www.w3.org\/2000\/svg&#039; preserveAspectRatio=&#039;none&#039; overflow=&#039;visible&#039; height=&#039;100%&#039; viewBox=&#039;0 0 24 24&#039; fill=&#039;none&#039; stroke=&#039;black&#039; stroke-width=&#039;4&#039; stroke-linecap=&#039;square&#039; stroke-miterlimit=&#039;10&#039;%3E%3Cpolyline points=&#039;0,18 12,6 24,18 &#039;\/%3E%3C\/svg%3E&quot;);\">\n\t\t\t<span class=\"elementor-divider-separator\">\n\t\t\t\t\t\t<\/span>\n\t\t<\/div>\n\t\t\t\t\t\t<\/div>\n\t\t\t\t<\/div>\n\t\t\t\t<div class=\"elementor-element elementor-element-52e22761 elementor-widget elementor-widget-heading\" data-id=\"52e22761\" data-element_type=\"widget\" data-e-type=\"widget\" data-widget_type=\"heading.default\">\n\t\t\t\t<div class=\"elementor-widget-container\">\n\t\t\t\t\t<h3 class=\"elementor-heading-title elementor-size-default\">Jos\u00e9 Maria Pereira de Godoy<\/h3>\t\t\t\t<\/div>\n\t\t\t\t<\/div>\n\t\t\t\t\t<\/div>\n\t\t<\/div>\n\t\t\t\t\t<\/div>\n\t\t<\/section>\n\t\t\t\t<div class=\"elementor-element elementor-element-397deaca elementor-widget elementor-widget-text-editor\" data-id=\"397deaca\" data-element_type=\"widget\" data-e-type=\"widget\" data-widget_type=\"text-editor.default\">\n\t\t\t\t<div class=\"elementor-widget-container\">\n\t\t\t\t\t\t\t\t\t<p><b>1999 &#8211; 2002 &#8211; <\/b><strong>PhD in Gesundheitswissenschaften.\u00a0<\/strong><\/p><p><span style=\"font-weight: 400;\">Medizinische Fakult\u00e4t S\u00e3o Jos\u00e9 do Rio Preto, FAMERP, S\u00e3o Jos\u00e9 do Rio Preto, Brasilien<\/span><\/p><p><span style=\"font-weight: 400;\">Titel: Entwicklung und Bewertung eines Filters f\u00fcr die untere Hohlvene: Stent-Filter, Jahr der Fertigstellung: 2002<\/span><\/p><p><span style=\"font-weight: 400;\">Betreuer: Prof. Dr. Domingo Marcolino Braile<\/span><\/p><p><strong>1994 &#8211; 1997\u00a0 &#8211;\u00a0 <\/strong><span style=\"font-weight: 400;\"><strong>Master in Gesundheitswissenschaften.<\/strong>\u00a0<\/span><\/p><p><span style=\"font-weight: 400;\">Medizinische Fakult\u00e4t S\u00e3o Jos\u00e9 do Rio Preto, FAMERP, S\u00e3o Jos\u00e9 do Rio Preto, Brasilien<\/span><\/p><p><span style=\"font-weight: 400;\">Titel: Pr\u00e4valenz von Antiphospholipid-Antik\u00f6rpern bei peripherer Thrombose, Erstellungsjahr: 1997<\/span><\/p><p><span style=\"font-weight: 400;\">Betreuer: Prof. Dr. Moacir Fernandes de Godoy<\/span><\/p><p><strong>1985 - 1987 - Spezialisierung in der Facharztausbildung f\u00fcr Allgemeinchirurgie.\u00a0<\/strong><\/p><p><span style=\"font-weight: 400;\">Medizinische Fakult\u00e4t S\u00e3o Jos\u00e9 do Rio Preto, FAMERP, S\u00e3o Jos\u00e9 do Rio Preto, Brasilien<\/span><\/p><p><strong>1987 - 1987 - Spezialisierung in Allgemeiner Chirurgie.\u00a0<\/strong><\/p><p><span style=\"font-weight: 400;\">Medizinische Fakult\u00e4t S\u00e3o Jos\u00e9 do Rio Preto, FAMERP, S\u00e3o Jos\u00e9 do Rio Preto, Brasilien<\/span><\/p><p><strong>1979 - 1984 - Studium der Medizin.\u00a0<\/strong><\/p><p><span style=\"font-weight: 400;\">Medizinische Fakult\u00e4t S\u00e3o Jos\u00e9 do Rio Preto, FAMERP, S\u00e3o Jos\u00e9 do Rio Preto, Brasilien<\/span><\/p><p><b>Livre-doc\u00eancia<\/b><\/p><p><strong>2005 - Habilitation .\u00a0<\/strong><\/p><p><span style=\"font-weight: 400;\">Medizinische Fakult\u00e4t S\u00e3o Jos\u00e9 do Rio Preto, FAMERP, S\u00e3o Jos\u00e9 do Rio Preto, Brasilien<\/span><\/p><p><span style=\"font-weight: 400;\">Titel: Beitr\u00e4ge zur Behandlung von Lymph\u00f6demen, Jahr des Erhalts: 2005<\/span><\/p>\t\t\t\t\t\t\t\t<\/div>\n\t\t\t\t<\/div>\n\t\t\t\t\t<\/div>\n\t\t<\/div>\n\t\t\t\t\t<\/div>\n\t\t<\/section>\n\t\t\t\t<section class=\"elementor-section elementor-top-section elementor-element elementor-element-6922f8ff elementor-section-boxed elementor-section-height-default elementor-section-height-default\" data-id=\"6922f8ff\" data-element_type=\"section\" data-e-type=\"section\">\n\t\t\t\t\t\t\t<div class=\"elementor-background-overlay\"><\/div>\n\t\t\t\t\t\t\t<div class=\"elementor-container elementor-column-gap-no\">\n\t\t\t\t\t<div class=\"elementor-column elementor-col-100 elementor-top-column elementor-element elementor-element-1e9a088f\" data-id=\"1e9a088f\" data-element_type=\"column\" data-e-type=\"column\">\n\t\t\t<div class=\"elementor-widget-wrap elementor-element-populated\">\n\t\t\t\t\t\t<div class=\"elementor-element elementor-element-564f33f9 elementor-widget elementor-widget-heading\" data-id=\"564f33f9\" data-element_type=\"widget\" data-e-type=\"widget\" data-widget_type=\"heading.default\">\n\t\t\t\t<div class=\"elementor-widget-container\">\n\t\t\t\t\t<h5 class=\"elementor-heading-title elementor-size-default\">Erlebnisse:<\/h5>\t\t\t\t<\/div>\n\t\t\t\t<\/div>\n\t\t\t\t<div class=\"elementor-element elementor-element-799fc5e8 elementor-widget elementor-widget-text-editor\" data-id=\"799fc5e8\" data-element_type=\"widget\" data-e-type=\"widget\" data-widget_type=\"text-editor.default\">\n\t\t\t\t<div class=\"elementor-widget-container\">\n\t\t\t\t\t\t\t\t\t<ol><li><b><\/b> <b>Medizinische Fakult\u00e4t S\u00e3o Jos\u00e9 do Rio Preto - FAMERP<\/b><\/li><\/ol><p><b>Institutionelle Verbindung<\/b><\/p><p><b>1997 - Gegenwart\u00a0 <\/b> <span style=\"font-weight: 400;\">Thema: Outro , Funktionsumfang: Professor Adjunto , Tempo: 40, Regime: Integral\u00a0<\/span><\/p><p><span style=\"font-weight: 400;\">Weitere Informationen:\u00a0<\/span><\/p><p><span style=\"font-weight: 400;\">Au\u00dferordentlicher Professor<\/span><\/p><p>\u00a0<\/p><p><b>1987 &#8211; 1997 \u00a0 <\/b> <span style=\"font-weight: 400;\">Titel: Outro , Funktionsbeschreibung: Professor Auxiliar de Ensino , Tempo: 40, Regime: Integral\u00a0<\/span><\/p><p><b>Aktivit\u00e4ten<\/b><\/p><p><b>04\/2005 - Gegenwart<\/b> <span style=\"font-weight: 400;\">Forschung und Entwicklung, Abteilung f\u00fcr Kardiologie und kardiovaskul\u00e4re Chirurgie<\/span><\/p><p><i><span style=\"font-weight: 400;\">Forschungslinien:<\/span><\/i><\/p><p><i><span style=\"font-weight: 400;\">Epidemiologische Aspekte des Traumas und des Gef\u00e4\u00dftraumas<\/span><\/i><\/p><p>\u00a0<\/p><p><b>04\/2005 &#8211; 04\/2006<\/b> <span style=\"font-weight: 400;\">Verbesserung<\/span><\/p><p><i><span style=\"font-weight: 400;\">Spezifikation:\u00a0<\/span><\/i><\/p><p><i><span style=\"font-weight: 400;\">Physiologie und Pathophysiologie des lymphatischen Systems<\/span><\/i><\/p><p>\u00a0<\/p><p><b>04\/2005 &#8211; 04\/2006<\/b> <span style=\"font-weight: 400;\">Verbesserung<\/span><\/p><p><i><span style=\"font-weight: 400;\">Spezifikation:\u00a0<\/span><\/i><\/p><p><i><span style=\"font-weight: 400;\">Diagnose und Behandlung von Lymph\u00f6demen<\/span><\/i><\/p><p>\u00a0<\/p><p><b>03\/2005 &#8211; 07\/2006<\/b> <span style=\"font-weight: 400;\">Nachdiplomstudium, Gesundheitswissenschaften<\/span><\/p><p><i><span style=\"font-weight: 400;\">Unterrichtete F\u00e4cher:\u00a0<\/span><\/i><\/p><p><i><span style=\"font-weight: 400;\">Ged\u00e4chtnis, Intelligenz und Kreativit\u00e4t in der Forschung: Praktische Aspekte<\/span><\/i><\/p><p>\u00a0<\/p><p><b>03\/2004 &#8211; 03\/2005<\/b> <span style=\"font-weight: 400;\">Verbesserung<\/span><\/p><p><i><span style=\"font-weight: 400;\">Spezifikation:\u00a0<\/span><\/i><\/p><p><i><span style=\"font-weight: 400;\">Diagnose und Behandlung von Lymph\u00f6demen<\/span><\/i><\/p><p>\u00a0<\/p><p><b>03\/2004 &#8211; 03\/2005<\/b> <span style=\"font-weight: 400;\">Verbesserung<\/span><\/p><p><i><span style=\"font-weight: 400;\">Spezifikation:\u00a0<\/span><\/i><\/p><p><i><span style=\"font-weight: 400;\">Godoy Lymphdrainage-Technik<\/span><\/i><\/p><p>\u00a0<\/p><p><b>03\/2004 &#8211; 03\/2005<\/b> <span style=\"font-weight: 400;\">Verbesserung<\/span><\/p><p><i><span style=\"font-weight: 400;\">Spezifikation:\u00a0<\/span><\/i><\/p><p><i><span style=\"font-weight: 400;\">Physiologie und Pathophysiologie des lymphatischen Systems<\/span><\/i><\/p><p>\u00a0<\/p><p><b>02\/2004 &#8211; 11\/2004<\/b> <span style=\"font-weight: 400;\">Undergraduate, Gef\u00e4\u00dfchirurgie<\/span><\/p><p><i><span style=\"font-weight: 400;\">Unterrichtete F\u00e4cher:\u00a0<\/span><\/i><\/p><p><i><span style=\"font-weight: 400;\">Diabetischer Fu\u00df , Lymphatisches System<\/span><\/i><\/p><p>\u00a0<\/p><p><b>09\/2003 &#8211; 09\/2004<\/b> <span style=\"font-weight: 400;\">Verbesserung<\/span><\/p><p><i><span style=\"font-weight: 400;\">Spezifikation:\u00a0<\/span><\/i><\/p><p><i><span style=\"font-weight: 400;\">Physiologie und Pathophysiologie des lymphatischen Systems<\/span><\/i><\/p><p>\u00a0<\/p><p><b>09\/2003 &#8211; 09\/2004<\/b> <span style=\"font-weight: 400;\">Verbesserung<\/span><\/p><p><i><span style=\"font-weight: 400;\">Spezifikation:\u00a0<\/span><\/i><\/p><p><i><span style=\"font-weight: 400;\">Diagnose und Behandlung von Lymph\u00f6demen<\/span><\/i><\/p><p>\u00a0<\/p><p><b>09\/2003 &#8211; 09\/2004<\/b> <span style=\"font-weight: 400;\">Verbesserung<\/span><\/p><p><i><span style=\"font-weight: 400;\">Spezifikation:\u00a0<\/span><\/i><\/p><p><i><span style=\"font-weight: 400;\">Godoy Lymphdrainage-Technik<\/span><\/i><\/p><p>\u00a0<\/p><p><b>09\/2003 &#8211; 09\/2004<\/b> <span style=\"font-weight: 400;\">Verbesserung<\/span><\/p><p><i><span style=\"font-weight: 400;\">Spezifikation:\u00a0<\/span><\/i><\/p><p><i><span style=\"font-weight: 400;\">Physiologie und Pathophysiologie des lymphatischen Systems<\/span><\/i><\/p><p>\u00a0<\/p><p><b>02\/1997 - Gegenwart<\/b> <span style=\"font-weight: 400;\">Forschung und Entwicklung, Abteilung f\u00fcr Kardiologie und kardiovaskul\u00e4re Chirurgie<\/span><\/p><p><i><span style=\"font-weight: 400;\">Forschungslinien:<\/span><\/i><\/p><p><i><span style=\"font-weight: 400;\">COVID 19<\/span><\/i><\/p><p>\u00a0<\/p><p><b>02\/1996 - Gegenwart<\/b> <span style=\"font-weight: 400;\">Forschung und Entwicklung, Staat, Abteilung f\u00fcr Angiologie und kardiovaskul\u00e4re Chirurgie<\/span><\/p><p><i><span style=\"font-weight: 400;\">Forschungslinien:<\/span><\/i><\/p><p><i><span style=\"font-weight: 400;\">Entwicklung von Materialien im Gesundheitswesen , Diagnose und Behandlung von arteriellen, ven\u00f6sen und lymphatischen Erkrankungen<\/span><\/i><\/p><p>\u00a0<\/p><p><b>01\/1988 - Gegenwart<\/b> <span style=\"font-weight: 400;\">Spezialisierter technischer Dienst, Staat, Abteilung f\u00fcr Angiologie und kardiovaskul\u00e4re Chirurgie<\/span><\/p><p><i><span style=\"font-weight: 400;\">Spezifikation:\u00a0<\/span><\/i><\/p><p><i><span style=\"font-weight: 400;\">Angiologie, Gef\u00e4\u00dfchirurgie und Lymphologie<\/span><\/i><\/p><p>\u00a0<\/p>\t\t\t\t\t\t\t\t<\/div>\n\t\t\t\t<\/div>\n\t\t\t\t\t<\/div>\n\t\t<\/div>\n\t\t\t\t\t<\/div>\n\t\t<\/section>\n\t\t\t\t<\/div>\n\t\t\n    <div class=\"xs_social_share_widget xs_share_url after_content \t\tmain_content  wslu-style-1 wslu-share-box-shaped wslu-fill-colored wslu-none wslu-share-horizontal wslu-theme-font-no wslu-main_content\">\n\n\t\t\n        <ul>\n\t\t\t        <\/ul>\n    <\/div>","protected":false},"excerpt":{"rendered":"<p>Professores 1999 &#8211; 2002 &#8211; Doutorado\u00a0 em Ci\u00eancias da Sa\u00fade.\u00a0 Faculdade de Medicina de S\u00e3o Jos\u00e9 do Rio Preto, FAMERP, Sao Jose Do Rio Preto, Brasil T\u00edtulo: Desenvolvimento e Avalia\u00e7\u00e3o de Filtro para Veia Cava Inferior: Stent-filtro, Ano de obten\u00e7\u00e3o: 2002 Orientador: Prof Dr. Domingo Marcolino Braile 1994 &#8211; 1997\u00a0 &#8211;\u00a0 Mestrado\u00a0 em Ci\u00eancias da [&hellip;]<\/p>\n","protected":false},"author":4,"featured_media":0,"parent":2227,"menu_order":0,"comment_status":"closed","ping_status":"closed","template":"","meta":{"footnotes":""},"class_list":["post-2291","page","type-page","status-publish","hentry"],"_links":{"self":[{"href":"https:\/\/hmkeducation.com\/de\/wp-json\/wp\/v2\/pages\/2291","targetHints":{"allow":["GET"]}}],"collection":[{"href":"https:\/\/hmkeducation.com\/de\/wp-json\/wp\/v2\/pages"}],"about":[{"href":"https:\/\/hmkeducation.com\/de\/wp-json\/wp\/v2\/types\/page"}],"author":[{"embeddable":true,"href":"https:\/\/hmkeducation.com\/de\/wp-json\/wp\/v2\/users\/4"}],"replies":[{"embeddable":true,"href":"https:\/\/hmkeducation.com\/de\/wp-json\/wp\/v2\/comments?post=2291"}],"version-history":[{"count":0,"href":"https:\/\/hmkeducation.com\/de\/wp-json\/wp\/v2\/pages\/2291\/revisions"}],"up":[{"embeddable":true,"href":"https:\/\/hmkeducation.com\/de\/wp-json\/wp\/v2\/pages\/2227"}],"wp:attachment":[{"href":"https:\/\/hmkeducation.com\/de\/wp-json\/wp\/v2\/media?parent=2291"}],"curies":[{"name":"wp","href":"https:\/\/api.w.org\/{rel}","templated":true}]}}