{"id":2305,"date":"2023-04-03T17:33:35","date_gmt":"2023-04-03T17:33:35","guid":{"rendered":"https:\/\/hmkeducation.com?page_id=2305"},"modified":"2023-04-03T17:38:19","modified_gmt":"2023-04-03T17:38:19","slug":"maria-de-fatima-guerreiro-godoy","status":"publish","type":"page","link":"https:\/\/hmkeducation.com\/de\/professores\/maria-de-fatima-guerreiro-godoy\/","title":{"rendered":"Maria de Fatima Guerreiro Godoy"},"content":{"rendered":"<div data-elementor-type=\"wp-page\" data-elementor-id=\"2305\" class=\"elementor elementor-2305\" data-elementor-settings=\"{&quot;ha_cmc_init_switcher&quot;:&quot;no&quot;}\" data-elementor-post-type=\"page\">\n\t\t\t\t\t\t<section class=\"elementor-section elementor-top-section elementor-element elementor-element-3f979625 elementor-section-height-min-height elementor-section-content-middle elementor-section-boxed elementor-section-height-default elementor-section-items-middle\" data-id=\"3f979625\" data-element_type=\"section\" data-e-type=\"section\" data-settings=\"{&quot;background_background&quot;:&quot;classic&quot;}\">\n\t\t\t\t\t\t\t<div class=\"elementor-background-overlay\"><\/div>\n\t\t\t\t\t\t\t<div class=\"elementor-container elementor-column-gap-no\">\n\t\t\t\t\t<div class=\"elementor-column elementor-col-100 elementor-top-column elementor-element elementor-element-5dfd5284\" data-id=\"5dfd5284\" data-element_type=\"column\" data-e-type=\"column\" data-settings=\"{&quot;background_background&quot;:&quot;classic&quot;}\">\n\t\t\t<div class=\"elementor-widget-wrap elementor-element-populated\">\n\t\t\t\t\t\t<div class=\"elementor-element elementor-element-7c6aae96 elementor-widget elementor-widget-heading\" data-id=\"7c6aae96\" data-element_type=\"widget\" data-e-type=\"widget\" data-widget_type=\"heading.default\">\n\t\t\t\t<div class=\"elementor-widget-container\">\n\t\t\t\t\t<h1 class=\"elementor-heading-title elementor-size-default\">Lehrerinnen und Lehrer<\/h1>\t\t\t\t<\/div>\n\t\t\t\t<\/div>\n\t\t\t\t\t<\/div>\n\t\t<\/div>\n\t\t\t\t\t<\/div>\n\t\t<\/section>\n\t\t\t\t<section class=\"elementor-section elementor-top-section elementor-element elementor-element-71051f5d elementor-section-boxed elementor-section-height-default elementor-section-height-default\" data-id=\"71051f5d\" data-element_type=\"section\" data-e-type=\"section\">\n\t\t\t\t\t\t\t<div class=\"elementor-background-overlay\"><\/div>\n\t\t\t\t\t\t\t<div class=\"elementor-container elementor-column-gap-no\">\n\t\t\t\t\t<div class=\"elementor-column elementor-col-50 elementor-top-column elementor-element elementor-element-866e7ec\" data-id=\"866e7ec\" data-element_type=\"column\" data-e-type=\"column\">\n\t\t\t<div class=\"elementor-widget-wrap elementor-element-populated\">\n\t\t\t\t\t\t<div class=\"elementor-element elementor-element-f9e1a25 elementor-widget elementor-widget-image\" data-id=\"f9e1a25\" data-element_type=\"widget\" data-e-type=\"widget\" data-widget_type=\"image.default\">\n\t\t\t\t<div class=\"elementor-widget-container\">\n\t\t\t\t\t\t\t\t\t\t\t\t\t\t\t<img fetchpriority=\"high\" decoding=\"async\" width=\"512\" height=\"512\" src=\"https:\/\/hmkeducation.com\/wp-content\/uploads\/2023\/04\/5.jpg\" class=\"attachment-full size-full wp-image-2234\" alt=\"\" srcset=\"https:\/\/hmkeducation.com\/wp-content\/uploads\/2023\/04\/5.jpg 512w, https:\/\/hmkeducation.com\/wp-content\/uploads\/2023\/04\/5-300x300.jpg 300w, https:\/\/hmkeducation.com\/wp-content\/uploads\/2023\/04\/5-150x150.jpg 150w, https:\/\/hmkeducation.com\/wp-content\/uploads\/2023\/04\/5-12x12.jpg 12w\" sizes=\"(max-width: 512px) 100vw, 512px\" \/>\t\t\t\t\t\t\t\t\t\t\t\t\t\t\t<\/div>\n\t\t\t\t<\/div>\n\t\t\t\t\t<\/div>\n\t\t<\/div>\n\t\t\t\t<div class=\"elementor-column elementor-col-50 elementor-top-column elementor-element elementor-element-1d6b90ee\" data-id=\"1d6b90ee\" data-element_type=\"column\" data-e-type=\"column\">\n\t\t\t<div class=\"elementor-widget-wrap elementor-element-populated\">\n\t\t\t\t\t\t<section class=\"elementor-section elementor-inner-section elementor-element elementor-element-6549e65d elementor-section-boxed elementor-section-height-default elementor-section-height-default\" data-id=\"6549e65d\" data-element_type=\"section\" data-e-type=\"section\">\n\t\t\t\t\t\t<div class=\"elementor-container elementor-column-gap-no\">\n\t\t\t\t\t<div class=\"elementor-column elementor-col-100 elementor-inner-column elementor-element elementor-element-28acf4e4\" data-id=\"28acf4e4\" data-element_type=\"column\" data-e-type=\"column\" data-settings=\"{&quot;background_background&quot;:&quot;classic&quot;}\">\n\t\t\t<div class=\"elementor-widget-wrap elementor-element-populated\">\n\t\t\t\t\t<div class=\"elementor-background-overlay\"><\/div>\n\t\t\t\t\t\t<div class=\"elementor-element elementor-element-557d887 elementor-widget-divider--separator-type-pattern elementor-widget-divider--view-line elementor-widget elementor-widget-divider\" data-id=\"557d887\" data-element_type=\"widget\" data-e-type=\"widget\" data-widget_type=\"divider.default\">\n\t\t\t\t<div class=\"elementor-widget-container\">\n\t\t\t\t\t\t\t<div class=\"elementor-divider\" style=\"--divider-pattern-url: url(&quot;data:image\/svg+xml,%3Csvg xmlns=&#039;http:\/\/www.w3.org\/2000\/svg&#039; preserveAspectRatio=&#039;none&#039; overflow=&#039;visible&#039; height=&#039;100%&#039; viewBox=&#039;0 0 24 24&#039; fill=&#039;none&#039; stroke=&#039;black&#039; stroke-width=&#039;4&#039; stroke-linecap=&#039;square&#039; stroke-miterlimit=&#039;10&#039;%3E%3Cpolyline points=&#039;0,18 12,6 24,18 &#039;\/%3E%3C\/svg%3E&quot;);\">\n\t\t\t<span class=\"elementor-divider-separator\">\n\t\t\t\t\t\t<\/span>\n\t\t<\/div>\n\t\t\t\t\t\t<\/div>\n\t\t\t\t<\/div>\n\t\t\t\t<div class=\"elementor-element elementor-element-4f6399c7 elementor-widget elementor-widget-heading\" data-id=\"4f6399c7\" data-element_type=\"widget\" data-e-type=\"widget\" data-widget_type=\"heading.default\">\n\t\t\t\t<div class=\"elementor-widget-container\">\n\t\t\t\t\t<h3 class=\"elementor-heading-title elementor-size-default\">Maria de Fatima Guerreiro Godoy<\/h3>\t\t\t\t<\/div>\n\t\t\t\t<\/div>\n\t\t\t\t\t<\/div>\n\t\t<\/div>\n\t\t\t\t\t<\/div>\n\t\t<\/section>\n\t\t\t\t<div class=\"elementor-element elementor-element-5714c6dc elementor-widget elementor-widget-text-editor\" data-id=\"5714c6dc\" data-element_type=\"widget\" data-e-type=\"widget\" data-widget_type=\"text-editor.default\">\n\t\t\t\t<div class=\"elementor-widget-container\">\n\t\t\t\t\t\t\t\t\t<p><b>Akademische Ausbildung\/Bildung<\/b><\/p><p>\u00a0<\/p><p><b>2002 &#8211; 2006 <\/b> <span style=\"font-weight: 400;\">PhD in Gesundheitswissenschaften.\u00a0<\/span><\/p><p><span style=\"font-weight: 400;\">Medizinische Fakult\u00e4t S\u00e3o Jos\u00e9 do Rio Preto, FAMERP, S\u00e3o Jos\u00e9 do Rio Preto, Brasilien<\/span><\/p><p><span style=\"font-weight: 400;\">Titel: Evaluierung der beruflichen T\u00e4tigkeit im Alltag als Lymphomyokinese-Form in der Behandlung des Lymph\u00f6dems der oberen Extremit\u00e4ten, Abschlussjahr: 2006<\/span><\/p><p><span style=\"font-weight: 400;\">Betreuer: Prof. Dr. Domingo Marcolino Braile<\/span><\/p><p>\u00a0<\/p><p><b>1993 &#8211; 1996 <\/b> <span style=\"font-weight: 400;\">Master in Psychologie.\u00a0<\/span><\/p><p><span style=\"font-weight: 400;\">P\u00e4pstliche Katholische Universit\u00e4t von Campinas, PUC Campinas, Campinas, Brasilien<\/span><\/p><p><span style=\"font-weight: 400;\">Titel: Kreativit\u00e4t und lebendige Integration mit \u00e4lteren Menschen, Abschlussjahr: 1996<\/span><\/p><p><span style=\"font-weight: 400;\">Beraterin: Solange M\u00faglia Wechsler<\/span><\/p><p><span style=\"font-weight: 400;\">Stipendium von: Koordination f\u00fcr die Verbesserung des h\u00f6heren Personals<\/span><\/p><p>\u00a0<\/p><p><b>1981 &#8211; 1984 <\/b> <span style=\"font-weight: 400;\">Abschluss in Besch\u00e4ftigungstherapie.\u00a0<\/span><\/p><p><span style=\"font-weight: 400;\">Methodistische Universit\u00e4t von Piracicaba, UNIMEP, Piracicaba, Brasilien<\/span><\/p><p><b>Postdoktoranden-Stipendium<\/b><\/p><p>\u00a0<\/p><p><b>2010 &#8211; 2011 <\/b> <span style=\"font-weight: 400;\">Post-Doktorat .\u00a0<\/span><\/p><p><span style=\"font-weight: 400;\">Medizinische Fakult\u00e4t S\u00e3o Jos\u00e9 do Rio Preto, FAMERP, S\u00e3o Jos\u00e9 do Rio Preto, Brasilien<\/span><\/p><p><span style=\"font-weight: 400;\">Stipendium von: Koordination f\u00fcr die Verbesserung des h\u00f6heren Personals<\/span><\/p><p><b>Erg\u00e4nzende Ausbildung<\/b><\/p><p>\u00a0<\/p><p><b>1999 &#8211; 1999 <\/b> <span style=\"font-weight: 400;\">Andere.\u00a0<\/span><\/p><p><span style=\"font-weight: 400;\">Brasilianisches Institut f\u00fcr Forschung und Lehre, IBRAPE, Brasilien<\/span><\/p><p>\u00a0<\/p><p><b>1996 &#8211; 1996 <\/b> <span style=\"font-weight: 400;\">Erweiterung der Universit\u00e4t (Kursdauer: 6 Stunden).<\/span><\/p><p><span style=\"font-weight: 400;\">Medizinische Fakult\u00e4t S\u00e3o Jos\u00e9 do Rio Preto, FAMERP, S\u00e3o Jos\u00e9 do Rio Preto, Brasilien<\/span><\/p><p>\u00a0<\/p><p><b>1996 &#8211; 1996 <\/b> <span style=\"font-weight: 400;\">Andere.\u00a0<\/span><\/p><p><span style=\"font-weight: 400;\">Internationale Gesellschaft f\u00fcr Lymphologie, ISL, Spanien<\/span><\/p><p>\u00a0<\/p><p><b>1993 &#8211; 1993 <\/b> <span style=\"font-weight: 400;\">Erweiterung der Universit\u00e4t (Kursdauer: 6 Stunden).<\/span><\/p><p><span style=\"font-weight: 400;\">P\u00e4pstliche Katholische Universit\u00e4t von Campinas, PUC Campinas, Campinas, Brasilien<\/span><\/p><p>\u00a0<\/p><p><b>1993 &#8211; 1993 <\/b> <span style=\"font-weight: 400;\">Erweiterung der Universit\u00e4t (Kursdauer: 8 Stunden).<\/span><\/p><p><span style=\"font-weight: 400;\">P\u00e4pstliche Katholische Universit\u00e4t von Campinas, PUC Campinas, Campinas, Brasilien<\/span><\/p>\t\t\t\t\t\t\t\t<\/div>\n\t\t\t\t<\/div>\n\t\t\t\t\t<\/div>\n\t\t<\/div>\n\t\t\t\t\t<\/div>\n\t\t<\/section>\n\t\t\t\t<section class=\"elementor-section elementor-top-section elementor-element elementor-element-ac0fcc0 elementor-section-boxed elementor-section-height-default elementor-section-height-default\" data-id=\"ac0fcc0\" data-element_type=\"section\" data-e-type=\"section\">\n\t\t\t\t\t\t\t<div class=\"elementor-background-overlay\"><\/div>\n\t\t\t\t\t\t\t<div class=\"elementor-container elementor-column-gap-no\">\n\t\t\t\t\t<div class=\"elementor-column elementor-col-100 elementor-top-column elementor-element elementor-element-68e7a94b\" data-id=\"68e7a94b\" data-element_type=\"column\" data-e-type=\"column\">\n\t\t\t<div class=\"elementor-widget-wrap elementor-element-populated\">\n\t\t\t\t\t\t<div class=\"elementor-element elementor-element-7e05a404 elementor-widget elementor-widget-heading\" data-id=\"7e05a404\" data-element_type=\"widget\" data-e-type=\"widget\" data-widget_type=\"heading.default\">\n\t\t\t\t<div class=\"elementor-widget-container\">\n\t\t\t\t\t<h5 class=\"elementor-heading-title elementor-size-default\">Erfahrung: <\/h5>\t\t\t\t<\/div>\n\t\t\t\t<\/div>\n\t\t\t\t<div class=\"elementor-element elementor-element-1fee2c41 elementor-widget elementor-widget-text-editor\" data-id=\"1fee2c41\" data-element_type=\"widget\" data-e-type=\"widget\" data-widget_type=\"text-editor.default\">\n\t\t\t\t<div class=\"elementor-widget-container\">\n\t\t\t\t\t\t\t\t\t<ol><li><b><\/b> <b>Medizinische Fakult\u00e4t S\u00e3o Jos\u00e9 do Rio Preto - FAMERP<\/b><\/li><\/ol><p><b>Institutionelle Verbindung<\/b><\/p><p><b>2007 - Aktuell\u00a0 <\/b> <span style=\"font-weight: 400;\">V\u00ednculo: Colaborador , Funktioneller Rahmen: Gastdozent im Aufbaustudiengang, Regime: Partiell\u00a0<\/span><\/p><p><span style=\"font-weight: 400;\">Weitere Informationen:\u00a0<\/span><\/p><p><span style=\"font-weight: 400;\">Entwickeltes Forschungsprojekt:Bewertung von \u00dcbungen bei Lymph\u00f6demen der unteren Gliedma\u00dfen in Verbindung mit dem Containment-MechanismusBewertung der Lymphtherapie in isolierten Lymphketten zur Verringerung von Lymph\u00f6demen nach Behandlung von BrustkrebsBewertung von Angst, Depression und K\u00f6rperbild bei Frauen mit Lymph\u00f6demen nach Behandlung von Brustkrebs<\/span><\/p><p>\u00a0<\/p><p><b style=\"color: var( --e-global-color-text ); font-family: var( --e-global-typography-f500460-font-family ), Sans-serif; font-size: var( --e-global-typography-f500460-font-size ); letter-spacing: var( --e-global-typography-f500460-letter-spacing ); word-spacing: var( --e-global-typography-f500460-word-spacing );\">Aktivit\u00e4ten<\/b><\/p><p><b>02\/2016 - Aktuell<\/b> <span style=\"font-weight: 400;\">Forschung und Entwicklung, Medizinische Hochschule Rio Preto<\/span><\/p><p><i><span style=\"font-weight: 400;\">Forschungslinien:<\/span><\/i><\/p><p><i><span style=\"font-weight: 400;\">Bewertung von \u00dcbungen bei Lymph\u00f6demen der unteren Gliedma\u00dfen , Bewertung von \u00dcbungen bei Lymph\u00f6demen der oberen Gliedma\u00dfen , Behandlung von Lymph\u00f6demen bei Kindern , Berufliche Rehabilitation bei der Behandlung von Lymph\u00f6demen<\/span><\/i><\/p><p>\u00a0<\/p><ol start=\"2\"><li><b><\/b> <b>Vaskul\u00e4res Laserzentrum - VASCULAR<\/b><\/li><\/ol><p><b style=\"color: var( --e-global-color-text ); font-family: var( --e-global-typography-f500460-font-family ), Sans-serif; font-size: var( --e-global-typography-f500460-font-size ); letter-spacing: var( --e-global-typography-f500460-letter-spacing ); word-spacing: var( --e-global-typography-f500460-word-spacing );\">Institutionelle Verbindung<\/b><\/p><p><b>2000 - Gegenwart\u00a0 <\/b> <span style=\"font-weight: 400;\">T\u00e4tigkeit: Colaborador , Funktionsbeschreibung: Colaborardor de pesquisa, Regime: Parcial\u00a0<\/span><\/p><p><span style=\"font-weight: 400;\">Weitere Informationen:\u00a0<\/span><\/p><p><span style=\"font-weight: 400;\">Get\u00e4tigte Forschungsarbeiten:Bewertung der Verringerung von Lymph\u00f6demen der unteren Gliedma\u00dfen durch den Einsatz einer nicht-elastischen Fixierung als Monotherapie.Aufrechterhaltung der Ergebnisse bei der Behandlung von Lymph\u00f6demen durch den Einsatz eines Fixierungsmechanismus.Transdisziplin\u00e4rer Ansatz bei der Behandlung von Patienten mit Lymph\u00f6demen im Zusammenhang mit BrustkrebsVollst\u00e4ndige berufliche Rehabilitation als Ziel bei der Behandlung von Lymph\u00f6demen nach Brustkrebs<\/span><\/p><p>\u00a0<\/p><p><b style=\"color: var( --e-global-color-text ); font-family: var( --e-global-typography-f500460-font-family ), Sans-serif; font-size: var( --e-global-typography-f500460-font-size ); letter-spacing: var( --e-global-typography-f500460-letter-spacing ); word-spacing: var( --e-global-typography-f500460-word-spacing );\">Aktivit\u00e4ten<\/b><\/p><p><b>02\/2000 - Gegenwart<\/b> <span style=\"font-weight: 400;\">Nachdiplomstudium, Lymphtherapie: Godoy &amp; Godoy Methode<\/span><\/p><p><i><span style=\"font-weight: 400;\">Unterrichtete F\u00e4cher:\u00a0<\/span><\/i><\/p><p><i><span style=\"font-weight: 400;\">Lymph\u00f6dem-Rehabilitation Praxis-Koordination<\/span><\/i><\/p><p>\u00a0<\/p><p><b style=\"color: var( --e-global-color-text ); font-family: var( --e-global-typography-f500460-font-family ), Sans-serif; font-size: var( --e-global-typography-f500460-font-size ); letter-spacing: var( --e-global-typography-f500460-letter-spacing ); word-spacing: var( --e-global-typography-f500460-word-spacing );\">Forschungslinien<\/b><\/p><p>\u00a0<\/p><ol><li><b><\/b> <span style=\"font-weight: 400;\">Bewertung von \u00dcbungen bei Lymph\u00f6demen der oberen Gliedma\u00dfen<\/span><\/li><\/ol><ol start=\"2\"><li><b><\/b> <span style=\"font-weight: 400;\">Bewertung von \u00dcbungen bei Lymph\u00f6demen der unteren Gliedma\u00dfen<\/span><\/li><\/ol><ol start=\"3\"><li><b><\/b> <span style=\"font-weight: 400;\">Berufliche Rehabilitation bei der Behandlung von Lymph\u00f6demen<\/span><\/li><\/ol><ol start=\"4\"><li><b><\/b> <span style=\"font-weight: 400;\">Behandlung von Lymph\u00f6demen bei Kindern<\/span><\/li><\/ol>\t\t\t\t\t\t\t\t<\/div>\n\t\t\t\t<\/div>\n\t\t\t\t\t<\/div>\n\t\t<\/div>\n\t\t\t\t\t<\/div>\n\t\t<\/section>\n\t\t\t\t<\/div>\n\t\t\n    <div class=\"xs_social_share_widget xs_share_url after_content \t\tmain_content  wslu-style-1 wslu-share-box-shaped wslu-fill-colored wslu-none wslu-share-horizontal wslu-theme-font-no wslu-main_content\">\n\n\t\t\n        <ul>\n\t\t\t        <\/ul>\n    <\/div>","protected":false},"excerpt":{"rendered":"<p>Professores Forma\u00e7\u00e3o acad\u00eamica\/titula\u00e7\u00e3o \u00a0 2002 &#8211; 2006 Doutorado\u00a0 em Ci\u00eancias da Sa\u00fade.\u00a0 Faculdade de Medicina de S\u00e3o Jos\u00e9 do Rio Preto, FAMERP, Sao Jose Do Rio Preto, Brasil T\u00edtulo: Avalia\u00e7\u00e3o de atividade ocupacional de vida di\u00e1ria como forma linfomiocin\u00e9tica no tratamento do linfedema de membros superiores, Ano de obten\u00e7\u00e3o: 2006 Orientador: Prof Dr. Domingo Marcolino [&hellip;]<\/p>\n","protected":false},"author":4,"featured_media":0,"parent":2227,"menu_order":0,"comment_status":"closed","ping_status":"closed","template":"","meta":{"footnotes":""},"class_list":["post-2305","page","type-page","status-publish","hentry"],"_links":{"self":[{"href":"https:\/\/hmkeducation.com\/de\/wp-json\/wp\/v2\/pages\/2305","targetHints":{"allow":["GET"]}}],"collection":[{"href":"https:\/\/hmkeducation.com\/de\/wp-json\/wp\/v2\/pages"}],"about":[{"href":"https:\/\/hmkeducation.com\/de\/wp-json\/wp\/v2\/types\/page"}],"author":[{"embeddable":true,"href":"https:\/\/hmkeducation.com\/de\/wp-json\/wp\/v2\/users\/4"}],"replies":[{"embeddable":true,"href":"https:\/\/hmkeducation.com\/de\/wp-json\/wp\/v2\/comments?post=2305"}],"version-history":[{"count":0,"href":"https:\/\/hmkeducation.com\/de\/wp-json\/wp\/v2\/pages\/2305\/revisions"}],"up":[{"embeddable":true,"href":"https:\/\/hmkeducation.com\/de\/wp-json\/wp\/v2\/pages\/2227"}],"wp:attachment":[{"href":"https:\/\/hmkeducation.com\/de\/wp-json\/wp\/v2\/media?parent=2305"}],"curies":[{"name":"wp","href":"https:\/\/api.w.org\/{rel}","templated":true}]}}