{"id":4196,"date":"2024-04-03T02:47:51","date_gmt":"2024-04-03T02:47:51","guid":{"rendered":"https:\/\/hmkeducation.com\/?page_id=4196"},"modified":"2024-04-03T02:53:29","modified_gmt":"2024-04-03T02:53:29","slug":"politica-de-privacidade","status":"publish","type":"page","link":"https:\/\/hmkeducation.com\/de\/politica-de-privacidade\/","title":{"rendered":"Datenschutzbestimmungen"},"content":{"rendered":"<div data-elementor-type=\"wp-page\" data-elementor-id=\"4196\" class=\"elementor elementor-4196\" data-elementor-settings=\"{&quot;ha_cmc_init_switcher&quot;:&quot;no&quot;}\" data-elementor-post-type=\"page\">\n\t\t\t\t\t\t<section class=\"elementor-section elementor-top-section elementor-element elementor-element-1f14cca1 elementor-section-boxed elementor-section-height-default elementor-section-height-default\" data-id=\"1f14cca1\" data-element_type=\"section\" data-e-type=\"section\">\n\t\t\t\t\t\t<div class=\"elementor-container elementor-column-gap-default\">\n\t\t\t\t\t<div class=\"elementor-column elementor-col-100 elementor-top-column elementor-element elementor-element-2de5e844\" data-id=\"2de5e844\" data-element_type=\"column\" data-e-type=\"column\">\n\t\t\t<div class=\"elementor-widget-wrap elementor-element-populated\">\n\t\t\t\t\t\t<div class=\"elementor-element elementor-element-58fd5aa elementor-widget elementor-widget-heading\" data-id=\"58fd5aa\" data-element_type=\"widget\" data-e-type=\"widget\" data-widget_type=\"heading.default\">\n\t\t\t\t<div class=\"elementor-widget-container\">\n\t\t\t\t\t<h1 class=\"elementor-heading-title elementor-size-default\">DATENSCHUTZPOLITIK<\/h1>\t\t\t\t<\/div>\n\t\t\t\t<\/div>\n\t\t\t\t<div class=\"elementor-element elementor-element-787b9927 elementor-widget elementor-widget-text-editor\" data-id=\"787b9927\" data-element_type=\"widget\" data-e-type=\"widget\" data-widget_type=\"text-editor.default\">\n\t\t\t\t<div class=\"elementor-widget-container\">\n\t\t\t\t\t\t\t\t\t<p><\/p>\n<p><\/p>\n<p><\/p>\n<h2 class=\"wp-block-heading\">Kommentare<\/h2>\n<p><\/p>\n<p><\/p>\n<p>Wenn Besucher Kommentare auf der Website hinterlassen, erfassen wir die im Kommentarformular angezeigten Daten sowie die IP-Adresse und die Browserdaten des Besuchers, um Spam zu erkennen.<\/p>\n<p><\/p>\n<p><\/p>\n<p>Eine anonymisierte Zeichenfolge, die aus Ihrer E-Mail erstellt wird (auch Hash genannt), kann an Gravatar gesendet werden, um zu \u00fcberpr\u00fcfen, dass Sie den Dienst nutzen. Die Datenschutzbestimmungen von Gravatar finden Sie hier: https:\/\/automattic.com\/privacy\/. Sobald Ihr Kommentar genehmigt wurde, ist Ihr Profilbild neben Ihrem Kommentar \u00f6ffentlich sichtbar.<\/p>\n<p><\/p>\n<p><\/p>\n<h2 class=\"wp-block-heading\">Medien<\/h2>\n<p><\/p>\n<p><\/p>\n<p>Wenn Sie Bilder auf die Website hochladen, vermeiden Sie es, Bilder hochzuladen, die eingebettete Standortdaten (EXIF-GPS) enthalten. Besucher k\u00f6nnen diese Bilder von der Website herunterladen und ihre Standortdaten daraus extrahieren.<\/p>\n<p><\/p>\n<p><\/p>\n<h2 class=\"wp-block-heading\">Cookies<\/h2>\n<p><\/p>\n<p><\/p>\n<p>Wenn Sie einen Kommentar auf der Website hinterlassen, k\u00f6nnen Sie festlegen, dass Ihr Name, Ihre E-Mail-Adresse und Ihre Website in Cookies gespeichert werden. Dies dient Ihrer Bequemlichkeit, damit Sie Ihre Daten nicht erneut eingeben m\u00fcssen, wenn Sie einen weiteren Kommentar abgeben. Diese Cookies haben eine Lebensdauer von einem Jahr.<\/p>\n<p><\/p>\n<p><\/p>\n<p>Wenn Sie ein Konto haben und auf diese Website zugreifen, wird ein tempor\u00e4rer Cookie angelegt, um festzustellen, ob Ihr Browser Cookies akzeptiert. Es enth\u00e4lt keine pers\u00f6nlichen Daten und wird gel\u00f6scht, wenn Sie Ihren Browser schlie\u00dfen.<\/p>\n<p><\/p>\n<p><\/p>\n<p>Wenn Sie auf Ihr Konto auf der Website zugreifen, legen wir auch verschiedene Cookies an, um Ihre Kontodaten und die Auswahl Ihrer Bildschirmdarstellung zu speichern. Login-Cookies werden zwei Tage lang und Bildschirmauswahl-Cookies ein Jahr lang gespeichert. Wenn Sie \"Remember me\" w\u00e4hlen, wird Ihr Zugang f\u00fcr zwei Wochen gespeichert. Wenn Sie sich von Ihrem Konto abmelden, werden die Anmelde-Cookies entfernt.<\/p>\n<p><\/p>\n<p><\/p>\n<p>Wenn Sie einen Beitrag bearbeiten oder ver\u00f6ffentlichen, wird ein zus\u00e4tzliches Cookie in Ihrem Browser gespeichert. Dieses Cookie enth\u00e4lt keine pers\u00f6nlichen Daten, sondern zeigt lediglich die Post-ID des Artikels an, den Sie gerade bearbeitet haben. Er verf\u00e4llt nach 1 Tag.<\/p>\n<p><\/p>\n<p><\/p>\n<h2 class=\"wp-block-heading\">Eingebettete Medien von anderen Websites<\/h2>\n<p><\/p>\n<p><\/p>\n<p>Die Artikel auf dieser Website k\u00f6nnen eingebettete Inhalte wie Videos, Bilder, Artikel usw. enthalten. Eingebettete Inhalte von anderen Websites verhalten sich genau so, als ob der Besucher die andere Website besuchen w\u00fcrde.<\/p>\n<p><\/p>\n<p><\/p>\n<p>Diese Websites k\u00f6nnen Daten \u00fcber Sie sammeln, Cookies verwenden, zus\u00e4tzliche Trackingfunktionen von Dritten einbetten und Ihre Interaktion mit diesen eingebetteten Inhalten \u00fcberwachen, einschlie\u00dflich Ihrer Interaktion mit den eingebetteten Inhalten, wenn Sie ein Konto haben und auf der Website angemeldet sind.<\/p>\n<p><\/p>\n<p><\/p>\n<h2 class=\"wp-block-heading\">Mit wem wir Ihre Daten teilen<\/h2>\n<p><\/p>\n<p><\/p>\n<p>Wenn Sie eine Passwortr\u00fccksetzung anfordern, wird Ihre IP-Adresse in der E-Mail zur Passwortr\u00fccksetzung angegeben.<\/p>\n<p><\/p>\n<p><\/p>\n<h2 class=\"wp-block-heading\">Wie lange wir Ihre Daten aufbewahren<\/h2>\n<p><\/p>\n<p><\/p>\n<p>Wenn Sie einen Kommentar hinterlassen, werden der Kommentar und seine Metadaten auf unbestimmte Zeit gespeichert. Wir tun dies, damit wir nachfolgende Kommentare automatisch erkennen und genehmigen k\u00f6nnen, anstatt sie zur Moderation aufzubewahren.<\/p>\n<p><\/p>\n<p><\/p>\n<p>Bei Nutzern, die sich auf unserer Website registrieren (falls vorhanden), speichern wir auch die pers\u00f6nlichen Daten, die sie in ihrem Nutzerprofil angeben. Alle Nutzer k\u00f6nnen ihre pers\u00f6nlichen Daten jederzeit einsehen, bearbeiten oder l\u00f6schen (nur der Benutzername kann nicht ge\u00e4ndert werden). Auch die Administratoren der Website k\u00f6nnen diese Informationen einsehen und bearbeiten.<\/p>\n<p><\/p>\n<p><\/p>\n<h2 class=\"wp-block-heading\">Welche Rechte Sie an Ihren Daten haben<\/h2>\n<p><\/p>\n<p><\/p>\n<p>Wenn Sie ein Konto auf dieser Website haben oder Kommentare hinterlassen haben, k\u00f6nnen Sie eine exportierte Datei der personenbezogenen Daten anfordern, die wir \u00fcber Sie gespeichert haben, einschlie\u00dflich aller Daten, die Sie uns zur Verf\u00fcgung gestellt haben. Sie k\u00f6nnen auch verlangen, dass wir alle personenbezogenen Daten, die wir \u00fcber Sie gespeichert haben, entfernen. Davon ausgenommen sind Daten, die wir aus verwaltungstechnischen, rechtlichen oder sicherheitsrelevanten Gr\u00fcnden aufbewahren m\u00fcssen.<\/p>\n<p><\/p>\n<p><\/p>\n<h2 class=\"wp-block-heading\">Wohin Ihre Daten gesendet werden<\/h2>\n<p><\/p>\n<p><\/p>\n<p>Besucherkommentare k\u00f6nnen von einem automatischen Spam-Erkennungsdienst markiert werden.<\/p>\n<p><\/p>\t\t\t\t\t\t\t\t<\/div>\n\t\t\t\t<\/div>\n\t\t\t\t\t<\/div>\n\t\t<\/div>\n\t\t\t\t\t<\/div>\n\t\t<\/section>\n\t\t\t\t<\/div>\n\t\t\n    <div class=\"xs_social_share_widget xs_share_url after_content \t\tmain_content  wslu-style-1 wslu-share-box-shaped wslu-fill-colored wslu-none wslu-share-horizontal wslu-theme-font-no wslu-main_content\">\n\n\t\t\n        <ul>\n\t\t\t        <\/ul>\n    <\/div>","protected":false},"excerpt":{"rendered":"<p>POL\u00cdTICA DE PRIVACIDADE Coment\u00e1rios Quando os visitantes deixam coment\u00e1rios no site, coletamos os dados mostrados no formul\u00e1rio de coment\u00e1rios, al\u00e9m do endere\u00e7o de IP e de dados do navegador do visitante, para auxiliar na detec\u00e7\u00e3o de spam. Uma sequ\u00eancia anonimizada de caracteres criada a partir do seu e-mail (tamb\u00e9m chamada de hash) poder\u00e1 ser enviada [&hellip;]<\/p>\n","protected":false},"author":3,"featured_media":0,"parent":0,"menu_order":0,"comment_status":"closed","ping_status":"closed","template":"","meta":{"footnotes":""},"class_list":["post-4196","page","type-page","status-publish","hentry"],"_links":{"self":[{"href":"https:\/\/hmkeducation.com\/de\/wp-json\/wp\/v2\/pages\/4196","targetHints":{"allow":["GET"]}}],"collection":[{"href":"https:\/\/hmkeducation.com\/de\/wp-json\/wp\/v2\/pages"}],"about":[{"href":"https:\/\/hmkeducation.com\/de\/wp-json\/wp\/v2\/types\/page"}],"author":[{"embeddable":true,"href":"https:\/\/hmkeducation.com\/de\/wp-json\/wp\/v2\/users\/3"}],"replies":[{"embeddable":true,"href":"https:\/\/hmkeducation.com\/de\/wp-json\/wp\/v2\/comments?post=4196"}],"version-history":[{"count":0,"href":"https:\/\/hmkeducation.com\/de\/wp-json\/wp\/v2\/pages\/4196\/revisions"}],"wp:attachment":[{"href":"https:\/\/hmkeducation.com\/de\/wp-json\/wp\/v2\/media?parent=4196"}],"curies":[{"name":"wp","href":"https:\/\/api.w.org\/{rel}","templated":true}]}}