{"id":1307,"date":"2021-09-17T19:38:14","date_gmt":"2021-09-17T19:38:14","guid":{"rendered":"https:\/\/hmkeducation.com?page_id=1307"},"modified":"2024-05-16T12:57:19","modified_gmt":"2024-05-16T12:57:19","slug":"termos-de-uso","status":"publish","type":"page","link":"https:\/\/hmkeducation.com\/en\/termos-de-uso\/","title":{"rendered":"Terms of Use"},"content":{"rendered":"<div data-elementor-type=\"wp-page\" data-elementor-id=\"1307\" class=\"elementor elementor-1307\" data-elementor-settings=\"{&quot;ha_cmc_init_switcher&quot;:&quot;no&quot;}\" data-elementor-post-type=\"page\">\n\t\t\t\t\t\t<section class=\"elementor-section elementor-top-section elementor-element elementor-element-f5d6176 elementor-section-boxed elementor-section-height-default elementor-section-height-default\" data-id=\"f5d6176\" data-element_type=\"section\" data-e-type=\"section\">\n\t\t\t\t\t\t<div class=\"elementor-container elementor-column-gap-default\">\n\t\t\t\t\t<div class=\"elementor-column elementor-col-100 elementor-top-column elementor-element elementor-element-0093bd0\" data-id=\"0093bd0\" data-element_type=\"column\" data-e-type=\"column\">\n\t\t\t<div class=\"elementor-widget-wrap elementor-element-populated\">\n\t\t\t\t\t\t<div class=\"elementor-element elementor-element-068043e elementor-widget elementor-widget-heading\" data-id=\"068043e\" data-element_type=\"widget\" data-e-type=\"widget\" data-widget_type=\"heading.default\">\n\t\t\t\t<div class=\"elementor-widget-container\">\n\t\t\t\t\t<h1 class=\"elementor-heading-title elementor-size-default\">TERMS AND CONDITIONS<\/h1>\t\t\t\t<\/div>\n\t\t\t\t<\/div>\n\t\t\t\t<div class=\"elementor-element elementor-element-b3b0976 elementor-widget elementor-widget-text-editor\" data-id=\"b3b0976\" data-element_type=\"widget\" data-e-type=\"widget\" data-widget_type=\"text-editor.default\">\n\t\t\t\t<div class=\"elementor-widget-container\">\n\t\t\t\t\t\t\t\t\t<p><span style=\"font-weight: 400;\">Information on the use of derma cosmetics or cosmetics inappropriately, the manufacturer has no responsibility for the student's administration.\u00a0<\/span><span style=\"font-weight: 400;\">First of all, however, the school will make sure that the products are all tested as hypoallergenic.\u00a0<\/span><\/p><p><span style=\"font-weight: 400;\">All the information presented by the school will be documented on the basis of scientific references.<\/span><\/p>\t\t\t\t\t\t\t\t<\/div>\n\t\t\t\t<\/div>\n\t\t\t\t<div class=\"elementor-element elementor-element-00f6ab6 elementor-widget elementor-widget-heading\" data-id=\"00f6ab6\" data-element_type=\"widget\" data-e-type=\"widget\" data-widget_type=\"heading.default\">\n\t\t\t\t<div class=\"elementor-widget-container\">\n\t\t\t\t\t<h2 class=\"elementor-heading-title elementor-size-default\">Awareness of Terms and Conditions (AGB)<\/h2>\t\t\t\t<\/div>\n\t\t\t\t<\/div>\n\t\t\t\t<div class=\"elementor-element elementor-element-e17c962 elementor-widget elementor-widget-text-editor\" data-id=\"e17c962\" data-element_type=\"widget\" data-e-type=\"widget\" data-widget_type=\"text-editor.default\">\n\t\t\t\t<div class=\"elementor-widget-container\">\n\t\t\t\t\t\t\t\t\t<p><span style=\"font-weight: 400;\">I read the information about the study content, the obligations and duties of the student towards the school, and of the school towards the student.<\/span><\/p><p><span style=\"font-weight: 400;\">Long-term courses such as the Diploma in Aesthetic Medicine and Integrative Cosmetics, and other courses, as well as a school structured around final exams to really prepare the student for the job market, in view of its responsibility to the student and the student to the school.<\/span><\/p><p><span style=\"font-weight: 400;\">I recognize and sign this demand for an educational model.\u00a0\u00a0<\/span><span style=\"font-weight: 400;\">In view of a study contract with its respective times and dates already programmed and the student is signatory to his responsibilities in payment, and in his physical presence in the classes.\u00a0<\/span><\/p><p><span style=\"font-weight: 400;\">Absences without\u00a0<\/span><span style=\"font-weight: 400;\">acceptable justification, the school is not responsible for the lesson the student missed. You will therefore have to pay for the part of your lesson that you missed. <\/span><span style=\"font-weight: 400;\">With costs already described in the study contract specified to the student.\u00a0<\/span><span style=\"font-weight: 400;\">The school will be at the student's disposal for any questions.<\/span><\/p><p><span style=\"font-weight: 400;\">In the event of a month's absence, students will not be able to continue their studies until they have paid the fee for the missed lessons, in order to be able to follow the school's study methodology.<\/span><\/p><p><span style=\"font-weight: 400;\">The school will provide practical and theoretical lessons, as well as seminars during the course, so that you can make the most of your knowledge.\u00a0<\/span><\/p><p><span style=\"font-weight: 400;\">Exams will be held at the end of each month for the subjects already taken and at the end of each year for the subjects taken during the school year.\u00a0<\/span><span style=\"font-weight: 400;\">If a student misses a final exam, he\/she will fail the exam and will have to study the subject again, but pay for it. <\/span><\/p>\t\t\t\t\t\t\t\t<\/div>\n\t\t\t\t<\/div>\n\t\t\t\t<div class=\"elementor-element elementor-element-2988384 elementor-widget elementor-widget-heading\" data-id=\"2988384\" data-element_type=\"widget\" data-e-type=\"widget\" data-widget_type=\"heading.default\">\n\t\t\t\t<div class=\"elementor-widget-container\">\n\t\t\t\t\t<h2 class=\"elementor-heading-title elementor-size-default\">Copyrights<\/h2>\t\t\t\t<\/div>\n\t\t\t\t<\/div>\n\t\t\t\t<div class=\"elementor-element elementor-element-7def6fc elementor-widget elementor-widget-text-editor\" data-id=\"7def6fc\" data-element_type=\"widget\" data-e-type=\"widget\" data-widget_type=\"text-editor.default\">\n\t\t\t\t<div class=\"elementor-widget-container\">\n\t\t\t\t\t\t\t\t\t<p><span style=\"font-weight: 400;\">The lessons in the form of slides or handouts will be provided by HMK Education.<\/span><\/p><p><span style=\"font-weight: 400;\">All the information and photos of the lessons produced by the teachers in charge may not be used for other third-party courses. <\/span><span style=\"font-weight: 400;\">Under penalty of fine and legal action, based on Swiss law.<\/span><\/p><p><span style=\"font-weight: 400;\">The lessons delivered to the students will be exclusively for study use and nothing else<\/span><\/p>\t\t\t\t\t\t\t\t<\/div>\n\t\t\t\t<\/div>\n\t\t\t\t<div class=\"elementor-element elementor-element-ad1b772 elementor-widget elementor-widget-heading\" data-id=\"ad1b772\" data-element_type=\"widget\" data-e-type=\"widget\" data-widget_type=\"heading.default\">\n\t\t\t\t<div class=\"elementor-widget-container\">\n\t\t\t\t\t<h2 class=\"elementor-heading-title elementor-size-default\">School Terms and Rules<\/h2>\t\t\t\t<\/div>\n\t\t\t\t<\/div>\n\t\t\t\t<div class=\"elementor-element elementor-element-3cdc463 elementor-widget elementor-widget-text-editor\" data-id=\"3cdc463\" data-element_type=\"widget\" data-e-type=\"widget\" data-widget_type=\"text-editor.default\">\n\t\t\t\t<div class=\"elementor-widget-container\">\n\t\t\t\t\t\t\t\t\t<ul><li><span style=\"font-weight: 400;\">The student will be informed of all the rules and regulations set forth by the institution through the school principal.<\/span><\/li><li>He will be aware of all his rights and duties to be fulfilled.<\/li><li>Only then will you sign the study contract with HMK Education.<\/li><li>Being aware that you have to pay all your tuition even if you don't attend classes.<\/li><li>In case of force majeure, please contact the school in order to clarify all doubts.<\/li><\/ul>\t\t\t\t\t\t\t\t<\/div>\n\t\t\t\t<\/div>\n\t\t\t\t<div class=\"elementor-element elementor-element-92a8db7 elementor-widget elementor-widget-heading\" data-id=\"92a8db7\" data-element_type=\"widget\" data-e-type=\"widget\" data-widget_type=\"heading.default\">\n\t\t\t\t<div class=\"elementor-widget-container\">\n\t\t\t\t\t<h2 class=\"elementor-heading-title elementor-size-default\">Payment Method<\/h2>\t\t\t\t<\/div>\n\t\t\t\t<\/div>\n\t\t\t\t<div class=\"elementor-element elementor-element-bd0555a elementor-widget elementor-widget-text-editor\" data-id=\"bd0555a\" data-element_type=\"widget\" data-e-type=\"widget\" data-widget_type=\"text-editor.default\">\n\t\t\t\t<div class=\"elementor-widget-container\">\n\t\t\t\t\t\t\t\t\t<p><span style=\"font-weight: 400;\">Payment must be made as follows:<\/span><\/p><p><span style=\"font-weight: 400;\">(applies to workshops, seminars and courses)<\/span><\/p><p><span style=\"font-weight: 400;\">If course fees are paid in full immediately after confirmed registration, the School will offer a 5% discount bonus on the total price.<\/span><\/p><p><span style=\"font-weight: 400;\">25% of the total price must be paid as a deposit after confirmed registration.<\/span><\/p><p><span style=\"font-weight: 400;\">The rest of the course will be financed by the school's partner organizations, making it easier for students to pay a more affordable monthly fee.\u00a0<\/span><\/p><p><span style=\"font-weight: 400;\">For courses costing less than CHF 3,000, the student can also pay directly to the school on a notarized contract.<\/span><\/p><p><span style=\"font-weight: 400;\">Right of termination and costs in case of contract cancellation.\u00a0<\/span><\/p><p><span style=\"font-weight: 400;\">If the student's attendance does not reach 90%, it will not be possible to complete the course. The School will retain the deposit.\u00a0<\/span><\/p><p><span style=\"font-weight: 400;\">Written cancellation and request for a later course restart must be submitted in advance in writing to the school office.\u00a0<\/span><\/p><p><span style=\"font-weight: 400;\">If the school is not informed, the student will continue with their obligation even if they are not attending classes.<\/span><\/p><p><span style=\"font-weight: 400;\">All contractual obligations for the participant remained unchanged.<\/span><\/p><p><span style=\"font-weight: 400;\">If a contract is cancelled without naming a replacement up to 45 days before the course starts, a contractual penalty of 50% will be charged from the course fees.<\/span><\/p><p><span style=\"font-weight: 400;\">If a contract is canceled without naming a replacement less than 30 days before the course starts, the full course fee will be charged.<\/span><\/p><p><span style=\"font-weight: 400;\">Own materials: The School will take over the materials needed for the course, such as handouts for each semester.\u00a0<\/span><\/p><p><span style=\"font-weight: 400;\">Loss of handouts, school charges for printing.\u00a0<\/span><\/p><p><span style=\"font-weight: 400;\">Participants are responsible for the purchase of:<\/span><\/p><p><span style=\"font-weight: 400;\">There are additional costs for exams and learning books\/writings.<\/span><\/p><p><span style=\"font-weight: 400;\">- Exam costs 300 CHF<\/span><\/p><p><span style=\"font-weight: 400;\">- Books - Roadmap costs 500 CHF<\/span><\/p>\t\t\t\t\t\t\t\t<\/div>\n\t\t\t\t<\/div>\n\t\t\t\t<div class=\"elementor-element elementor-element-f5fa66b elementor-widget elementor-widget-heading\" data-id=\"f5fa66b\" data-element_type=\"widget\" data-e-type=\"widget\" data-widget_type=\"heading.default\">\n\t\t\t\t<div class=\"elementor-widget-container\">\n\t\t\t\t\t<h2 class=\"elementor-heading-title elementor-size-default\">General Rules<\/h2>\t\t\t\t<\/div>\n\t\t\t\t<\/div>\n\t\t\t\t<div class=\"elementor-element elementor-element-d16a690 elementor-widget elementor-widget-text-editor\" data-id=\"d16a690\" data-element_type=\"widget\" data-e-type=\"widget\" data-widget_type=\"text-editor.default\">\n\t\t\t\t<div class=\"elementor-widget-container\">\n\t\t\t\t\t\t\t\t\t<p><span style=\"font-weight: 400;\">Smoking is prohibited in the entire school building, inappropriate clothing and slippers are prohibited.\u00a0<\/span><\/p><p><span style=\"font-weight: 400;\">Students must wear white lab coats during laboratory classes.<\/span><\/p><p><span style=\"font-weight: 400;\">Students must keep to their study timetable so as not to disturb their classmates.\u00a0<\/span><\/p><p><span style=\"font-weight: 400;\">They should be respectful to their classmates, teachers and school staff.<\/span><\/p><p><span style=\"font-weight: 400;\">Any attitude of disrespect will be punished by exclusion from classes, a fine and no refund of payment.<\/span><\/p><p><span style=\"font-weight: 400;\">Keeping the school clean and organized is everyone's duty.<\/span><\/p><p><span style=\"font-weight: 400;\">No filming of classes or recordings.<\/span><\/p><p><span style=\"font-weight: 400;\">If the student does not understand the subject matter, it will be repeated as many times as necessary for learning.\u00a0<\/span><\/p><p><span style=\"font-weight: 400;\">Turn off your cell phone or put it on mute, so as not to disturb the teacher in class or your classmates in your studies.<\/span><\/p>\t\t\t\t\t\t\t\t<\/div>\n\t\t\t\t<\/div>\n\t\t\t\t<div class=\"elementor-element elementor-element-1536ab5 elementor-widget elementor-widget-heading\" data-id=\"1536ab5\" data-element_type=\"widget\" data-e-type=\"widget\" data-widget_type=\"heading.default\">\n\t\t\t\t<div class=\"elementor-widget-container\">\n\t\t\t\t\t<h2 class=\"elementor-heading-title elementor-size-default\">Regulations<\/h2>\t\t\t\t<\/div>\n\t\t\t\t<\/div>\n\t\t\t\t<div class=\"elementor-element elementor-element-dc74192 elementor-widget elementor-widget-text-editor\" data-id=\"dc74192\" data-element_type=\"widget\" data-e-type=\"widget\" data-widget_type=\"text-editor.default\">\n\t\t\t\t<div class=\"elementor-widget-container\">\n\t\t\t\t\t\t\t\t\t<p><span style=\"font-weight: 400;\">The dates of the final exams with practical, theoretical and oral tests will be established by the school coordination.\u00a0<\/span><\/p><p><span style=\"font-weight: 400;\">At the end of each module, there will be a written exam. This will check whether the student is ready to move on to the next stage.\u00a0<\/span><\/p><p><span style=\"font-weight: 400;\">If the student still doesn't have the necessary understanding, they will have to retake the module again, at a charge.\u00a0<\/span><\/p><p><span style=\"font-weight: 400;\">At the end of the entire course, there will be a final exam. The exam must be completed the points necessary for final approval.\u00a0<\/span><\/p><p><span style=\"font-weight: 400;\">The repetition of the theoretical final exams costs Chf 400 per day.<\/span><\/p><p><span style=\"font-weight: 400;\">Repeating the final practical exams costs CHF 200 per day<\/span><\/p><p><span style=\"font-weight: 400;\">If more than 5 days of coursework have been missed before the final exam, which cannot be made up before the final exam, the participant will not pass the exam.<\/span><\/p>\t\t\t\t\t\t\t\t<\/div>\n\t\t\t\t<\/div>\n\t\t\t\t\t<\/div>\n\t\t<\/div>\n\t\t\t\t\t<\/div>\n\t\t<\/section>\n\t\t\t\t<\/div>\n\t\t\n    <div class=\"xs_social_share_widget xs_share_url after_content \t\tmain_content  wslu-style-1 wslu-share-box-shaped wslu-fill-colored wslu-none wslu-share-horizontal wslu-theme-font-no wslu-main_content\">\n\n\t\t\n        <ul>\n\t\t\t        <\/ul>\n    <\/div>","protected":false},"excerpt":{"rendered":"<p>TERMOS E CONDI\u00c7\u00d5ES As informa\u00e7\u00f5es sobre aplica\u00e7\u00f5es dos derma cosm\u00e9ticos ou cosm\u00e9ticos de maneira inadequada, o fabricante n\u00e3o tem responsabilidade sobre administra\u00e7\u00e3o do aluno.\u00a0Por\u00e9m, antes de tudo a escola certificar\u00e1 que os produtos s\u00e3o todos\u00a0 testados como hipoalerg\u00eanicos.\u00a0 Todas as informa\u00e7\u00f5es apresentadas pela escola, ser\u00e1 documentada em bases nas refer\u00eancias cient\u00edficas. Conhecimento dos Termos e [&hellip;]<\/p>\n","protected":false},"author":3,"featured_media":0,"parent":0,"menu_order":0,"comment_status":"closed","ping_status":"closed","template":"elementor_header_footer","meta":{"footnotes":""},"class_list":["post-1307","page","type-page","status-publish","hentry"],"_links":{"self":[{"href":"https:\/\/hmkeducation.com\/en\/wp-json\/wp\/v2\/pages\/1307","targetHints":{"allow":["GET"]}}],"collection":[{"href":"https:\/\/hmkeducation.com\/en\/wp-json\/wp\/v2\/pages"}],"about":[{"href":"https:\/\/hmkeducation.com\/en\/wp-json\/wp\/v2\/types\/page"}],"author":[{"embeddable":true,"href":"https:\/\/hmkeducation.com\/en\/wp-json\/wp\/v2\/users\/3"}],"replies":[{"embeddable":true,"href":"https:\/\/hmkeducation.com\/en\/wp-json\/wp\/v2\/comments?post=1307"}],"version-history":[{"count":0,"href":"https:\/\/hmkeducation.com\/en\/wp-json\/wp\/v2\/pages\/1307\/revisions"}],"wp:attachment":[{"href":"https:\/\/hmkeducation.com\/en\/wp-json\/wp\/v2\/media?parent=1307"}],"curies":[{"name":"wp","href":"https:\/\/api.w.org\/{rel}","templated":true}]}}