{"id":2276,"date":"2023-04-03T14:33:30","date_gmt":"2023-04-03T14:33:30","guid":{"rendered":"https:\/\/hmkeducation.com?page_id=2276"},"modified":"2023-04-03T14:42:18","modified_gmt":"2023-04-03T14:42:18","slug":"cristiane-wrobel-fellini","status":"publish","type":"page","link":"https:\/\/hmkeducation.com\/en\/professores\/cristiane-wrobel-fellini\/","title":{"rendered":"Cristiane Wrobel Fellini"},"content":{"rendered":"<div data-elementor-type=\"wp-page\" data-elementor-id=\"2276\" class=\"elementor elementor-2276\" data-elementor-settings=\"{&quot;ha_cmc_init_switcher&quot;:&quot;no&quot;}\" data-elementor-post-type=\"page\">\n\t\t\t\t\t\t<section class=\"elementor-section elementor-top-section elementor-element elementor-element-75f84048 elementor-section-height-min-height elementor-section-content-middle elementor-section-boxed elementor-section-height-default elementor-section-items-middle\" data-id=\"75f84048\" data-element_type=\"section\" data-e-type=\"section\" data-settings=\"{&quot;background_background&quot;:&quot;classic&quot;}\">\n\t\t\t\t\t\t\t<div class=\"elementor-background-overlay\"><\/div>\n\t\t\t\t\t\t\t<div class=\"elementor-container elementor-column-gap-no\">\n\t\t\t\t\t<div class=\"elementor-column elementor-col-100 elementor-top-column elementor-element elementor-element-75d16d29\" data-id=\"75d16d29\" data-element_type=\"column\" data-e-type=\"column\" data-settings=\"{&quot;background_background&quot;:&quot;classic&quot;}\">\n\t\t\t<div class=\"elementor-widget-wrap elementor-element-populated\">\n\t\t\t\t\t\t<div class=\"elementor-element elementor-element-47dde8d8 elementor-widget elementor-widget-heading\" data-id=\"47dde8d8\" data-element_type=\"widget\" data-e-type=\"widget\" data-widget_type=\"heading.default\">\n\t\t\t\t<div class=\"elementor-widget-container\">\n\t\t\t\t\t<h1 class=\"elementor-heading-title elementor-size-default\">Teachers<\/h1>\t\t\t\t<\/div>\n\t\t\t\t<\/div>\n\t\t\t\t\t<\/div>\n\t\t<\/div>\n\t\t\t\t\t<\/div>\n\t\t<\/section>\n\t\t\t\t<section class=\"elementor-section elementor-top-section elementor-element elementor-element-3a175f2a elementor-section-boxed elementor-section-height-default elementor-section-height-default\" data-id=\"3a175f2a\" data-element_type=\"section\" data-e-type=\"section\">\n\t\t\t\t\t\t\t<div class=\"elementor-background-overlay\"><\/div>\n\t\t\t\t\t\t\t<div class=\"elementor-container elementor-column-gap-no\">\n\t\t\t\t\t<div class=\"elementor-column elementor-col-50 elementor-top-column elementor-element elementor-element-2d1a96dc\" data-id=\"2d1a96dc\" data-element_type=\"column\" data-e-type=\"column\">\n\t\t\t<div class=\"elementor-widget-wrap elementor-element-populated\">\n\t\t\t\t\t\t<div class=\"elementor-element elementor-element-1f3fd9a0 elementor-widget elementor-widget-image\" data-id=\"1f3fd9a0\" data-element_type=\"widget\" data-e-type=\"widget\" data-widget_type=\"image.default\">\n\t\t\t\t<div class=\"elementor-widget-container\">\n\t\t\t\t\t\t\t\t\t\t\t\t\t\t\t<img fetchpriority=\"high\" decoding=\"async\" width=\"512\" height=\"512\" src=\"https:\/\/hmkeducation.com\/wp-content\/uploads\/2023\/04\/1.jpg\" class=\"attachment-full size-full wp-image-2242\" alt=\"\" srcset=\"https:\/\/hmkeducation.com\/wp-content\/uploads\/2023\/04\/1.jpg 512w, https:\/\/hmkeducation.com\/wp-content\/uploads\/2023\/04\/1-300x300.jpg 300w, https:\/\/hmkeducation.com\/wp-content\/uploads\/2023\/04\/1-150x150.jpg 150w, https:\/\/hmkeducation.com\/wp-content\/uploads\/2023\/04\/1-12x12.jpg 12w\" sizes=\"(max-width: 512px) 100vw, 512px\" \/>\t\t\t\t\t\t\t\t\t\t\t\t\t\t\t<\/div>\n\t\t\t\t<\/div>\n\t\t\t\t\t<\/div>\n\t\t<\/div>\n\t\t\t\t<div class=\"elementor-column elementor-col-50 elementor-top-column elementor-element elementor-element-60c52f10\" data-id=\"60c52f10\" data-element_type=\"column\" data-e-type=\"column\">\n\t\t\t<div class=\"elementor-widget-wrap elementor-element-populated\">\n\t\t\t\t\t\t<section class=\"elementor-section elementor-inner-section elementor-element elementor-element-6d272449 elementor-section-boxed elementor-section-height-default elementor-section-height-default\" data-id=\"6d272449\" data-element_type=\"section\" data-e-type=\"section\">\n\t\t\t\t\t\t<div class=\"elementor-container elementor-column-gap-no\">\n\t\t\t\t\t<div class=\"elementor-column elementor-col-100 elementor-inner-column elementor-element elementor-element-5551e6ab\" data-id=\"5551e6ab\" data-element_type=\"column\" data-e-type=\"column\" data-settings=\"{&quot;background_background&quot;:&quot;classic&quot;}\">\n\t\t\t<div class=\"elementor-widget-wrap elementor-element-populated\">\n\t\t\t\t\t<div class=\"elementor-background-overlay\"><\/div>\n\t\t\t\t\t\t<div class=\"elementor-element elementor-element-566b316e elementor-widget-divider--separator-type-pattern elementor-widget-divider--view-line elementor-widget elementor-widget-divider\" data-id=\"566b316e\" data-element_type=\"widget\" data-e-type=\"widget\" data-widget_type=\"divider.default\">\n\t\t\t\t<div class=\"elementor-widget-container\">\n\t\t\t\t\t\t\t<div class=\"elementor-divider\" style=\"--divider-pattern-url: url(&quot;data:image\/svg+xml,%3Csvg xmlns=&#039;http:\/\/www.w3.org\/2000\/svg&#039; preserveAspectRatio=&#039;none&#039; overflow=&#039;visible&#039; height=&#039;100%&#039; viewBox=&#039;0 0 24 24&#039; fill=&#039;none&#039; stroke=&#039;black&#039; stroke-width=&#039;4&#039; stroke-linecap=&#039;square&#039; stroke-miterlimit=&#039;10&#039;%3E%3Cpolyline points=&#039;0,18 12,6 24,18 &#039;\/%3E%3C\/svg%3E&quot;);\">\n\t\t\t<span class=\"elementor-divider-separator\">\n\t\t\t\t\t\t<\/span>\n\t\t<\/div>\n\t\t\t\t\t\t<\/div>\n\t\t\t\t<\/div>\n\t\t\t\t<div class=\"elementor-element elementor-element-6aeaf9a3 elementor-widget elementor-widget-heading\" data-id=\"6aeaf9a3\" data-element_type=\"widget\" data-e-type=\"widget\" data-widget_type=\"heading.default\">\n\t\t\t\t<div class=\"elementor-widget-container\">\n\t\t\t\t\t<h3 class=\"elementor-heading-title elementor-size-default\">Cristiane Wrobel Fellini<\/h3>\t\t\t\t<\/div>\n\t\t\t\t<\/div>\n\t\t\t\t\t<\/div>\n\t\t<\/div>\n\t\t\t\t\t<\/div>\n\t\t<\/section>\n\t\t\t\t<div class=\"elementor-element elementor-element-5688fecd elementor-widget elementor-widget-text-editor\" data-id=\"5688fecd\" data-element_type=\"widget\" data-e-type=\"widget\" data-widget_type=\"text-editor.default\">\n\t\t\t\t<div class=\"elementor-widget-container\">\n\t\t\t\t\t\t\t\t\tGraduated in Biomedicine at the Faculty Fasipe Mato Grosso - Brazil, with\nClinical Analyses and Aesthetic Biomedicine, with diploma recognized in Portugal\nrecognized in Portugal by the University of Aveiro. I participated as a researcher in\nthe first Scientific Initiation Project of the Faculdade Fasipe Mato Grosso,\nabout urinary infection. This research was nationally recognized and I\nreceived the title of Commander of the State of S\u00e3o Paulo - BR with publication\nin the official journal. The same research was submitted to the 1st Luso-Brazilian Congress\nMeeting of infectious diseases and clinical microbiology. Currently I have\nworked as a physician in Portugal and Brazil, and have extensive experience\nin fillers, Botulinum Toxin, chemical peels, laser therapy and ultrasound\nradiofrequency treatment, mesotherapy and sclerotherapy. I am also\nProfessor at HMK Hochfachschule Fur Aesthetik Und Kosmetik in Switzerland, I\nI am technical manager of the Excellence Aesthetic Academy Lda.\ncourses in Aesthetic Biomedicine in Brazil, Switzerland and USA and I am\nresidency in Anatomy in Frozen Fresh Cadavers at the American Society of\nAnatomy in the USA and Homeopathy.\t\t\t\t\t\t\t\t<\/div>\n\t\t\t\t<\/div>\n\t\t\t\t\t<\/div>\n\t\t<\/div>\n\t\t\t\t\t<\/div>\n\t\t<\/section>\n\t\t\t\t<section class=\"elementor-section elementor-top-section elementor-element elementor-element-45800b0b elementor-section-boxed elementor-section-height-default elementor-section-height-default\" data-id=\"45800b0b\" data-element_type=\"section\" data-e-type=\"section\">\n\t\t\t\t\t\t\t<div class=\"elementor-background-overlay\"><\/div>\n\t\t\t\t\t\t\t<div class=\"elementor-container elementor-column-gap-no\">\n\t\t\t\t\t<div class=\"elementor-column elementor-col-100 elementor-top-column elementor-element elementor-element-2e114e27\" data-id=\"2e114e27\" data-element_type=\"column\" data-e-type=\"column\">\n\t\t\t<div class=\"elementor-widget-wrap elementor-element-populated\">\n\t\t\t\t\t\t<div class=\"elementor-element elementor-element-60009e08 elementor-widget elementor-widget-heading\" data-id=\"60009e08\" data-element_type=\"widget\" data-e-type=\"widget\" data-widget_type=\"heading.default\">\n\t\t\t\t<div class=\"elementor-widget-container\">\n\t\t\t\t\t<h5 class=\"elementor-heading-title elementor-size-default\">Experience:<\/h5>\t\t\t\t<\/div>\n\t\t\t\t<\/div>\n\t\t\t\t<div class=\"elementor-element elementor-element-c4a7ea6 elementor-widget elementor-widget-text-editor\" data-id=\"c4a7ea6\" data-element_type=\"widget\" data-e-type=\"widget\" data-widget_type=\"text-editor.default\">\n\t\t\t\t<div class=\"elementor-widget-container\">\n\t\t\t\t\t\t\t\t\t<ul><li><strong>02\/29\/2016 - 12\/30\/2019 Cuiab\u00e1, Brazil<\/strong><br \/>BIOMEDICAL SCIENCE WITH QUALIFICATION IN CLINICAL AND AESTHETIC ANALYSIS<br \/>BIOMEDICINE Fasipe Mato Grosso<br \/>Address Cuiab\u00e1, Brazil<\/li><li><strong>05\/10\/2020 - CURRENT Boston, United States<\/strong><br \/>RESIDENCE IN ANATOMIC SCIENCES American Anatomical Society<br \/>Address Boston, United States<\/li><li><strong>30\/08\/2022 - ACTUAL Lisbon, Portugal<\/strong><br \/>HOMEOPATHY Homeopaths Association of Portugal<br \/>Address Lisbon, Portugal<\/li><li><strong>04\/24\/2021 - 04\/25\/2021 S\u00e3o Paulo, Brazil<\/strong><br \/>TRICOLOGIST Brazilian Association of Trichology<br \/>Address S\u00e3o Paulo, Brazil<\/li><li><strong>09\/30\/2020 - 10\/18\/2020 Brazil<\/strong><br \/>SPECIALIST IN PRP - PLASMA RICH PLASMA Beginning<br \/>Address Brazil<br \/>EDUCATION AND TRAINING<\/li><li><strong>05\/11\/2020 - 05\/26\/2020 Belo Horizonte, Brazil<\/strong><br \/>SPECIALIST IN AESTHETIC FURNISHINGS Lizia Campos Institute<\/li><li><strong>05\/05\/2020 - 05\/25\/2020 Belo Horizonte, Brazil<\/strong><br \/>ANESTHESIA FOR ESTHETIC PROCEDURES Lizia Campos Institute<br \/>Address Belo Horizonte, Brazil<\/li><li><strong>03\/08\/2020 - 03\/23\/2020 Belo Horizonte, Brazil<\/strong><br \/>SPECIALIST IN CHEMICAL PEELING Lizia Campos Institute<br \/>Address Belo Horizonte, Brazil<\/li><li><strong>03\/13\/2021 - 04\/13\/2021 Lisbon, Portugal<\/strong><br \/>EXPERT IN COLLAGEN BIOSTIMULATOR TREATMENT<br \/>Eduardo De Paula Training<\/li><\/ul>\t\t\t\t\t\t\t\t<\/div>\n\t\t\t\t<\/div>\n\t\t\t\t\t<\/div>\n\t\t<\/div>\n\t\t\t\t\t<\/div>\n\t\t<\/section>\n\t\t\t\t<\/div>\n\t\t\n    <div class=\"xs_social_share_widget xs_share_url after_content \t\tmain_content  wslu-style-1 wslu-share-box-shaped wslu-fill-colored wslu-none wslu-share-horizontal wslu-theme-font-no wslu-main_content\">\n\n\t\t\n        <ul>\n\t\t\t        <\/ul>\n    <\/div>","protected":false},"excerpt":{"rendered":"<p>Professores Graduado em Biomedicina pela Faculdade Fasipe Mato Grosso &#8211; Brasil, com habilita\u00e7\u00e3o em An\u00e1lises Cl\u00ednicas e Biomedicina Est\u00e9tica, com diploma reconhecido em Portugal pela Universidade de Aveiro. Participei como pesquisador em o primeiro Projeto de Inicia\u00e7\u00e3o Cient\u00edfica da Faculdade Fasipe Mato Grosso, sobre infec\u00e7\u00e3o urin\u00e1ria. Esta pesquisa foi reconhecida nacionalmente e eu recebeu o [&hellip;]<\/p>\n","protected":false},"author":4,"featured_media":0,"parent":2227,"menu_order":0,"comment_status":"closed","ping_status":"closed","template":"","meta":{"footnotes":""},"class_list":["post-2276","page","type-page","status-publish","hentry"],"_links":{"self":[{"href":"https:\/\/hmkeducation.com\/en\/wp-json\/wp\/v2\/pages\/2276","targetHints":{"allow":["GET"]}}],"collection":[{"href":"https:\/\/hmkeducation.com\/en\/wp-json\/wp\/v2\/pages"}],"about":[{"href":"https:\/\/hmkeducation.com\/en\/wp-json\/wp\/v2\/types\/page"}],"author":[{"embeddable":true,"href":"https:\/\/hmkeducation.com\/en\/wp-json\/wp\/v2\/users\/4"}],"replies":[{"embeddable":true,"href":"https:\/\/hmkeducation.com\/en\/wp-json\/wp\/v2\/comments?post=2276"}],"version-history":[{"count":0,"href":"https:\/\/hmkeducation.com\/en\/wp-json\/wp\/v2\/pages\/2276\/revisions"}],"up":[{"embeddable":true,"href":"https:\/\/hmkeducation.com\/en\/wp-json\/wp\/v2\/pages\/2227"}],"wp:attachment":[{"href":"https:\/\/hmkeducation.com\/en\/wp-json\/wp\/v2\/media?parent=2276"}],"curies":[{"name":"wp","href":"https:\/\/api.w.org\/{rel}","templated":true}]}}