{"id":2311,"date":"2023-04-03T17:40:32","date_gmt":"2023-04-03T17:40:32","guid":{"rendered":"https:\/\/hmkeducation.com?page_id=2311"},"modified":"2023-04-03T17:49:09","modified_gmt":"2023-04-03T17:49:09","slug":"nedda-von-der-schulenburg-goulart","status":"publish","type":"page","link":"https:\/\/hmkeducation.com\/en\/professores\/nedda-von-der-schulenburg-goulart\/","title":{"rendered":"Nedda von der Schulenburg Goulart"},"content":{"rendered":"<div data-elementor-type=\"wp-page\" data-elementor-id=\"2311\" class=\"elementor elementor-2311\" data-elementor-settings=\"{&quot;ha_cmc_init_switcher&quot;:&quot;no&quot;}\" data-elementor-post-type=\"page\">\n\t\t\t\t\t\t<section class=\"elementor-section elementor-top-section elementor-element elementor-element-6ffffb8a elementor-section-height-min-height elementor-section-content-middle elementor-section-boxed elementor-section-height-default elementor-section-items-middle\" data-id=\"6ffffb8a\" data-element_type=\"section\" data-e-type=\"section\" data-settings=\"{&quot;background_background&quot;:&quot;classic&quot;}\">\n\t\t\t\t\t\t\t<div class=\"elementor-background-overlay\"><\/div>\n\t\t\t\t\t\t\t<div class=\"elementor-container elementor-column-gap-no\">\n\t\t\t\t\t<div class=\"elementor-column elementor-col-100 elementor-top-column elementor-element elementor-element-9b242e7\" data-id=\"9b242e7\" data-element_type=\"column\" data-e-type=\"column\" data-settings=\"{&quot;background_background&quot;:&quot;classic&quot;}\">\n\t\t\t<div class=\"elementor-widget-wrap elementor-element-populated\">\n\t\t\t\t\t\t<div class=\"elementor-element elementor-element-75aa04f1 elementor-widget elementor-widget-heading\" data-id=\"75aa04f1\" data-element_type=\"widget\" data-e-type=\"widget\" data-widget_type=\"heading.default\">\n\t\t\t\t<div class=\"elementor-widget-container\">\n\t\t\t\t\t<h1 class=\"elementor-heading-title elementor-size-default\">Teachers<\/h1>\t\t\t\t<\/div>\n\t\t\t\t<\/div>\n\t\t\t\t\t<\/div>\n\t\t<\/div>\n\t\t\t\t\t<\/div>\n\t\t<\/section>\n\t\t\t\t<section class=\"elementor-section elementor-top-section elementor-element elementor-element-63215c94 elementor-section-boxed elementor-section-height-default elementor-section-height-default\" data-id=\"63215c94\" data-element_type=\"section\" data-e-type=\"section\">\n\t\t\t\t\t\t\t<div class=\"elementor-background-overlay\"><\/div>\n\t\t\t\t\t\t\t<div class=\"elementor-container elementor-column-gap-no\">\n\t\t\t\t\t<div class=\"elementor-column elementor-col-50 elementor-top-column elementor-element elementor-element-63e1d6c3\" data-id=\"63e1d6c3\" data-element_type=\"column\" data-e-type=\"column\">\n\t\t\t<div class=\"elementor-widget-wrap elementor-element-populated\">\n\t\t\t\t\t\t<div class=\"elementor-element elementor-element-440977c3 elementor-widget elementor-widget-image\" data-id=\"440977c3\" data-element_type=\"widget\" data-e-type=\"widget\" data-widget_type=\"image.default\">\n\t\t\t\t<div class=\"elementor-widget-container\">\n\t\t\t\t\t\t\t\t\t\t\t\t\t\t\t<img fetchpriority=\"high\" decoding=\"async\" width=\"512\" height=\"512\" src=\"https:\/\/hmkeducation.com\/wp-content\/uploads\/2023\/04\/6-1.jpg\" class=\"attachment-full size-full wp-image-2235\" alt=\"\" srcset=\"https:\/\/hmkeducation.com\/wp-content\/uploads\/2023\/04\/6-1.jpg 512w, https:\/\/hmkeducation.com\/wp-content\/uploads\/2023\/04\/6-1-300x300.jpg 300w, https:\/\/hmkeducation.com\/wp-content\/uploads\/2023\/04\/6-1-150x150.jpg 150w, https:\/\/hmkeducation.com\/wp-content\/uploads\/2023\/04\/6-1-12x12.jpg 12w\" sizes=\"(max-width: 512px) 100vw, 512px\" \/>\t\t\t\t\t\t\t\t\t\t\t\t\t\t\t<\/div>\n\t\t\t\t<\/div>\n\t\t\t\t\t<\/div>\n\t\t<\/div>\n\t\t\t\t<div class=\"elementor-column elementor-col-50 elementor-top-column elementor-element elementor-element-b19c44b\" data-id=\"b19c44b\" data-element_type=\"column\" data-e-type=\"column\">\n\t\t\t<div class=\"elementor-widget-wrap elementor-element-populated\">\n\t\t\t\t\t\t<section class=\"elementor-section elementor-inner-section elementor-element elementor-element-45a0849e elementor-section-boxed elementor-section-height-default elementor-section-height-default\" data-id=\"45a0849e\" data-element_type=\"section\" data-e-type=\"section\">\n\t\t\t\t\t\t<div class=\"elementor-container elementor-column-gap-no\">\n\t\t\t\t\t<div class=\"elementor-column elementor-col-100 elementor-inner-column elementor-element elementor-element-1674ecad\" data-id=\"1674ecad\" data-element_type=\"column\" data-e-type=\"column\" data-settings=\"{&quot;background_background&quot;:&quot;classic&quot;}\">\n\t\t\t<div class=\"elementor-widget-wrap elementor-element-populated\">\n\t\t\t\t\t<div class=\"elementor-background-overlay\"><\/div>\n\t\t\t\t\t\t<div class=\"elementor-element elementor-element-4b15f4d5 elementor-widget-divider--separator-type-pattern elementor-widget-divider--view-line elementor-widget elementor-widget-divider\" data-id=\"4b15f4d5\" data-element_type=\"widget\" data-e-type=\"widget\" data-widget_type=\"divider.default\">\n\t\t\t\t<div class=\"elementor-widget-container\">\n\t\t\t\t\t\t\t<div class=\"elementor-divider\" style=\"--divider-pattern-url: url(&quot;data:image\/svg+xml,%3Csvg xmlns=&#039;http:\/\/www.w3.org\/2000\/svg&#039; preserveAspectRatio=&#039;none&#039; overflow=&#039;visible&#039; height=&#039;100%&#039; viewBox=&#039;0 0 24 24&#039; fill=&#039;none&#039; stroke=&#039;black&#039; stroke-width=&#039;4&#039; stroke-linecap=&#039;square&#039; stroke-miterlimit=&#039;10&#039;%3E%3Cpolyline points=&#039;0,18 12,6 24,18 &#039;\/%3E%3C\/svg%3E&quot;);\">\n\t\t\t<span class=\"elementor-divider-separator\">\n\t\t\t\t\t\t<\/span>\n\t\t<\/div>\n\t\t\t\t\t\t<\/div>\n\t\t\t\t<\/div>\n\t\t\t\t<div class=\"elementor-element elementor-element-666027d elementor-widget elementor-widget-heading\" data-id=\"666027d\" data-element_type=\"widget\" data-e-type=\"widget\" data-widget_type=\"heading.default\">\n\t\t\t\t<div class=\"elementor-widget-container\">\n\t\t\t\t\t<h3 class=\"elementor-heading-title elementor-size-default\">Nedda von der Schulenburg Goulart<\/h3>\t\t\t\t<\/div>\n\t\t\t\t<\/div>\n\t\t\t\t\t<\/div>\n\t\t<\/div>\n\t\t\t\t\t<\/div>\n\t\t<\/section>\n\t\t\t\t<div class=\"elementor-element elementor-element-68ba4f9c elementor-widget elementor-widget-text-editor\" data-id=\"68ba4f9c\" data-element_type=\"widget\" data-e-type=\"widget\" data-widget_type=\"text-editor.default\">\n\t\t\t\t<div class=\"elementor-widget-container\">\n\t\t\t\t\t\t\t\t\t<p><strong>Academic background\/education<\/strong><\/p><p><strong>2019 - 2020 Specialization - Postgraduate Latu Sensu<\/strong><br \/>Brazilian Vegetarian Society and Plenitude events, S\u00e3o Paulo, SP, Brazil<br \/>Title: Postgraduate Vegetarian Nutrition<br \/><br \/><strong>2016 - 2017 Specialization - Postgraduate Latu Sensu<\/strong><br \/>Albert Einstein Instituto Israelita de Ensino e Pesquisa, S\u00e3o Paulo, SP, Brazil<br \/>Title: Post Graduation in Bases of Integrative Medicine<br \/><br \/><strong>2017- 2017 Specialization - Postgraduate Latu Sensu<\/strong><br \/>Albert Einstein Instituto Israelita de Ensino e Pesquisa, S\u00e3o Paulo, SP, Brazil<br \/>Title: Post-Graduation in Laser, Cosmiatry and Procedures<\/p><p><strong>2013 - 2016 Specialization - MEDICAL RESIDENCE<br \/><\/strong>Hospital Federal da Lagoa, HFL, Rio de Janeiro, RJ, Brazil<br \/>Title: Plastic and Reconstructive Surgery<br \/>Scholarship from: Ministry of Education\/Secretary of State for Health<\/p><p><strong>2010 - 2012 Specialization - MEDICAL RESIDENCE<br \/><\/strong>Luzia de Pinho Melo State Hospital - Mogi das Cruzes,<br \/>SP, Brazil<br \/>Title: General Surgery<br \/>299271 CNRM<br \/>Scholarship from: Ministry of Education\/Secretary of State for Health<\/p><p><strong>2002 - 2007 Graduation in Medicine<br \/><\/strong>Universidade Metropolitana de Santos, UNIMES, Santos, Brazil<br \/>Title: Kawasaki disease<br \/>Advisor: Profa Dra. Denise S. M. D`Alessandro<\/p>\t\t\t\t\t\t\t\t<\/div>\n\t\t\t\t<\/div>\n\t\t\t\t\t<\/div>\n\t\t<\/div>\n\t\t\t\t\t<\/div>\n\t\t<\/section>\n\t\t\t\t<section class=\"elementor-section elementor-top-section elementor-element elementor-element-33548aca elementor-section-boxed elementor-section-height-default elementor-section-height-default\" data-id=\"33548aca\" data-element_type=\"section\" data-e-type=\"section\">\n\t\t\t\t\t\t\t<div class=\"elementor-background-overlay\"><\/div>\n\t\t\t\t\t\t\t<div class=\"elementor-container elementor-column-gap-no\">\n\t\t\t\t\t<div class=\"elementor-column elementor-col-100 elementor-top-column elementor-element elementor-element-6b2faf03\" data-id=\"6b2faf03\" data-element_type=\"column\" data-e-type=\"column\">\n\t\t\t<div class=\"elementor-widget-wrap elementor-element-populated\">\n\t\t\t\t\t\t<div class=\"elementor-element elementor-element-1841cee0 elementor-widget elementor-widget-heading\" data-id=\"1841cee0\" data-element_type=\"widget\" data-e-type=\"widget\" data-widget_type=\"heading.default\">\n\t\t\t\t<div class=\"elementor-widget-container\">\n\t\t\t\t\t<h5 class=\"elementor-heading-title elementor-size-default\">Experience:<\/h5>\t\t\t\t<\/div>\n\t\t\t\t<\/div>\n\t\t\t\t<div class=\"elementor-element elementor-element-5fdb9df2 elementor-widget elementor-widget-text-editor\" data-id=\"5fdb9df2\" data-element_type=\"widget\" data-e-type=\"widget\" data-widget_type=\"text-editor.default\">\n\t\t\t\t<div class=\"elementor-widget-container\">\n\t\t\t\t\t\t\t\t\t<p><strong>1. Hospital S\u00e3o Camilo - Santana - HSCS, S\u00e3o Paulo, SP, Brazil<\/strong><br \/>2010 - Current Job Title: former emergency room physician<br \/>General Surgery on duty, Regime: Partial<br \/>Reparative Plastic Surgery Outpatient Clinic - consultations, surgical procedures and<br \/>outpatient<br \/>Team member of the Reparative Plastic Surgery Service<\/p><p><strong>2. A. Hospital C. Camargo Cancer Center, S\u00e3o Paulo, SP, Brazil<\/strong><br \/>2016 - 2018 Position: On duty Emergency patient care group<br \/>inpatients - Internists Team, Regime: Partial<\/p><p><strong>3. Hospital S\u00e3o Camilo - Ipiranga - HSCI, S\u00e3o Paulo, SP, Brazil<\/strong><br \/>2010 - Current Job Title: former emergency room physician<br \/>General Surgery on duty, Regime: Partial<\/p><p><strong>4. Hospital Alem\u00e3o Oswaldo Cruz - HAOC, S\u00e3o Paulo, SP, Brazil<\/strong><br \/>2017 - Current<br \/>Clinical Staff Member at the Aesthetic and Reconstructive Plastic Surgery Service<\/p><p><strong>5. Hospital Israelita Albert Einstein - HIAE, S\u00e3o Paulo, SP, Brazil<\/strong><br \/>2016 - Current<br \/>Clinical Staff Member at the Aesthetic and Reconstructive Plastic Surgery Service<br \/><strong>6. Hospital S\u00e3o Rafael - HSR, S\u00e3o Paulo, SP, Brazil<\/strong><br \/>2016 - Current<br \/>Clinical Staff Member at the Aesthetic and Reconstructive Plastic Surgery Service<\/p><p><strong>7. Hospital San Paolo - HSP, S\u00e3o Paulo, SP, Brazil<\/strong><br \/>2018 - Current<br \/>Clinical Staff Member at the Aesthetic and Reconstructive Plastic Surgery Service<\/p><p><strong>8. Hospital Don Ant\u00f4nio Alvarenga - HDAA, S\u00e3o Paulo, SP, Brazil<\/strong><br \/>2017 - Current<br \/>Clinical Staff Member at the Aesthetic and Reconstructive Plastic Surgery Service<\/p><p><strong>9. Hospital S\u00e3o Luiz - HSL, S\u00e3o Paulo, SP, Brazil<\/strong><br \/>2017 - Current<br \/>Clinical Staff Member at the Aesthetic and Reconstructive Plastic Surgery Service<\/p><p><strong>10. Hospital Federal da Lagoa - HFL, Rio de Janeiro, RJ, Brazil<\/strong><br \/>2013 - 2016 Position: Fellow , Function: resident physician, Regime:<br \/>Exclusive dedication (ends in March\/2016)<\/p><p><strong>11. Hospital Municipal Souza Aguiar - HMSA , Rio de Janeiro, RJ, Brazil<\/strong><br \/>2014 -2014 Position: Medical intern, plastic surgery resident. Enquadramento<br \/>Functional: Trainee Physician at the Burn Treatment Center<br \/>40, Regime: Full<br \/><strong>12. National Cancer Institute - INCA, Rio de Janeiro, RJ, Brazil<\/strong><br \/>2014 - 2014 Position: Medical intern, plastic surgery resident. Enquadramento<br \/>Functional: Trainee in Reconstructive Plastic Surgery, Workload: 40, Regimen:<br \/>Full<\/p><p><strong>13. Hospital Santa Cruz - SP - Instituto Santa Cruz - Prof Dr Marcos M\u00e9lega,\u00a0<\/strong><strong>S\u00e3o Paulo, SP, Brazil<\/strong><br \/>2014 - 2014 Position: plastic surgery resident<br \/>plastic surgery intern , Duration: 40h, Regime: Exclusive dedication<\/p><p><strong>14. Hospital Irmandade Santa Casa de Mogi das Cruzes - SCMC, S\u00e3o Paulo, SP, Brazil, <\/strong><strong>Brazil<\/strong><br \/>2011 - 2012 Position: emergency physician on duty. Functional Framework:<br \/>Emergency Room Duty, Regime: Partial<\/p><p><strong>15. Hospital das Cl\u00ednicas Luzia de Pinho Melo - HCLPM\/SPDM\/Unifesp, Santa <\/strong><strong>Mogi das Cruzes House - SCMC, S\u00e3o Paulo, SP, Brazil<\/strong><br \/>2010 - 2012 Position: Fellow , Function: surgery resident physician<br \/>General, Regime: Dedica\u00e7\u00e3o exclusiva (end of March\/2012)<\/p><p><strong>16. S\u00e3o Paulo Association for the Development of Medicine - S\u00e3o Paulo Hospital <\/strong><strong>Paulo - SPDM\/HSP, S\u00e3o Paulo, SP, Brazil<\/strong><br \/>2008 - 2010 Position: Emergency physician on duty. Functional Framework:<br \/>Emergency Room Duty, Regime: Partial<\/p><p><strong>17. Hospital S\u00e3o Francisco - Cotia - HSF, S\u00e3o Paulo, SP, Brazil<\/strong><br \/>2009 - 2009 Position: Emergency physician on duty. Functional Framework:<br \/>Emergency Room Duty, Regime: Partial\u00a0<\/p>\t\t\t\t\t\t\t\t<\/div>\n\t\t\t\t<\/div>\n\t\t\t\t\t<\/div>\n\t\t<\/div>\n\t\t\t\t\t<\/div>\n\t\t<\/section>\n\t\t\t\t<\/div>\n\t\t\n    <div class=\"xs_social_share_widget xs_share_url after_content \t\tmain_content  wslu-style-1 wslu-share-box-shaped wslu-fill-colored wslu-none wslu-share-horizontal wslu-theme-font-no wslu-main_content\">\n\n\t\t\n        <ul>\n\t\t\t        <\/ul>\n    <\/div>","protected":false},"excerpt":{"rendered":"<p>Professores Forma\u00e7\u00e3o acad\u00eamica\/titula\u00e7\u00e3o 2019 &#8211; 2020 Especializa\u00e7\u00e3o \u2013 P\u00f3s Gradua\u00e7\u00e3o Latu SensuSociedade Vegetariana Brasileira e Plenitude eventos, S\u00e3o Paulo, SP, BrasilT\u00edtulo: P\u00f3s Gradua\u00e7\u00e3o em Nutri\u00e7\u00e3o Vegetariana 2016 &#8211; 2017 Especializa\u00e7\u00e3o \u2013 P\u00f3s Gradua\u00e7\u00e3o Latu SensuAlbert Einstein Instituto Israelita de Ensino e Pesquisa, S\u00e3o Paulo, SP, BrasilT\u00edtulo: P\u00f3s Gradua\u00e7\u00e3o em Bases da Medicina Integrativa 2017- 2017 [&hellip;]<\/p>\n","protected":false},"author":4,"featured_media":0,"parent":2227,"menu_order":0,"comment_status":"closed","ping_status":"closed","template":"","meta":{"footnotes":""},"class_list":["post-2311","page","type-page","status-publish","hentry"],"_links":{"self":[{"href":"https:\/\/hmkeducation.com\/en\/wp-json\/wp\/v2\/pages\/2311","targetHints":{"allow":["GET"]}}],"collection":[{"href":"https:\/\/hmkeducation.com\/en\/wp-json\/wp\/v2\/pages"}],"about":[{"href":"https:\/\/hmkeducation.com\/en\/wp-json\/wp\/v2\/types\/page"}],"author":[{"embeddable":true,"href":"https:\/\/hmkeducation.com\/en\/wp-json\/wp\/v2\/users\/4"}],"replies":[{"embeddable":true,"href":"https:\/\/hmkeducation.com\/en\/wp-json\/wp\/v2\/comments?post=2311"}],"version-history":[{"count":0,"href":"https:\/\/hmkeducation.com\/en\/wp-json\/wp\/v2\/pages\/2311\/revisions"}],"up":[{"embeddable":true,"href":"https:\/\/hmkeducation.com\/en\/wp-json\/wp\/v2\/pages\/2227"}],"wp:attachment":[{"href":"https:\/\/hmkeducation.com\/en\/wp-json\/wp\/v2\/media?parent=2311"}],"curies":[{"name":"wp","href":"https:\/\/api.w.org\/{rel}","templated":true}]}}