{"id":4196,"date":"2024-04-03T02:47:51","date_gmt":"2024-04-03T02:47:51","guid":{"rendered":"https:\/\/hmkeducation.com\/?page_id=4196"},"modified":"2024-04-03T02:53:29","modified_gmt":"2024-04-03T02:53:29","slug":"politica-de-privacidade","status":"publish","type":"page","link":"https:\/\/hmkeducation.com\/en\/politica-de-privacidade\/","title":{"rendered":"Privacy policy"},"content":{"rendered":"<div data-elementor-type=\"wp-page\" data-elementor-id=\"4196\" class=\"elementor elementor-4196\" data-elementor-settings=\"{&quot;ha_cmc_init_switcher&quot;:&quot;no&quot;}\" data-elementor-post-type=\"page\">\n\t\t\t\t\t\t<section class=\"elementor-section elementor-top-section elementor-element elementor-element-1f14cca1 elementor-section-boxed elementor-section-height-default elementor-section-height-default\" data-id=\"1f14cca1\" data-element_type=\"section\" data-e-type=\"section\">\n\t\t\t\t\t\t<div class=\"elementor-container elementor-column-gap-default\">\n\t\t\t\t\t<div class=\"elementor-column elementor-col-100 elementor-top-column elementor-element elementor-element-2de5e844\" data-id=\"2de5e844\" data-element_type=\"column\" data-e-type=\"column\">\n\t\t\t<div class=\"elementor-widget-wrap elementor-element-populated\">\n\t\t\t\t\t\t<div class=\"elementor-element elementor-element-58fd5aa elementor-widget elementor-widget-heading\" data-id=\"58fd5aa\" data-element_type=\"widget\" data-e-type=\"widget\" data-widget_type=\"heading.default\">\n\t\t\t\t<div class=\"elementor-widget-container\">\n\t\t\t\t\t<h1 class=\"elementor-heading-title elementor-size-default\">PRIVACY POLICY<\/h1>\t\t\t\t<\/div>\n\t\t\t\t<\/div>\n\t\t\t\t<div class=\"elementor-element elementor-element-787b9927 elementor-widget elementor-widget-text-editor\" data-id=\"787b9927\" data-element_type=\"widget\" data-e-type=\"widget\" data-widget_type=\"text-editor.default\">\n\t\t\t\t<div class=\"elementor-widget-container\">\n\t\t\t\t\t\t\t\t\t<p><\/p>\n<p><\/p>\n<p><\/p>\n<h2 class=\"wp-block-heading\">Comments<\/h2>\n<p><\/p>\n<p><\/p>\n<p>When visitors leave comments on the site, we collect the data shown in the comments form, as well as the visitor's IP address and browser data, to help detect spam.<\/p>\n<p><\/p>\n<p><\/p>\n<p>An anonymized string of characters created from your email (also called a hash) can be sent to Gravatar to verify that you use the service. Gravatar's privacy policy is available here: https:\/\/automattic.com\/privacy\/. Once your comment has been approved, your profile picture is publicly visible next to your comment.<\/p>\n<p><\/p>\n<p><\/p>\n<h2 class=\"wp-block-heading\">Media<\/h2>\n<p><\/p>\n<p><\/p>\n<p>If you upload images to the site, avoid uploading images that contain embedded location data (EXIF GPS). Visitors can download these images from the site and extract their location data from them.<\/p>\n<p><\/p>\n<p><\/p>\n<h2 class=\"wp-block-heading\">Cookies<\/h2>\n<p><\/p>\n<p><\/p>\n<p>When you leave a comment on the site, you can choose to save your name, e-mail address and website in cookies. This is for your convenience, so you don't have to fill in your details again when you make another comment. These cookies last for one year.<\/p>\n<p><\/p>\n<p><\/p>\n<p>If you have an account and access this site, a temporary cookie will be created to determine whether your browser accepts cookies. It does not contain any personal data and will be discarded when you close your browser.<\/p>\n<p><\/p>\n<p><\/p>\n<p>When you access your account on the site, we also create various cookies to save your account data and your screen display choices. Login cookies are kept for two days and screen choice cookies for one year. If you select \"Remember me\", your access will be maintained for two weeks. If you log out of your account, the login cookies will be removed.<\/p>\n<p><\/p>\n<p><\/p>\n<p>If you edit or publish an article, an additional cookie will be saved in your browser. This cookie does not include any personal data and simply indicates the post ID of the article you have just edited. It expires after 1 day.<\/p>\n<p><\/p>\n<p><\/p>\n<h2 class=\"wp-block-heading\">Embedded media from other sites<\/h2>\n<p><\/p>\n<p><\/p>\n<p>Articles on this site may include embedded content such as videos, images, articles, etc. Embedded content from other sites behaves in exactly the same way as if the visitor were visiting the other site.<\/p>\n<p><\/p>\n<p><\/p>\n<p>These sites may collect data about you, use cookies, embed additional third-party tracking and monitor your interaction with this embedded content, including your interaction with the embedded content if you have an account and are logged in to the site.<\/p>\n<p><\/p>\n<p><\/p>\n<h2 class=\"wp-block-heading\">Who we share your data with<\/h2>\n<p><\/p>\n<p><\/p>\n<p>If you request a password reset, your IP address will be included in the password reset email.<\/p>\n<p><\/p>\n<p><\/p>\n<h2 class=\"wp-block-heading\">How long we keep your data<\/h2>\n<p><\/p>\n<p><\/p>\n<p>If you leave a comment, the comment and its metadata are retained indefinitely. We do this so that we can automatically recognize and approve any subsequent comments instead of retaining them for moderation.<\/p>\n<p><\/p>\n<p><\/p>\n<p>For users who register on our site (if any), we also store the personal information they provide in their user profile. All users can view, edit or delete their personal information at any time (only their username cannot be changed). Site administrators can also view and edit this information.<\/p>\n<p><\/p>\n<p><\/p>\n<h2 class=\"wp-block-heading\">What rights you have over your data<\/h2>\n<p><\/p>\n<p><\/p>\n<p>If you have an account on this site or have left comments, you can request an exported file of the personal data we hold about you, including any data you have provided to us. You can also request that we remove any personal data we hold about you. This does not include any data that we are obliged to keep for administrative, legal or security purposes.<\/p>\n<p><\/p>\n<p><\/p>\n<h2 class=\"wp-block-heading\">Where your data is sent<\/h2>\n<p><\/p>\n<p><\/p>\n<p>Visitor comments can be flagged by an automatic spam detection service.<\/p>\n<p><\/p>\t\t\t\t\t\t\t\t<\/div>\n\t\t\t\t<\/div>\n\t\t\t\t\t<\/div>\n\t\t<\/div>\n\t\t\t\t\t<\/div>\n\t\t<\/section>\n\t\t\t\t<\/div>\n\t\t\n    <div class=\"xs_social_share_widget xs_share_url after_content \t\tmain_content  wslu-style-1 wslu-share-box-shaped wslu-fill-colored wslu-none wslu-share-horizontal wslu-theme-font-no wslu-main_content\">\n\n\t\t\n        <ul>\n\t\t\t        <\/ul>\n    <\/div>","protected":false},"excerpt":{"rendered":"<p>POL\u00cdTICA DE PRIVACIDADE Coment\u00e1rios Quando os visitantes deixam coment\u00e1rios no site, coletamos os dados mostrados no formul\u00e1rio de coment\u00e1rios, al\u00e9m do endere\u00e7o de IP e de dados do navegador do visitante, para auxiliar na detec\u00e7\u00e3o de spam. Uma sequ\u00eancia anonimizada de caracteres criada a partir do seu e-mail (tamb\u00e9m chamada de hash) poder\u00e1 ser enviada [&hellip;]<\/p>\n","protected":false},"author":3,"featured_media":0,"parent":0,"menu_order":0,"comment_status":"closed","ping_status":"closed","template":"","meta":{"footnotes":""},"class_list":["post-4196","page","type-page","status-publish","hentry"],"_links":{"self":[{"href":"https:\/\/hmkeducation.com\/en\/wp-json\/wp\/v2\/pages\/4196","targetHints":{"allow":["GET"]}}],"collection":[{"href":"https:\/\/hmkeducation.com\/en\/wp-json\/wp\/v2\/pages"}],"about":[{"href":"https:\/\/hmkeducation.com\/en\/wp-json\/wp\/v2\/types\/page"}],"author":[{"embeddable":true,"href":"https:\/\/hmkeducation.com\/en\/wp-json\/wp\/v2\/users\/3"}],"replies":[{"embeddable":true,"href":"https:\/\/hmkeducation.com\/en\/wp-json\/wp\/v2\/comments?post=4196"}],"version-history":[{"count":0,"href":"https:\/\/hmkeducation.com\/en\/wp-json\/wp\/v2\/pages\/4196\/revisions"}],"wp:attachment":[{"href":"https:\/\/hmkeducation.com\/en\/wp-json\/wp\/v2\/media?parent=4196"}],"curies":[{"name":"wp","href":"https:\/\/api.w.org\/{rel}","templated":true}]}}