{"id":1307,"date":"2021-09-17T19:38:14","date_gmt":"2021-09-17T19:38:14","guid":{"rendered":"https:\/\/hmkeducation.com?page_id=1307"},"modified":"2024-05-16T12:57:19","modified_gmt":"2024-05-16T12:57:19","slug":"termos-de-uso","status":"publish","type":"page","link":"https:\/\/hmkeducation.com\/it\/termos-de-uso\/","title":{"rendered":"Condizioni d'uso"},"content":{"rendered":"<div data-elementor-type=\"wp-page\" data-elementor-id=\"1307\" class=\"elementor elementor-1307\" data-elementor-settings=\"{&quot;ha_cmc_init_switcher&quot;:&quot;no&quot;}\" data-elementor-post-type=\"page\">\n\t\t\t\t\t\t<section class=\"elementor-section elementor-top-section elementor-element elementor-element-f5d6176 elementor-section-boxed elementor-section-height-default elementor-section-height-default\" data-id=\"f5d6176\" data-element_type=\"section\" data-e-type=\"section\">\n\t\t\t\t\t\t<div class=\"elementor-container elementor-column-gap-default\">\n\t\t\t\t\t<div class=\"elementor-column elementor-col-100 elementor-top-column elementor-element elementor-element-0093bd0\" data-id=\"0093bd0\" data-element_type=\"column\" data-e-type=\"column\">\n\t\t\t<div class=\"elementor-widget-wrap elementor-element-populated\">\n\t\t\t\t\t\t<div class=\"elementor-element elementor-element-068043e elementor-widget elementor-widget-heading\" data-id=\"068043e\" data-element_type=\"widget\" data-e-type=\"widget\" data-widget_type=\"heading.default\">\n\t\t\t\t<div class=\"elementor-widget-container\">\n\t\t\t\t\t<h1 class=\"elementor-heading-title elementor-size-default\">TERMINI E CONDIZIONI<\/h1>\t\t\t\t<\/div>\n\t\t\t\t<\/div>\n\t\t\t\t<div class=\"elementor-element elementor-element-b3b0976 elementor-widget elementor-widget-text-editor\" data-id=\"b3b0976\" data-element_type=\"widget\" data-e-type=\"widget\" data-widget_type=\"text-editor.default\">\n\t\t\t\t<div class=\"elementor-widget-container\">\n\t\t\t\t\t\t\t\t\t<p><span style=\"font-weight: 400;\">Informazioni sull'uso di cosmetici derma o cosmetici in modo inappropriato, il produttore non \u00e8 responsabile della somministrazione allo studente.\u00a0<\/span><span style=\"font-weight: 400;\">Prima di tutto, per\u00f2, la scuola si assicurer\u00e0 che i prodotti siano tutti testati come ipoallergenici.\u00a0<\/span><\/p><p><span style=\"font-weight: 400;\">Tutte le informazioni presentate dalla scuola saranno documentate sulla base di riferimenti scientifici.<\/span><\/p>\t\t\t\t\t\t\t\t<\/div>\n\t\t\t\t<\/div>\n\t\t\t\t<div class=\"elementor-element elementor-element-00f6ab6 elementor-widget elementor-widget-heading\" data-id=\"00f6ab6\" data-element_type=\"widget\" data-e-type=\"widget\" data-widget_type=\"heading.default\">\n\t\t\t\t<div class=\"elementor-widget-container\">\n\t\t\t\t\t<h2 class=\"elementor-heading-title elementor-size-default\">Conoscenza dei termini e delle condizioni (AGB)<\/h2>\t\t\t\t<\/div>\n\t\t\t\t<\/div>\n\t\t\t\t<div class=\"elementor-element elementor-element-e17c962 elementor-widget elementor-widget-text-editor\" data-id=\"e17c962\" data-element_type=\"widget\" data-e-type=\"widget\" data-widget_type=\"text-editor.default\">\n\t\t\t\t<div class=\"elementor-widget-container\">\n\t\t\t\t\t\t\t\t\t<p><span style=\"font-weight: 400;\">Ho letto le informazioni relative ai contenuti dello studio, agli obblighi e ai doveri dello studente nei confronti della scuola e della scuola nei confronti dello studente.<\/span><\/p><p><span style=\"font-weight: 400;\">Corsi di lunga durata come il Diploma in Medicina Estetica e Cosmesi Integrativa, e altri corsi, nonch\u00e9 una scuola strutturata su esami finali per preparare realmente lo studente al mercato del lavoro, in considerazione della sua responsabilit\u00e0 nei confronti dello studente e dello studente nei confronti della scuola.<\/span><\/p><p><span style=\"font-weight: 400;\">Riconosco e sottoscrivo questa richiesta di modello educativo.\u00a0\u00a0<\/span><span style=\"font-weight: 400;\">A fronte di un contratto di studio con i rispettivi orari e date gi\u00e0 programmati, lo studente \u00e8 responsabile del pagamento e della presenza fisica alle lezioni.\u00a0<\/span><\/p><p><span style=\"font-weight: 400;\">Assenze senza\u00a0<\/span><span style=\"font-weight: 400;\">giustificazione accettabile, la scuola non \u00e8 responsabile per la lezione che lo studente ha perso. Lo studente dovr\u00e0 quindi pagare la parte di lezione che ha perso. <\/span><span style=\"font-weight: 400;\">Con costi gi\u00e0 descritti nel contratto di studio specificato allo studente.\u00a0<\/span><span style=\"font-weight: 400;\">La scuola sar\u00e0 a disposizione dello studente per qualsiasi domanda.<\/span><\/p><p><span style=\"font-weight: 400;\">In caso di assenza di un mese, lo studente non potr\u00e0 proseguire gli studi fino a quando non avr\u00e0 pagato la quota per le lezioni perse, per poter seguire la metodologia di studio della scuola.<\/span><\/p><p><span style=\"font-weight: 400;\">La scuola offrir\u00e0 lezioni pratiche e teoriche, nonch\u00e9 seminari durante il corso, in modo che possiate sfruttare al meglio le vostre conoscenze.\u00a0<\/span><\/p><p><span style=\"font-weight: 400;\">Gli esami si terranno alla fine di ogni mese per le materie gi\u00e0 svolte e alla fine di ogni anno per le materie svolte durante l'anno scolastico.\u00a0<\/span><span style=\"font-weight: 400;\">Il mancato superamento dell'esame finale comporter\u00e0 la bocciatura dello studente e l'obbligo di studiare nuovamente la materia, ma a pagamento. <\/span><\/p>\t\t\t\t\t\t\t\t<\/div>\n\t\t\t\t<\/div>\n\t\t\t\t<div class=\"elementor-element elementor-element-2988384 elementor-widget elementor-widget-heading\" data-id=\"2988384\" data-element_type=\"widget\" data-e-type=\"widget\" data-widget_type=\"heading.default\">\n\t\t\t\t<div class=\"elementor-widget-container\">\n\t\t\t\t\t<h2 class=\"elementor-heading-title elementor-size-default\">Copyrights<\/h2>\t\t\t\t<\/div>\n\t\t\t\t<\/div>\n\t\t\t\t<div class=\"elementor-element elementor-element-7def6fc elementor-widget elementor-widget-text-editor\" data-id=\"7def6fc\" data-element_type=\"widget\" data-e-type=\"widget\" data-widget_type=\"text-editor.default\">\n\t\t\t\t<div class=\"elementor-widget-container\">\n\t\t\t\t\t\t\t\t\t<p><span style=\"font-weight: 400;\">Le lezioni, sotto forma di diapositive o dispense, saranno fornite da HMK Education.<\/span><\/p><p><span style=\"font-weight: 400;\">Tutte le informazioni e le foto delle lezioni prodotte dai docenti incaricati non possono essere utilizzate per altri corsi di terzi. <\/span><span style=\"font-weight: 400;\">Sotto pena di multa e di azione legale, in base alla legge svizzera.<\/span><\/p><p><span style=\"font-weight: 400;\">Le lezioni consegnate agli studenti saranno esclusivamente per uso di studio e nient'altro<\/span><\/p>\t\t\t\t\t\t\t\t<\/div>\n\t\t\t\t<\/div>\n\t\t\t\t<div class=\"elementor-element elementor-element-ad1b772 elementor-widget elementor-widget-heading\" data-id=\"ad1b772\" data-element_type=\"widget\" data-e-type=\"widget\" data-widget_type=\"heading.default\">\n\t\t\t\t<div class=\"elementor-widget-container\">\n\t\t\t\t\t<h2 class=\"elementor-heading-title elementor-size-default\">Termini e regole della scuola<\/h2>\t\t\t\t<\/div>\n\t\t\t\t<\/div>\n\t\t\t\t<div class=\"elementor-element elementor-element-3cdc463 elementor-widget elementor-widget-text-editor\" data-id=\"3cdc463\" data-element_type=\"widget\" data-e-type=\"widget\" data-widget_type=\"text-editor.default\">\n\t\t\t\t<div class=\"elementor-widget-container\">\n\t\t\t\t\t\t\t\t\t<ul><li><span style=\"font-weight: 400;\">Lo studente sar\u00e0 informato di tutte le regole e i regolamenti forniti dalla scuola.<\/span><\/li><li>Sar\u00e0 consapevole di tutti i suoi diritti e doveri da rispettare.<\/li><li>Solo allora firmerete il contratto di studio con HMK Education.<\/li><li>Si rendono conto che devono pagare tutte le tasse scolastiche anche se non frequentano le lezioni.<\/li><li>In caso di forza maggiore, si prega di contattare la scuola per chiarire tutti i dubbi.<\/li><\/ul>\t\t\t\t\t\t\t\t<\/div>\n\t\t\t\t<\/div>\n\t\t\t\t<div class=\"elementor-element elementor-element-92a8db7 elementor-widget elementor-widget-heading\" data-id=\"92a8db7\" data-element_type=\"widget\" data-e-type=\"widget\" data-widget_type=\"heading.default\">\n\t\t\t\t<div class=\"elementor-widget-container\">\n\t\t\t\t\t<h2 class=\"elementor-heading-title elementor-size-default\">Forma di pagamento<\/h2>\t\t\t\t<\/div>\n\t\t\t\t<\/div>\n\t\t\t\t<div class=\"elementor-element elementor-element-bd0555a elementor-widget elementor-widget-text-editor\" data-id=\"bd0555a\" data-element_type=\"widget\" data-e-type=\"widget\" data-widget_type=\"text-editor.default\">\n\t\t\t\t<div class=\"elementor-widget-container\">\n\t\t\t\t\t\t\t\t\t<p><span style=\"font-weight: 400;\">Il pagamento deve essere effettuato come segue:<\/span><\/p><p><span style=\"font-weight: 400;\">(si applica a workshop, seminari e corsi)<\/span><\/p><p><span style=\"font-weight: 400;\">Se la quota del corso viene pagata per intero subito dopo la conferma dell'iscrizione, la scuola offrir\u00e0 un bonus di sconto del 5% sul prezzo totale.<\/span><\/p><p><span style=\"font-weight: 400;\">25% del prezzo totale deve essere pagato come deposito al momento della conferma dell'iscrizione.<\/span><\/p><p><span style=\"font-weight: 400;\">Il resto del corso sar\u00e0 finanziato dalle organizzazioni partner della scuola, rendendo pi\u00f9 facile per gli studenti pagare una quota mensile pi\u00f9 accessibile.\u00a0<\/span><\/p><p><span style=\"font-weight: 400;\">Per i corsi di valore inferiore a 3.000 franchi, gli studenti possono anche pagare direttamente alla scuola in modo rateale con un contratto autenticato.<\/span><\/p><p><span style=\"font-weight: 400;\">Diritto di recesso e costi in caso di cancellazione del contratto.\u00a0<\/span><\/p><p><span style=\"font-weight: 400;\">Se la frequenza dello studente non raggiunge i 90%, non sar\u00e0 possibile completare il corso. La Scuola tratterr\u00e0 il deposito.\u00a0<\/span><\/p><p><span style=\"font-weight: 400;\">La cancellazione scritta e la richiesta di un successivo riavvio del corso devono essere presentate in anticipo per iscritto all'ufficio della scuola.\u00a0<\/span><\/p><p><span style=\"font-weight: 400;\">Se la scuola non viene informata, lo studente adempie comunque al suo obbligo anche se non frequenta le lezioni.<\/span><\/p><p><span style=\"font-weight: 400;\">Tutti gli obblighi contrattuali per il partecipante sono rimasti invariati.<\/span><\/p><p><span style=\"font-weight: 400;\">Se un contratto viene annullato senza nominare un sostituto fino a 45 giorni prima dell'inizio del corso, verr\u00e0 applicata una penale contrattuale di 50% del costo del corso.<\/span><\/p><p><span style=\"font-weight: 400;\">Se un contratto viene cancellato senza nominare un sostituto meno di 30 giorni prima dell'inizio del corso, verr\u00e0 addebitata l'intera quota del corso.<\/span><\/p><p><span style=\"font-weight: 400;\">Materiale proprio: La Scuola si far\u00e0 carico del materiale necessario per il corso, come le dispense per ogni semestre.\u00a0<\/span><\/p><p><span style=\"font-weight: 400;\">Perdita di dispense, spese di stampa a carico della scuola.\u00a0<\/span><\/p><p><span style=\"font-weight: 400;\">I partecipanti sono responsabili dell'acquisto di:<\/span><\/p><p><span style=\"font-weight: 400;\">Ci sono costi aggiuntivi per gli esami e i libri\/scritti di apprendimento.<\/span><\/p><p><span style=\"font-weight: 400;\">- Tasse d'esame CHF 300<\/span><\/p><p><span style=\"font-weight: 400;\">- Libri - Roadmap costa 500 CHF<\/span><\/p>\t\t\t\t\t\t\t\t<\/div>\n\t\t\t\t<\/div>\n\t\t\t\t<div class=\"elementor-element elementor-element-f5fa66b elementor-widget elementor-widget-heading\" data-id=\"f5fa66b\" data-element_type=\"widget\" data-e-type=\"widget\" data-widget_type=\"heading.default\">\n\t\t\t\t<div class=\"elementor-widget-container\">\n\t\t\t\t\t<h2 class=\"elementor-heading-title elementor-size-default\">Regole generali<\/h2>\t\t\t\t<\/div>\n\t\t\t\t<\/div>\n\t\t\t\t<div class=\"elementor-element elementor-element-d16a690 elementor-widget elementor-widget-text-editor\" data-id=\"d16a690\" data-element_type=\"widget\" data-e-type=\"widget\" data-widget_type=\"text-editor.default\">\n\t\t\t\t<div class=\"elementor-widget-container\">\n\t\t\t\t\t\t\t\t\t<p><span style=\"font-weight: 400;\">\u00c8 vietato fumare in tutto l'edificio scolastico, \u00e8 vietato l'abbigliamento e le pantofole inadeguate.\u00a0<\/span><\/p><p><span style=\"font-weight: 400;\">Gli studenti devono indossare camici bianchi durante le lezioni di laboratorio.<\/span><\/p><p><span style=\"font-weight: 400;\">Gli studenti devono rispettare l'orario di studio per non disturbare i compagni.\u00a0<\/span><\/p><p><span style=\"font-weight: 400;\">Devono essere rispettosi nei confronti dei compagni, degli insegnanti e del personale scolastico.<\/span><\/p><p><span style=\"font-weight: 400;\">Qualsiasi comportamento irrispettoso sar\u00e0 punito con l'esclusione dalle lezioni, una multa e nessun rimborso del pagamento.<\/span><\/p><p><span style=\"font-weight: 400;\">Mantenere la scuola pulita e ordinata \u00e8 un dovere di tutti.<\/span><\/p><p><span style=\"font-weight: 400;\">Non \u00e8 consentito filmare le lezioni o le registrazioni.<\/span><\/p><p><span style=\"font-weight: 400;\">Se lo studente non capisce, l'argomento sar\u00e0 ripetuto tante volte quanto necessario per l'apprendimento.\u00a0<\/span><\/p><p><span style=\"font-weight: 400;\">Spegnete il cellulare o mettetelo in mute per non disturbare l'insegnante in classe o i vostri compagni di studio.<\/span><\/p>\t\t\t\t\t\t\t\t<\/div>\n\t\t\t\t<\/div>\n\t\t\t\t<div class=\"elementor-element elementor-element-1536ab5 elementor-widget elementor-widget-heading\" data-id=\"1536ab5\" data-element_type=\"widget\" data-e-type=\"widget\" data-widget_type=\"heading.default\">\n\t\t\t\t<div class=\"elementor-widget-container\">\n\t\t\t\t\t<h2 class=\"elementor-heading-title elementor-size-default\">Regolamento<\/h2>\t\t\t\t<\/div>\n\t\t\t\t<\/div>\n\t\t\t\t<div class=\"elementor-element elementor-element-dc74192 elementor-widget elementor-widget-text-editor\" data-id=\"dc74192\" data-element_type=\"widget\" data-e-type=\"widget\" data-widget_type=\"text-editor.default\">\n\t\t\t\t<div class=\"elementor-widget-container\">\n\t\t\t\t\t\t\t\t\t<p><span style=\"font-weight: 400;\">Le date degli esami finali con prove pratiche, teoriche e orali saranno stabilite dal coordinamento della scuola.\u00a0<\/span><\/p><p><span style=\"font-weight: 400;\">Alla fine di ogni modulo \u00e8 previsto un esame scritto. Questo verificher\u00e0 se lo studente \u00e8 pronto a passare alla fase successiva.\u00a0<\/span><\/p><p><span style=\"font-weight: 400;\">Se lo studente non ha ancora raggiunto la comprensione necessaria, dovr\u00e0 ripetere il modulo a pagamento.\u00a0<\/span><\/p><p><span style=\"font-weight: 400;\">Alla fine dell'intero corso, ci sar\u00e0 un esame finale. L'esame deve essere completato con i punti richiesti per l'approvazione finale.\u00a0<\/span><\/p><p><span style=\"font-weight: 400;\">Ripetere gli esami finali teorici costa 400 Chf al giorno.<\/span><\/p><p><span style=\"font-weight: 400;\">Ripetere gli esami pratici finali costa 200 franchi al giorno.<\/span><\/p><p><span style=\"font-weight: 400;\">Se sono stati persi pi\u00f9 di 5 giorni di lavoro prima dell'esame finale, che non possono essere recuperati prima dell'esame finale, il partecipante non superer\u00e0 l'esame.<\/span><\/p>\t\t\t\t\t\t\t\t<\/div>\n\t\t\t\t<\/div>\n\t\t\t\t\t<\/div>\n\t\t<\/div>\n\t\t\t\t\t<\/div>\n\t\t<\/section>\n\t\t\t\t<\/div>\n\t\t\n    <div class=\"xs_social_share_widget xs_share_url after_content \t\tmain_content  wslu-style-1 wslu-share-box-shaped wslu-fill-colored wslu-none wslu-share-horizontal wslu-theme-font-no wslu-main_content\">\n\n\t\t\n        <ul>\n\t\t\t        <\/ul>\n    <\/div>","protected":false},"excerpt":{"rendered":"<p>TERMOS E CONDI\u00c7\u00d5ES As informa\u00e7\u00f5es sobre aplica\u00e7\u00f5es dos derma cosm\u00e9ticos ou cosm\u00e9ticos de maneira inadequada, o fabricante n\u00e3o tem responsabilidade sobre administra\u00e7\u00e3o do aluno.\u00a0Por\u00e9m, antes de tudo a escola certificar\u00e1 que os produtos s\u00e3o todos\u00a0 testados como hipoalerg\u00eanicos.\u00a0 Todas as informa\u00e7\u00f5es apresentadas pela escola, ser\u00e1 documentada em bases nas refer\u00eancias cient\u00edficas. Conhecimento dos Termos e [&hellip;]<\/p>\n","protected":false},"author":3,"featured_media":0,"parent":0,"menu_order":0,"comment_status":"closed","ping_status":"closed","template":"elementor_header_footer","meta":{"footnotes":""},"class_list":["post-1307","page","type-page","status-publish","hentry"],"_links":{"self":[{"href":"https:\/\/hmkeducation.com\/it\/wp-json\/wp\/v2\/pages\/1307","targetHints":{"allow":["GET"]}}],"collection":[{"href":"https:\/\/hmkeducation.com\/it\/wp-json\/wp\/v2\/pages"}],"about":[{"href":"https:\/\/hmkeducation.com\/it\/wp-json\/wp\/v2\/types\/page"}],"author":[{"embeddable":true,"href":"https:\/\/hmkeducation.com\/it\/wp-json\/wp\/v2\/users\/3"}],"replies":[{"embeddable":true,"href":"https:\/\/hmkeducation.com\/it\/wp-json\/wp\/v2\/comments?post=1307"}],"version-history":[{"count":0,"href":"https:\/\/hmkeducation.com\/it\/wp-json\/wp\/v2\/pages\/1307\/revisions"}],"wp:attachment":[{"href":"https:\/\/hmkeducation.com\/it\/wp-json\/wp\/v2\/media?parent=1307"}],"curies":[{"name":"wp","href":"https:\/\/api.w.org\/{rel}","templated":true}]}}