{"id":2285,"date":"2023-04-03T16:49:47","date_gmt":"2023-04-03T16:49:47","guid":{"rendered":"https:\/\/hmkeducation.com?page_id=2285"},"modified":"2023-04-03T17:16:30","modified_gmt":"2023-04-03T17:16:30","slug":"dailys-pires-bergesch","status":"publish","type":"page","link":"https:\/\/hmkeducation.com\/it\/professores\/dailys-pires-bergesch\/","title":{"rendered":"Dailys Pires Bergesch"},"content":{"rendered":"<div data-elementor-type=\"wp-page\" data-elementor-id=\"2285\" class=\"elementor elementor-2285\" data-elementor-settings=\"{&quot;ha_cmc_init_switcher&quot;:&quot;no&quot;}\" data-elementor-post-type=\"page\">\n\t\t\t\t\t\t<section class=\"elementor-section elementor-top-section elementor-element elementor-element-47998ca8 elementor-section-height-min-height elementor-section-content-middle elementor-section-boxed elementor-section-height-default elementor-section-items-middle\" data-id=\"47998ca8\" data-element_type=\"section\" data-e-type=\"section\" data-settings=\"{&quot;background_background&quot;:&quot;classic&quot;}\">\n\t\t\t\t\t\t\t<div class=\"elementor-background-overlay\"><\/div>\n\t\t\t\t\t\t\t<div class=\"elementor-container elementor-column-gap-no\">\n\t\t\t\t\t<div class=\"elementor-column elementor-col-100 elementor-top-column elementor-element elementor-element-4f3f5f5d\" data-id=\"4f3f5f5d\" data-element_type=\"column\" data-e-type=\"column\" data-settings=\"{&quot;background_background&quot;:&quot;classic&quot;}\">\n\t\t\t<div class=\"elementor-widget-wrap elementor-element-populated\">\n\t\t\t\t\t\t<div class=\"elementor-element elementor-element-48bea9f6 elementor-widget elementor-widget-heading\" data-id=\"48bea9f6\" data-element_type=\"widget\" data-e-type=\"widget\" data-widget_type=\"heading.default\">\n\t\t\t\t<div class=\"elementor-widget-container\">\n\t\t\t\t\t<h1 class=\"elementor-heading-title elementor-size-default\">Insegnanti<\/h1>\t\t\t\t<\/div>\n\t\t\t\t<\/div>\n\t\t\t\t\t<\/div>\n\t\t<\/div>\n\t\t\t\t\t<\/div>\n\t\t<\/section>\n\t\t\t\t<section class=\"elementor-section elementor-top-section elementor-element elementor-element-4295e694 elementor-section-boxed elementor-section-height-default elementor-section-height-default\" data-id=\"4295e694\" data-element_type=\"section\" data-e-type=\"section\">\n\t\t\t\t\t\t\t<div class=\"elementor-background-overlay\"><\/div>\n\t\t\t\t\t\t\t<div class=\"elementor-container elementor-column-gap-no\">\n\t\t\t\t\t<div class=\"elementor-column elementor-col-50 elementor-top-column elementor-element elementor-element-77103ac6\" data-id=\"77103ac6\" data-element_type=\"column\" data-e-type=\"column\">\n\t\t\t<div class=\"elementor-widget-wrap elementor-element-populated\">\n\t\t\t\t\t\t<div class=\"elementor-element elementor-element-5281b5e5 elementor-widget elementor-widget-image\" data-id=\"5281b5e5\" data-element_type=\"widget\" data-e-type=\"widget\" data-widget_type=\"image.default\">\n\t\t\t\t<div class=\"elementor-widget-container\">\n\t\t\t\t\t\t\t\t\t\t\t\t\t\t\t<img fetchpriority=\"high\" decoding=\"async\" width=\"512\" height=\"512\" src=\"https:\/\/hmkeducation.com\/wp-content\/uploads\/2023\/04\/2.jpg\" class=\"attachment-full size-full wp-image-2232\" alt=\"\" srcset=\"https:\/\/hmkeducation.com\/wp-content\/uploads\/2023\/04\/2.jpg 512w, https:\/\/hmkeducation.com\/wp-content\/uploads\/2023\/04\/2-300x300.jpg 300w, https:\/\/hmkeducation.com\/wp-content\/uploads\/2023\/04\/2-150x150.jpg 150w, https:\/\/hmkeducation.com\/wp-content\/uploads\/2023\/04\/2-12x12.jpg 12w\" sizes=\"(max-width: 512px) 100vw, 512px\" \/>\t\t\t\t\t\t\t\t\t\t\t\t\t\t\t<\/div>\n\t\t\t\t<\/div>\n\t\t\t\t\t<\/div>\n\t\t<\/div>\n\t\t\t\t<div class=\"elementor-column elementor-col-50 elementor-top-column elementor-element elementor-element-41fc4c53\" data-id=\"41fc4c53\" data-element_type=\"column\" data-e-type=\"column\">\n\t\t\t<div class=\"elementor-widget-wrap elementor-element-populated\">\n\t\t\t\t\t\t<section class=\"elementor-section elementor-inner-section elementor-element elementor-element-643c23a4 elementor-section-boxed elementor-section-height-default elementor-section-height-default\" data-id=\"643c23a4\" data-element_type=\"section\" data-e-type=\"section\">\n\t\t\t\t\t\t<div class=\"elementor-container elementor-column-gap-no\">\n\t\t\t\t\t<div class=\"elementor-column elementor-col-100 elementor-inner-column elementor-element elementor-element-3d9f9cb9\" data-id=\"3d9f9cb9\" data-element_type=\"column\" data-e-type=\"column\" data-settings=\"{&quot;background_background&quot;:&quot;classic&quot;}\">\n\t\t\t<div class=\"elementor-widget-wrap elementor-element-populated\">\n\t\t\t\t\t<div class=\"elementor-background-overlay\"><\/div>\n\t\t\t\t\t\t<div class=\"elementor-element elementor-element-6c097656 elementor-widget-divider--separator-type-pattern elementor-widget-divider--view-line elementor-widget elementor-widget-divider\" data-id=\"6c097656\" data-element_type=\"widget\" data-e-type=\"widget\" data-widget_type=\"divider.default\">\n\t\t\t\t<div class=\"elementor-widget-container\">\n\t\t\t\t\t\t\t<div class=\"elementor-divider\" style=\"--divider-pattern-url: url(&quot;data:image\/svg+xml,%3Csvg xmlns=&#039;http:\/\/www.w3.org\/2000\/svg&#039; preserveAspectRatio=&#039;none&#039; overflow=&#039;visible&#039; height=&#039;100%&#039; viewBox=&#039;0 0 24 24&#039; fill=&#039;none&#039; stroke=&#039;black&#039; stroke-width=&#039;4&#039; stroke-linecap=&#039;square&#039; stroke-miterlimit=&#039;10&#039;%3E%3Cpolyline points=&#039;0,18 12,6 24,18 &#039;\/%3E%3C\/svg%3E&quot;);\">\n\t\t\t<span class=\"elementor-divider-separator\">\n\t\t\t\t\t\t<\/span>\n\t\t<\/div>\n\t\t\t\t\t\t<\/div>\n\t\t\t\t<\/div>\n\t\t\t\t<div class=\"elementor-element elementor-element-23b259e9 elementor-widget elementor-widget-heading\" data-id=\"23b259e9\" data-element_type=\"widget\" data-e-type=\"widget\" data-widget_type=\"heading.default\">\n\t\t\t\t<div class=\"elementor-widget-container\">\n\t\t\t\t\t<h3 class=\"elementor-heading-title elementor-size-default\">Dailys Pires Bergesch<\/h3>\t\t\t\t<\/div>\n\t\t\t\t<\/div>\n\t\t\t\t\t<\/div>\n\t\t<\/div>\n\t\t\t\t\t<\/div>\n\t\t<\/section>\n\t\t\t\t<div class=\"elementor-element elementor-element-2ccbc5c1 elementor-widget elementor-widget-text-editor\" data-id=\"2ccbc5c1\" data-element_type=\"widget\" data-e-type=\"widget\" data-widget_type=\"text-editor.default\">\n\t\t\t\t<div class=\"elementor-widget-container\">\n\t\t\t\t\t\t\t\t\t<pre id=\"tw-target-text\" class=\"tw-data-text tw-text-large tw-ta\" dir=\"ltr\" data-placeholder=\"Tradu\u00e7\u00e3o\"><span class=\"Y2IQFc\" lang=\"pt\">Master in SALUTE E SVILUPPO UMANO presso UNILASALLE, Specialista in ESTETISMO E COSMETOLOGIA presso UNYLEYA; Laurea in Educazione Fisica presso UNILASALLE.\nESTETICA E COSMETOLOGIA presso l'UNYLEYA; Laurea in Educazione Fisica presso l'Accademia di Educazione Fisica dell'ACM di Sorocaba (1987).\nCollegio di Educazione Fisica dell'ACM di Sorocaba (1987), Laurea in Estetica presso FADERGS e Laurea in Fisioterapia presso FADERGS. Con formazione tecnica di Estetista dell'Area Salute, agisce principalmente come insegnante nelle seguenti materie: elettroterapia con specializzazione in elettrostimolazione, valutazione estetica, estetica del corpo, estetica del viso e linfodrenaggio. Relatore in vari congressi nazionali e internazionali. Professore di diversi corsi post-laurea in Brasile. 20 anni di esperienza in ESTETICA E COSMETICA.\nFormazione in bendaggio elastico Kinesiotaping funzionale della pelle, KTape, Taping dinamico, Linfotaping.Istruttore International Rea Tape (POLONIA) di IKTA. Diffonde il metodo DLETaping di cui \u00e8 autrice dell'omonimo libro, tenendo corsi tecnici in Brasile e all'estero in paesi europei, Portogallo, Spagna, Francia e Polonia. Fa parte del centro estetico Cia do Toque. \u00c8 stata direttrice e insegnante della ESCOLA T\u00c9CNICA DE EST\u00c9TICA E MASSAGEM. Ha praticato ginnastica e bodybuilding per 20 anni.<\/span><\/pre>\t\t\t\t\t\t\t\t<\/div>\n\t\t\t\t<\/div>\n\t\t\t\t\t<\/div>\n\t\t<\/div>\n\t\t\t\t\t<\/div>\n\t\t<\/section>\n\t\t\t\t<section class=\"elementor-section elementor-top-section elementor-element elementor-element-5ad1f442 elementor-section-boxed elementor-section-height-default elementor-section-height-default\" data-id=\"5ad1f442\" data-element_type=\"section\" data-e-type=\"section\">\n\t\t\t\t\t\t\t<div class=\"elementor-background-overlay\"><\/div>\n\t\t\t\t\t\t\t<div class=\"elementor-container elementor-column-gap-no\">\n\t\t\t\t\t<div class=\"elementor-column elementor-col-100 elementor-top-column elementor-element elementor-element-f1b0d73\" data-id=\"f1b0d73\" data-element_type=\"column\" data-e-type=\"column\">\n\t\t\t<div class=\"elementor-widget-wrap elementor-element-populated\">\n\t\t\t\t\t\t<div class=\"elementor-element elementor-element-275a77fb elementor-widget elementor-widget-heading\" data-id=\"275a77fb\" data-element_type=\"widget\" data-e-type=\"widget\" data-widget_type=\"heading.default\">\n\t\t\t\t<div class=\"elementor-widget-container\">\n\t\t\t\t\t<h5 class=\"elementor-heading-title elementor-size-default\">Esperienza:<\/h5>\t\t\t\t<\/div>\n\t\t\t\t<\/div>\n\t\t\t\t<div class=\"elementor-element elementor-element-26908fe1 elementor-widget elementor-widget-text-editor\" data-id=\"26908fe1\" data-element_type=\"widget\" data-e-type=\"widget\" data-widget_type=\"text-editor.default\">\n\t\t\t\t<div class=\"elementor-widget-container\">\n\t\t\t\t\t\t\t\t\t<p>UNIMETROCAMP<strong> WYDEN, UNIMETROCAMP, Brasile.<br \/><\/strong>Contratto<br \/>2022 - Oggi\u00a0<\/p><p><strong>ISTITUTO MARILIA SOLER, IM, Brasile.<br \/><\/strong>Contratto<br \/>2021 - Oggi<\/p><p><strong>iCosmetologia, ICOSM, Brasile.<br \/><\/strong>Contratto<br \/>2016 - Presente<\/p><p><strong>Centro universitario Nossa Senhora do Patroc\u00ednio, CEUNSP, Brasile.<br \/><\/strong>Contratto<br \/>2019 &#8211; 2019\u00a0<\/p><p><strong>Centro universitario dei Collegi Metropolitani Uniti, FMU, Brasile.<br \/><\/strong>Contratto<br \/>2019 &#8211; 2019<\/p><p><strong>Instituto de Ensino Superior Brasileiro, ESB, Brasile.<br \/><\/strong>Contratto<br \/>2018 &#8211; 2019\u00a0<\/p><p><strong>Lucas Cristidis Me, LCMED, Brasile.<br \/><\/strong>Contratto<br \/>2006 &#8211; 2008<\/p><p><strong>Istituto di istruzione superiore del Para\u00edba, IESP, Brasile.<br \/><\/strong>Contratto<br \/>2017 &#8211; 2017\u00a0<\/p><p><strong>FACULDADE DE DESENVOLVIMENTO DO RIO GRANDE DO SUL, FADERGS, Brasile.<br \/><\/strong>Contratto<br \/>2017 &#8211; 2017\u00a0<\/p><p><strong>Universit\u00e0 di Santa Cruz do Sul, UNISC, Brasile.<br \/><\/strong>Contratto<br \/>2017 &#8211; 2017\u00a0<\/p><p><strong>Istituto di specializzazione in Amazonas, IESP, Brasile.<br \/><\/strong>Contratto<br \/>2018 &#8211; 2018\u00a0<\/p><p><strong>Centro universitario Ing\u00e1, UNINGA, Brasile.<br \/><\/strong>Contratto<br \/>2018 &#8211; 2018\u00a0<\/p><p><strong>Faculdade Cambury de Goi\u00e2nia, CAMBURY, Brasile.<br \/><\/strong>Contratto<br \/>2017 &#8211; 2018\u00a0<\/p><p><b>ESCOLA T\u00c9CNICA DE EST\u00c9TICA E MASSAGEM, ETEM, Brasile.<br \/><\/b><span style=\"color: var( --e-global-color-text ); font-family: var( --e-global-typography-f500460-font-family ), Sans-serif; font-size: var( --e-global-typography-f500460-font-size ); font-weight: var( --e-global-typography-f500460-font-weight ); letter-spacing: var( --e-global-typography-f500460-letter-spacing ); word-spacing: var( --e-global-typography-f500460-word-spacing );\">Contratto (Direttore)<br \/><\/span><span style=\"color: var( --e-global-color-text ); font-family: var( --e-global-typography-f500460-font-family ), Sans-serif; font-size: var( --e-global-typography-f500460-font-size ); font-weight: var( --e-global-typography-f500460-font-weight ); letter-spacing: var( --e-global-typography-f500460-letter-spacing ); word-spacing: var( --e-global-typography-f500460-word-spacing );\">2012 &#8211; 2019\u00a0<\/span><\/p><p><strong>DAILYS CURSOS, DAILYS CURSOS, Brasile.<br \/><\/strong>Contratto (Direttore)<br \/>2006 &#8211; 2019\u00a0\u00a0<\/p><p><strong>CIA DO TOQUE EST\u00c9TICA, CIA DO TOQUE, Brasile.<\/strong><\/p><p>Contratto<br \/>2012 - 2019 Tipo di impiego: ESTETISTA RESPONSABILE,\u00a0<\/p><p><strong>CENTRO TECNICO EDNA BALDO, CETEB, Brasile.<br \/><\/strong>Contratto<br \/>2003 &#8211; 2005\u00a0<\/p><p><strong>Universit\u00e0 Cattolica di Pelotas, UCPEL, Brasile.<br \/><\/strong>Contratto<br \/>2017 &#8211; 2017\u00a0<\/p><p><strong>KUR HOTEL - CL\u00cdNICA GRAMADO LTDA, KUR, Brasile.<br \/><\/strong>Contratto<br \/>1988 &#8211; 1988<\/p><p><strong>COMPANHIA THERMAS DO RIO QUENTE, RIO QUENTE, Brasile.<br \/><\/strong>Contratto<br \/>1987 &#8211; 1988\u00a0<\/p><p><strong>VETRI PRISMATICI, Brasile<br \/><\/strong>Contratto<br \/>1987 &#8211; 1987\u00a0<\/p><p><strong>TOGA EMPREENDIMENTOS HOTELEIROS LTDA, TOGA, Brasile.<br \/><\/strong>Contratto<br \/>1988 &#8211; 1988\u00a0<\/p><p><strong>LUIZ ANTONIO GRIGOLETTO, L\u00c1GUA, Brasile.<br \/><\/strong>Contratto<br \/>1995 &#8211; 1996\u00a0<\/p><p><strong>ASSOCIA\u00c7\u00c3O CRIST\u00c3 DE MO\u00c7OS DE SOROCABA, ACM, Brasile.<br \/><\/strong>Contratto<br \/>1984 &#8211; 1985\u00a0<\/p>\t\t\t\t\t\t\t\t<\/div>\n\t\t\t\t<\/div>\n\t\t\t\t\t<\/div>\n\t\t<\/div>\n\t\t\t\t\t<\/div>\n\t\t<\/section>\n\t\t\t\t<\/div>\n\t\t\n    <div class=\"xs_social_share_widget xs_share_url after_content \t\tmain_content  wslu-style-1 wslu-share-box-shaped wslu-fill-colored wslu-none wslu-share-horizontal wslu-theme-font-no wslu-main_content\">\n\n\t\t\n        <ul>\n\t\t\t        <\/ul>\n    <\/div>","protected":false},"excerpt":{"rendered":"<p>Professores Mestre em SA\u00daDE E DESENVOLVIMENTO HUMANO pela UNILASALLE, Especialista em EST\u00c9TICA E COSMETOLOGIA na UNYLEYA; Graduado em EDUCA\u00c7\u00c3O F\u00cdSICA pela Faculdade de Educa\u00e7\u00e3o F\u00edsica da ACM de Sorocaba (1987), Bacharel em Est\u00e9tica pela FADERGS e Bacharel em Fisioterapia pela FADERGS. Com forma\u00e7\u00e3o t\u00e9cnica Esteticista pela \u00c1rea da Sa\u00fade, atuando principalmente como docente nas seguintes [&hellip;]<\/p>\n","protected":false},"author":4,"featured_media":0,"parent":2227,"menu_order":0,"comment_status":"closed","ping_status":"closed","template":"","meta":{"footnotes":""},"class_list":["post-2285","page","type-page","status-publish","hentry"],"_links":{"self":[{"href":"https:\/\/hmkeducation.com\/it\/wp-json\/wp\/v2\/pages\/2285","targetHints":{"allow":["GET"]}}],"collection":[{"href":"https:\/\/hmkeducation.com\/it\/wp-json\/wp\/v2\/pages"}],"about":[{"href":"https:\/\/hmkeducation.com\/it\/wp-json\/wp\/v2\/types\/page"}],"author":[{"embeddable":true,"href":"https:\/\/hmkeducation.com\/it\/wp-json\/wp\/v2\/users\/4"}],"replies":[{"embeddable":true,"href":"https:\/\/hmkeducation.com\/it\/wp-json\/wp\/v2\/comments?post=2285"}],"version-history":[{"count":0,"href":"https:\/\/hmkeducation.com\/it\/wp-json\/wp\/v2\/pages\/2285\/revisions"}],"up":[{"embeddable":true,"href":"https:\/\/hmkeducation.com\/it\/wp-json\/wp\/v2\/pages\/2227"}],"wp:attachment":[{"href":"https:\/\/hmkeducation.com\/it\/wp-json\/wp\/v2\/media?parent=2285"}],"curies":[{"name":"wp","href":"https:\/\/api.w.org\/{rel}","templated":true}]}}