{"id":2311,"date":"2023-04-03T17:40:32","date_gmt":"2023-04-03T17:40:32","guid":{"rendered":"https:\/\/hmkeducation.com?page_id=2311"},"modified":"2023-04-03T17:49:09","modified_gmt":"2023-04-03T17:49:09","slug":"nedda-von-der-schulenburg-goulart","status":"publish","type":"page","link":"https:\/\/hmkeducation.com\/it\/professores\/nedda-von-der-schulenburg-goulart\/","title":{"rendered":"Nedda von der Schulenburg Goulart"},"content":{"rendered":"<div data-elementor-type=\"wp-page\" data-elementor-id=\"2311\" class=\"elementor elementor-2311\" data-elementor-settings=\"{&quot;ha_cmc_init_switcher&quot;:&quot;no&quot;}\" data-elementor-post-type=\"page\">\n\t\t\t\t\t\t<section class=\"elementor-section elementor-top-section elementor-element elementor-element-6ffffb8a elementor-section-height-min-height elementor-section-content-middle elementor-section-boxed elementor-section-height-default elementor-section-items-middle\" data-id=\"6ffffb8a\" data-element_type=\"section\" data-e-type=\"section\" data-settings=\"{&quot;background_background&quot;:&quot;classic&quot;}\">\n\t\t\t\t\t\t\t<div class=\"elementor-background-overlay\"><\/div>\n\t\t\t\t\t\t\t<div class=\"elementor-container elementor-column-gap-no\">\n\t\t\t\t\t<div class=\"elementor-column elementor-col-100 elementor-top-column elementor-element elementor-element-9b242e7\" data-id=\"9b242e7\" data-element_type=\"column\" data-e-type=\"column\" data-settings=\"{&quot;background_background&quot;:&quot;classic&quot;}\">\n\t\t\t<div class=\"elementor-widget-wrap elementor-element-populated\">\n\t\t\t\t\t\t<div class=\"elementor-element elementor-element-75aa04f1 elementor-widget elementor-widget-heading\" data-id=\"75aa04f1\" data-element_type=\"widget\" data-e-type=\"widget\" data-widget_type=\"heading.default\">\n\t\t\t\t<div class=\"elementor-widget-container\">\n\t\t\t\t\t<h1 class=\"elementor-heading-title elementor-size-default\">Insegnanti<\/h1>\t\t\t\t<\/div>\n\t\t\t\t<\/div>\n\t\t\t\t\t<\/div>\n\t\t<\/div>\n\t\t\t\t\t<\/div>\n\t\t<\/section>\n\t\t\t\t<section class=\"elementor-section elementor-top-section elementor-element elementor-element-63215c94 elementor-section-boxed elementor-section-height-default elementor-section-height-default\" data-id=\"63215c94\" data-element_type=\"section\" data-e-type=\"section\">\n\t\t\t\t\t\t\t<div class=\"elementor-background-overlay\"><\/div>\n\t\t\t\t\t\t\t<div class=\"elementor-container elementor-column-gap-no\">\n\t\t\t\t\t<div class=\"elementor-column elementor-col-50 elementor-top-column elementor-element elementor-element-63e1d6c3\" data-id=\"63e1d6c3\" data-element_type=\"column\" data-e-type=\"column\">\n\t\t\t<div class=\"elementor-widget-wrap elementor-element-populated\">\n\t\t\t\t\t\t<div class=\"elementor-element elementor-element-440977c3 elementor-widget elementor-widget-image\" data-id=\"440977c3\" data-element_type=\"widget\" data-e-type=\"widget\" data-widget_type=\"image.default\">\n\t\t\t\t<div class=\"elementor-widget-container\">\n\t\t\t\t\t\t\t\t\t\t\t\t\t\t\t<img fetchpriority=\"high\" decoding=\"async\" width=\"512\" height=\"512\" src=\"https:\/\/hmkeducation.com\/wp-content\/uploads\/2023\/04\/6-1.jpg\" class=\"attachment-full size-full wp-image-2235\" alt=\"\" srcset=\"https:\/\/hmkeducation.com\/wp-content\/uploads\/2023\/04\/6-1.jpg 512w, https:\/\/hmkeducation.com\/wp-content\/uploads\/2023\/04\/6-1-300x300.jpg 300w, https:\/\/hmkeducation.com\/wp-content\/uploads\/2023\/04\/6-1-150x150.jpg 150w, https:\/\/hmkeducation.com\/wp-content\/uploads\/2023\/04\/6-1-12x12.jpg 12w\" sizes=\"(max-width: 512px) 100vw, 512px\" \/>\t\t\t\t\t\t\t\t\t\t\t\t\t\t\t<\/div>\n\t\t\t\t<\/div>\n\t\t\t\t\t<\/div>\n\t\t<\/div>\n\t\t\t\t<div class=\"elementor-column elementor-col-50 elementor-top-column elementor-element elementor-element-b19c44b\" data-id=\"b19c44b\" data-element_type=\"column\" data-e-type=\"column\">\n\t\t\t<div class=\"elementor-widget-wrap elementor-element-populated\">\n\t\t\t\t\t\t<section class=\"elementor-section elementor-inner-section elementor-element elementor-element-45a0849e elementor-section-boxed elementor-section-height-default elementor-section-height-default\" data-id=\"45a0849e\" data-element_type=\"section\" data-e-type=\"section\">\n\t\t\t\t\t\t<div class=\"elementor-container elementor-column-gap-no\">\n\t\t\t\t\t<div class=\"elementor-column elementor-col-100 elementor-inner-column elementor-element elementor-element-1674ecad\" data-id=\"1674ecad\" data-element_type=\"column\" data-e-type=\"column\" data-settings=\"{&quot;background_background&quot;:&quot;classic&quot;}\">\n\t\t\t<div class=\"elementor-widget-wrap elementor-element-populated\">\n\t\t\t\t\t<div class=\"elementor-background-overlay\"><\/div>\n\t\t\t\t\t\t<div class=\"elementor-element elementor-element-4b15f4d5 elementor-widget-divider--separator-type-pattern elementor-widget-divider--view-line elementor-widget elementor-widget-divider\" data-id=\"4b15f4d5\" data-element_type=\"widget\" data-e-type=\"widget\" data-widget_type=\"divider.default\">\n\t\t\t\t<div class=\"elementor-widget-container\">\n\t\t\t\t\t\t\t<div class=\"elementor-divider\" style=\"--divider-pattern-url: url(&quot;data:image\/svg+xml,%3Csvg xmlns=&#039;http:\/\/www.w3.org\/2000\/svg&#039; preserveAspectRatio=&#039;none&#039; overflow=&#039;visible&#039; height=&#039;100%&#039; viewBox=&#039;0 0 24 24&#039; fill=&#039;none&#039; stroke=&#039;black&#039; stroke-width=&#039;4&#039; stroke-linecap=&#039;square&#039; stroke-miterlimit=&#039;10&#039;%3E%3Cpolyline points=&#039;0,18 12,6 24,18 &#039;\/%3E%3C\/svg%3E&quot;);\">\n\t\t\t<span class=\"elementor-divider-separator\">\n\t\t\t\t\t\t<\/span>\n\t\t<\/div>\n\t\t\t\t\t\t<\/div>\n\t\t\t\t<\/div>\n\t\t\t\t<div class=\"elementor-element elementor-element-666027d elementor-widget elementor-widget-heading\" data-id=\"666027d\" data-element_type=\"widget\" data-e-type=\"widget\" data-widget_type=\"heading.default\">\n\t\t\t\t<div class=\"elementor-widget-container\">\n\t\t\t\t\t<h3 class=\"elementor-heading-title elementor-size-default\">Nedda von der Schulenburg Goulart<\/h3>\t\t\t\t<\/div>\n\t\t\t\t<\/div>\n\t\t\t\t\t<\/div>\n\t\t<\/div>\n\t\t\t\t\t<\/div>\n\t\t<\/section>\n\t\t\t\t<div class=\"elementor-element elementor-element-68ba4f9c elementor-widget elementor-widget-text-editor\" data-id=\"68ba4f9c\" data-element_type=\"widget\" data-e-type=\"widget\" data-widget_type=\"text-editor.default\">\n\t\t\t\t<div class=\"elementor-widget-container\">\n\t\t\t\t\t\t\t\t\t<p><strong>Formazione accademica\/istruzione<\/strong><\/p><p><strong>2019 - 2020 Specializzazione - Post-laurea Latu Sensu<\/strong><br \/>Sociedade Vegetariana Brasileira e eventi Plenitude, S\u00e3o Paulo, SP, Brasile<br \/>Titolo: Diploma post-laurea in Nutrizione Vegetariana<br \/><br \/><strong>2016 - 2017 Specializzazione - Post-laurea Latu Sensu<\/strong><br \/>Albert Einstein Instituto Israelita de Ensino e Pesquisa, S\u00e3o Paulo, SP, Brasile<br \/>Titolo: Post-laurea in Basi di Medicina Integrativa<br \/><br \/><strong>2017- 2017 Specializzazione - Post-laurea Latu Sensu.<\/strong><br \/>Albert Einstein Instituto Israelita de Ensino e Pesquisa, S\u00e3o Paulo, SP, Brasile<br \/>Titolo: Post-diploma in Laser, Cosmesi e Procedure<\/p><p><strong>2013 - 2016 Specializzazione - RESIDENZA MEDICA<br \/><\/strong>Ospedale Federale di Lagoa, HFL, Rio de Janeiro, RJ, Brasile<br \/>Titolo: Chirurgia plastica e ricostruttiva<br \/>Borsa di studio da parte di: Ministero dell'Istruzione\/Segretario di Stato per la Salute<\/p><p><strong>2010 - 2012 Specializzazione - RESIDENZA MEDICA<br \/><\/strong>Ospedale Estadual das Cl\u00ednicas Luzia de Pinho Melo - Mogi das Cruzes,<br \/>SP, Brasile<br \/>Titolo: Chirurgia generale<br \/>299271 CNRM<br \/>Borsa di studio da parte di: Ministero dell'Istruzione\/Segretario di Stato per la Salute<\/p><p><strong>2002 - 2007 Laurea in Medicina<br \/><\/strong>Universidade Metropolitana de Santos, UNIMES, Santos, Brasile<br \/>Titolo: Malattia di Kawasaki<br \/>Consulente: Profa Dra. Denise S. M. D'Alessandro<\/p>\t\t\t\t\t\t\t\t<\/div>\n\t\t\t\t<\/div>\n\t\t\t\t\t<\/div>\n\t\t<\/div>\n\t\t\t\t\t<\/div>\n\t\t<\/section>\n\t\t\t\t<section class=\"elementor-section elementor-top-section elementor-element elementor-element-33548aca elementor-section-boxed elementor-section-height-default elementor-section-height-default\" data-id=\"33548aca\" data-element_type=\"section\" data-e-type=\"section\">\n\t\t\t\t\t\t\t<div class=\"elementor-background-overlay\"><\/div>\n\t\t\t\t\t\t\t<div class=\"elementor-container elementor-column-gap-no\">\n\t\t\t\t\t<div class=\"elementor-column elementor-col-100 elementor-top-column elementor-element elementor-element-6b2faf03\" data-id=\"6b2faf03\" data-element_type=\"column\" data-e-type=\"column\">\n\t\t\t<div class=\"elementor-widget-wrap elementor-element-populated\">\n\t\t\t\t\t\t<div class=\"elementor-element elementor-element-1841cee0 elementor-widget elementor-widget-heading\" data-id=\"1841cee0\" data-element_type=\"widget\" data-e-type=\"widget\" data-widget_type=\"heading.default\">\n\t\t\t\t<div class=\"elementor-widget-container\">\n\t\t\t\t\t<h5 class=\"elementor-heading-title elementor-size-default\">Esperienza:<\/h5>\t\t\t\t<\/div>\n\t\t\t\t<\/div>\n\t\t\t\t<div class=\"elementor-element elementor-element-5fdb9df2 elementor-widget elementor-widget-text-editor\" data-id=\"5fdb9df2\" data-element_type=\"widget\" data-e-type=\"widget\" data-widget_type=\"text-editor.default\">\n\t\t\t\t<div class=\"elementor-widget-container\">\n\t\t\t\t\t\t\t\t\t<p><strong>1. Ospedale S\u00e3o Camilo - Santana - HSCS, San Paolo, SP, Brasile<\/strong><br \/>2010 - Attuale Titolo di lavoro: ex medico d'urgenza, Quadro funzionale: medico<br \/>Chirurgia generale in servizio, regime: parziale<br \/>Chirurgia plastica riparativa ambulatoriale - consultazioni, procedure chirurgiche e<br \/>ambulatoriale<br \/>Membro dell'\u00e9quipe del Servizio di chirurgia plastica riparativa<\/p><p><strong>2. A. Ospedale C. Camargo Cancer Center, S\u00e3o Paulo, SP, Brasile<\/strong><br \/>2016 - 2018 Posizione: in servizio Gruppo di assistenza ai pazienti in emergenza.<br \/>pazienti ricoverati - team di internisti, regime: parziale<\/p><p><strong>3. Ospedale S\u00e3o Camilo - Ipiranga - HSCI, S\u00e3o Paulo, SP, Brasile<\/strong><br \/>2010 - Attuale Titolo di lavoro: ex medico d'urgenza, Quadro funzionale: medico<br \/>Chirurgia generale in servizio, regime: parziale<\/p><p><strong>4. Ospedale Alem\u00e3o Oswaldo Cruz - HAOC, S\u00e3o Paulo, SP, Brasile<\/strong><br \/>2017 - Attuale<br \/>Membro dello staff clinico del Servizio di Chirurgia Plastica Estetica e Ricostruttiva<\/p><p><strong>5. Ospedale Israelita Albert Einstein - HIAE, San Paolo, SP, Brasile<\/strong><br \/>2016 - Attuale<br \/>Membro dello staff clinico del Servizio di Chirurgia Plastica Estetica e Ricostruttiva<br \/><strong>6. Ospedale S\u00e3o Rafael - HSR, San Paolo, SP, Brasile<\/strong><br \/>2016 - Attuale<br \/>Membro dello staff clinico del Servizio di Chirurgia Plastica Estetica e Ricostruttiva<\/p><p><strong>7. Ospedale San Paolo - HSP, San Paolo, SP, Brasile<\/strong><br \/>2018 - Attuale<br \/>Membro dello staff clinico del Servizio di Chirurgia Plastica Estetica e Ricostruttiva<\/p><p><strong>8. Ospedale Don Ant\u00f4nio Alvarenga - HDAA, San Paolo, SP, Brasile<\/strong><br \/>2017 - Attuale<br \/>Membro dello staff clinico del Servizio di Chirurgia Plastica Estetica e Ricostruttiva<\/p><p><strong>9. Ospedale S\u00e3o Luiz - HSL, S\u00e3o Paulo, SP, Brasile<\/strong><br \/>2017 - Attuale<br \/>Membro dello staff clinico del Servizio di Chirurgia Plastica Estetica e Ricostruttiva<\/p><p><strong>10. Ospedale Federale da Lagoa - HFL, Rio de Janeiro, RJ, Brasile<\/strong><br \/>2013 - 2016 Posizione: borsista, inquadramento funzionale: medico residente, regime:<br \/>Dedica esclusiva (termina a marzo 2016)<\/p><p><strong>11. Ospedale Municipale Souza Aguiar - HMSA , Rio de Janeiro, RJ, Brasile<\/strong><br \/>2014 -2014 Posizione: medico in formazione, specializzando in chirurgia plastica. Enquadramento<br \/>Funzionale: Medico in formazione presso il Centro per il trattamento delle ustioni<br \/>40, regime: integrale<br \/><strong>12. Istituto Nazionale del Cancro - INCA, Rio de Janeiro, RJ, Brasile<\/strong><br \/>2014 - 2014 Posizione: Medico in formazione, specializzando in chirurgia plastica. Enquadramento<br \/>Funzionale: tirocinante in chirurgia plastica ricostruttiva , Carico di lavoro: 40, Regime:<br \/>Completo<\/p><p><strong>13. Ospedale di Santa Cruz - SP - Istituto di Santa Cruz - Prof. Dr. Marcos M\u00e9lega,\u00a0<\/strong><strong>San Paolo, SP, Brasile<\/strong><br \/>2014 - 2014 Posizione: specializzando in chirurgia plastica<br \/>tirocinante in chirurgia plastica, ore di formazione: 40h, regime: impegno esclusivo<\/p><p><strong>14. Ospedale Irmandade Santa Casa de Mogi das Cruzes - SCMC, S\u00e3o Paulo, SP, Brasile, <\/strong><strong>Brasile<\/strong><br \/>2011 - 2012 Posizione: medico d'urgenza in servizio. Quadro funzionale:<br \/>In servizio al Pronto Soccorso, Regime: Parziale<\/p><p><strong>15. Ospedale delle Clinizie Luzia de Pinho Melo - HCLPM\/SPDM\/Unifesp, Santa <\/strong><strong>Casa Mogi das Cruzes - SCMC, S\u00e3o Paulo, SP, Brasile<\/strong><br \/>2010 - 2012 Posizione: borsista , Funzione: medico specializzando in chirurgia<br \/>Generale, Regime: Dedizione esclusiva (termina a marzo 2012)<\/p><p><strong>16. Associazione San Paolo per lo Sviluppo della Medicina - Ospedale San Paolo <\/strong><strong>Paulo - SPDM\/HSP, S\u00e3o Paulo, SP, Brasile<\/strong><br \/>2008 - 2010 Posizione: medico d'urgenza in servizio. Quadro funzionale:<br \/>In servizio al Pronto Soccorso, Regime: Parziale<\/p><p><strong>17. Ospedale S\u00e3o Francisco - Cotia - HSF, San Paolo, SP, Brasile<\/strong><br \/>2009 - 2009 Posizione: medico d'urgenza in servizio. Quadro funzionale:<br \/>Medico di Pronto Soccorso, Regime: Part-time\u00a0<\/p>\t\t\t\t\t\t\t\t<\/div>\n\t\t\t\t<\/div>\n\t\t\t\t\t<\/div>\n\t\t<\/div>\n\t\t\t\t\t<\/div>\n\t\t<\/section>\n\t\t\t\t<\/div>\n\t\t\n    <div class=\"xs_social_share_widget xs_share_url after_content \t\tmain_content  wslu-style-1 wslu-share-box-shaped wslu-fill-colored wslu-none wslu-share-horizontal wslu-theme-font-no wslu-main_content\">\n\n\t\t\n        <ul>\n\t\t\t        <\/ul>\n    <\/div>","protected":false},"excerpt":{"rendered":"<p>Professores Forma\u00e7\u00e3o acad\u00eamica\/titula\u00e7\u00e3o 2019 &#8211; 2020 Especializa\u00e7\u00e3o \u2013 P\u00f3s Gradua\u00e7\u00e3o Latu SensuSociedade Vegetariana Brasileira e Plenitude eventos, S\u00e3o Paulo, SP, BrasilT\u00edtulo: P\u00f3s Gradua\u00e7\u00e3o em Nutri\u00e7\u00e3o Vegetariana 2016 &#8211; 2017 Especializa\u00e7\u00e3o \u2013 P\u00f3s Gradua\u00e7\u00e3o Latu SensuAlbert Einstein Instituto Israelita de Ensino e Pesquisa, S\u00e3o Paulo, SP, BrasilT\u00edtulo: P\u00f3s Gradua\u00e7\u00e3o em Bases da Medicina Integrativa 2017- 2017 [&hellip;]<\/p>\n","protected":false},"author":4,"featured_media":0,"parent":2227,"menu_order":0,"comment_status":"closed","ping_status":"closed","template":"","meta":{"footnotes":""},"class_list":["post-2311","page","type-page","status-publish","hentry"],"_links":{"self":[{"href":"https:\/\/hmkeducation.com\/it\/wp-json\/wp\/v2\/pages\/2311","targetHints":{"allow":["GET"]}}],"collection":[{"href":"https:\/\/hmkeducation.com\/it\/wp-json\/wp\/v2\/pages"}],"about":[{"href":"https:\/\/hmkeducation.com\/it\/wp-json\/wp\/v2\/types\/page"}],"author":[{"embeddable":true,"href":"https:\/\/hmkeducation.com\/it\/wp-json\/wp\/v2\/users\/4"}],"replies":[{"embeddable":true,"href":"https:\/\/hmkeducation.com\/it\/wp-json\/wp\/v2\/comments?post=2311"}],"version-history":[{"count":0,"href":"https:\/\/hmkeducation.com\/it\/wp-json\/wp\/v2\/pages\/2311\/revisions"}],"up":[{"embeddable":true,"href":"https:\/\/hmkeducation.com\/it\/wp-json\/wp\/v2\/pages\/2227"}],"wp:attachment":[{"href":"https:\/\/hmkeducation.com\/it\/wp-json\/wp\/v2\/media?parent=2311"}],"curies":[{"name":"wp","href":"https:\/\/api.w.org\/{rel}","templated":true}]}}