{"id":1307,"date":"2021-09-17T19:38:14","date_gmt":"2021-09-17T19:38:14","guid":{"rendered":"https:\/\/hmkeducation.com?page_id=1307"},"modified":"2024-05-16T12:57:19","modified_gmt":"2024-05-16T12:57:19","slug":"termos-de-uso","status":"publish","type":"page","link":"https:\/\/hmkeducation.com\/pt_br\/termos-de-uso\/","title":{"rendered":"Termos de Uso"},"content":{"rendered":"\t\t<div data-elementor-type=\"wp-page\" data-elementor-id=\"1307\" class=\"elementor elementor-1307\" data-elementor-settings=\"{&quot;ha_cmc_init_switcher&quot;:&quot;no&quot;}\" data-elementor-post-type=\"page\">\n\t\t\t\t\t\t<section class=\"elementor-section elementor-top-section elementor-element elementor-element-f5d6176 elementor-section-boxed elementor-section-height-default elementor-section-height-default\" data-id=\"f5d6176\" data-element_type=\"section\" data-e-type=\"section\">\n\t\t\t\t\t\t<div class=\"elementor-container elementor-column-gap-default\">\n\t\t\t\t\t<div class=\"elementor-column elementor-col-100 elementor-top-column elementor-element elementor-element-0093bd0\" data-id=\"0093bd0\" data-element_type=\"column\" data-e-type=\"column\">\n\t\t\t<div class=\"elementor-widget-wrap elementor-element-populated\">\n\t\t\t\t\t\t<div class=\"elementor-element elementor-element-068043e elementor-widget elementor-widget-heading\" data-id=\"068043e\" data-element_type=\"widget\" data-e-type=\"widget\" data-widget_type=\"heading.default\">\n\t\t\t\t<div class=\"elementor-widget-container\">\n\t\t\t\t\t<h1 class=\"elementor-heading-title elementor-size-default\">TERMOS E CONDI\u00c7\u00d5ES<\/h1>\t\t\t\t<\/div>\n\t\t\t\t<\/div>\n\t\t\t\t<div class=\"elementor-element elementor-element-b3b0976 elementor-widget elementor-widget-text-editor\" data-id=\"b3b0976\" data-element_type=\"widget\" data-e-type=\"widget\" data-widget_type=\"text-editor.default\">\n\t\t\t\t<div class=\"elementor-widget-container\">\n\t\t\t\t\t\t\t\t\t<p><span style=\"font-weight: 400;\">As informa\u00e7\u00f5es sobre aplica\u00e7\u00f5es dos derma cosm\u00e9ticos ou cosm\u00e9ticos de maneira inadequada, o fabricante n\u00e3o tem responsabilidade sobre administra\u00e7\u00e3o do aluno.\u00a0<\/span><span style=\"font-weight: 400;\">Por\u00e9m, antes de tudo a escola certificar\u00e1 que os produtos s\u00e3o todos\u00a0 testados como hipoalerg\u00eanicos.\u00a0<\/span><\/p><p><span style=\"font-weight: 400;\">Todas as informa\u00e7\u00f5es apresentadas pela escola, ser\u00e1 documentada em bases nas refer\u00eancias cient\u00edficas.<\/span><\/p>\t\t\t\t\t\t\t\t<\/div>\n\t\t\t\t<\/div>\n\t\t\t\t<div class=\"elementor-element elementor-element-00f6ab6 elementor-widget elementor-widget-heading\" data-id=\"00f6ab6\" data-element_type=\"widget\" data-e-type=\"widget\" data-widget_type=\"heading.default\">\n\t\t\t\t<div class=\"elementor-widget-container\">\n\t\t\t\t\t<h2 class=\"elementor-heading-title elementor-size-default\">Conhecimento dos Termos e condi\u00e7\u00f5es (AGB)<\/h2>\t\t\t\t<\/div>\n\t\t\t\t<\/div>\n\t\t\t\t<div class=\"elementor-element elementor-element-e17c962 elementor-widget elementor-widget-text-editor\" data-id=\"e17c962\" data-element_type=\"widget\" data-e-type=\"widget\" data-widget_type=\"text-editor.default\">\n\t\t\t\t<div class=\"elementor-widget-container\">\n\t\t\t\t\t\t\t\t\t<p><span style=\"font-weight: 400;\">Li o informativo sobre o conte\u00fado de estudo, de obriga\u00e7\u00f5es e deveres do aluno com a escola, e da escola com o aluno.<\/span><\/p><p><span style=\"font-weight: 400;\">Cursos de longa dura\u00e7\u00e3o como o Diploma de Medicina Estetica e Cosmetica integrativa, e outros cursos, assim como uma escola estruturada em exames finais para realmente preparar o aluno pra o mercado de trabalho, tendo em vista sua responsabilidade com o aluno e o aluno com a escola.<\/span><\/p><p><span style=\"font-weight: 400;\">Reconhe\u00e7o e assino tal exig\u00eancia por modelo educativo.\u00a0\u00a0<\/span><span style=\"font-weight: 400;\">Tendo em vista um contrato de estudos com seus respectivos hor\u00e1rios e datas j\u00e1 programado e o aluno \u00e9 sinete de suas responsabilidades no pagamento, e na sua presen\u00e7a f\u00edsica nas aulas.\u00a0<\/span><\/p><p><span style=\"font-weight: 400;\">Faltas sem\u00a0<\/span><span style=\"font-weight: 400;\">justificativa aceit\u00e1vel, a escola n\u00e3o se responsabiliza na aula que o aluno perdeu. Sendo assim ter\u00e1 que pagar a parte de sua aula perdida. <\/span><span style=\"font-weight: 400;\">Com custos j\u00e1 descritos no contrato de estudos especificado ao aluno.\u00a0<\/span><span style=\"font-weight: 400;\">Toda os d\u00favidas a escola estar\u00e1 \u00e0 disposi\u00e7\u00e3o do aluno.<\/span><\/p><p><span style=\"font-weight: 400;\">Em caso de um m\u00eas de aus\u00eancia, o aluno n\u00e3o poder\u00e1 prosseguir com seus estudos antes de pagar a taxa das aulas perdidas, pra poder estar dentro da metodologia de estudo da escola.<\/span><\/p><p><span style=\"font-weight: 400;\">A escola fornecer\u00e1 aulas pr\u00e1ticas, te\u00f3ricas, semin\u00e1rios no decorrer dos cursos pra melhor aproveitamento de conhecimento.\u00a0<\/span><\/p><p><span style=\"font-weight: 400;\">Exames acontecer\u00e3o no final de cada m\u00eas, em rela\u00e7\u00e3o as mat\u00e9rias j\u00e1 efetuadas e tamb\u00e9m no final de cada ano, com as mat\u00e9rias dadas no decorrer do ano letivo.\u00a0<\/span><span style=\"font-weight: 400;\">A falta do aluno nos exame finais,\u00a0 colocar\u00e1\u00a0 o aluno em reprova\u00e7\u00e3o tendo assim o compromisso de estudos novamente da mat\u00e9ria por\u00e9m com pagamento da mesma. <\/span><\/p>\t\t\t\t\t\t\t\t<\/div>\n\t\t\t\t<\/div>\n\t\t\t\t<div class=\"elementor-element elementor-element-2988384 elementor-widget elementor-widget-heading\" data-id=\"2988384\" data-element_type=\"widget\" data-e-type=\"widget\" data-widget_type=\"heading.default\">\n\t\t\t\t<div class=\"elementor-widget-container\">\n\t\t\t\t\t<h2 class=\"elementor-heading-title elementor-size-default\">Direitos Autorais<\/h2>\t\t\t\t<\/div>\n\t\t\t\t<\/div>\n\t\t\t\t<div class=\"elementor-element elementor-element-7def6fc elementor-widget elementor-widget-text-editor\" data-id=\"7def6fc\" data-element_type=\"widget\" data-e-type=\"widget\" data-widget_type=\"text-editor.default\">\n\t\t\t\t<div class=\"elementor-widget-container\">\n\t\t\t\t\t\t\t\t\t<p><span style=\"font-weight: 400;\">As aulas sobre forma de slides ou apostila fornecida ao aluno, ser\u00e3o de autoria da escola HMK Education.<\/span><\/p><p><span style=\"font-weight: 400;\">Todas as informa\u00e7\u00f5es, fotos das aulas elaboradas pelos professores respons\u00e1vel, n\u00e3o poder\u00e3o ser usados pra fim de outros cursos de terceiros. <\/span><span style=\"font-weight: 400;\">Sob pena de multa e a\u00e7\u00e3o Judicial, em base nas leis da Su\u00ed\u00e7a.<\/span><\/p><p><span style=\"font-weight: 400;\">As aulas entregue aos alunos ser\u00e3o exclusivamente para uso de estudo e nada mais<\/span><\/p>\t\t\t\t\t\t\t\t<\/div>\n\t\t\t\t<\/div>\n\t\t\t\t<div class=\"elementor-element elementor-element-ad1b772 elementor-widget elementor-widget-heading\" data-id=\"ad1b772\" data-element_type=\"widget\" data-e-type=\"widget\" data-widget_type=\"heading.default\">\n\t\t\t\t<div class=\"elementor-widget-container\">\n\t\t\t\t\t<h2 class=\"elementor-heading-title elementor-size-default\">Termos e Regras da Escola<\/h2>\t\t\t\t<\/div>\n\t\t\t\t<\/div>\n\t\t\t\t<div class=\"elementor-element elementor-element-3cdc463 elementor-widget elementor-widget-text-editor\" data-id=\"3cdc463\" data-element_type=\"widget\" data-e-type=\"widget\" data-widget_type=\"text-editor.default\">\n\t\t\t\t<div class=\"elementor-widget-container\">\n\t\t\t\t\t\t\t\t\t<ul><li><span style=\"font-weight: 400;\">O aluno ser\u00e1 informado atrav\u00e9s do respons\u00e1vel da escola todas as regras e normas dotadas pela institui\u00e7\u00e3o.<\/span><\/li><li>Ele estar\u00e1 siente de todo as os seus direitos e deveres a ser comprido.<\/li><li>S\u00f3 assim assinar\u00e1 o contrato de estudo pela instru\u00e7\u00e3o HMK Education.<\/li><li>Tendo conscientiza\u00e7\u00e3o de que deve pagar toda sua mensalidade mesmo n\u00e3o comparecendo as aulas.<\/li><li>Em caso de for\u00e7a maior, entrar em contato com escola para poder esclarecer todas as d\u00favidas.<\/li><\/ul>\t\t\t\t\t\t\t\t<\/div>\n\t\t\t\t<\/div>\n\t\t\t\t<div class=\"elementor-element elementor-element-92a8db7 elementor-widget elementor-widget-heading\" data-id=\"92a8db7\" data-element_type=\"widget\" data-e-type=\"widget\" data-widget_type=\"heading.default\">\n\t\t\t\t<div class=\"elementor-widget-container\">\n\t\t\t\t\t<h2 class=\"elementor-heading-title elementor-size-default\">Forma de Pagamento<\/h2>\t\t\t\t<\/div>\n\t\t\t\t<\/div>\n\t\t\t\t<div class=\"elementor-element elementor-element-bd0555a elementor-widget elementor-widget-text-editor\" data-id=\"bd0555a\" data-element_type=\"widget\" data-e-type=\"widget\" data-widget_type=\"text-editor.default\">\n\t\t\t\t<div class=\"elementor-widget-container\">\n\t\t\t\t\t\t\t\t\t<p><span style=\"font-weight: 400;\">O pagamento deve ser feito da seguinte forma:<\/span><\/p><p><span style=\"font-weight: 400;\">(aplica-se para workshops, semin\u00e1rios e cursos)<\/span><\/p><p><span style=\"font-weight: 400;\">Se os valores dos cursos forem pagas integralmente imediatamente ap\u00f3s a inscri\u00e7\u00e3o confirmada, a Escola oferecer\u00e1 um b\u00f4nus de desconto de 5% sobre o pre\u00e7o total.<\/span><\/p><p><span style=\"font-weight: 400;\">25% do pre\u00e7o total deve ser pago como um dep\u00f3sito ap\u00f3s o registro confirmado.<\/span><\/p><p><span style=\"font-weight: 400;\">O restante do curso a escola fornecer\u00e1 financiamento atrav\u00e9s dos \u00f3rg\u00e3os parceiros, assim facilitando aos alunos em uma mensalidade mais acess\u00edvel.\u00a0<\/span><\/p><p><span style=\"font-weight: 400;\">Cursos em valores inferior a 3.000 CHF, o aluno poder\u00e1 tamb\u00e9m fazer o parcelamento direto com a escola sobre contrato registrado em cart\u00f3rio.<\/span><\/p><p><span style=\"font-weight: 400;\">Direito de rescis\u00e3o e custos em caso de cancelamento do contrato.\u00a0<\/span><\/p><p><span style=\"font-weight: 400;\">Se a participa\u00e7\u00e3o do aluno n\u00e3o atingir 90%, n\u00e3o ser\u00e1\u00a0 poss\u00edvel o t\u00e9rmino do curso. O pagamento do dep\u00f3sito, a Escola reter\u00e1 o dep\u00f3sito.\u00a0<\/span><\/p><p><span style=\"font-weight: 400;\">O cancelamento por escrito e o pedido de rein\u00edcio posterior do curso devem ser apresentados com anteced\u00eancia por escrito \u00e0 secretaria da escola.\u00a0<\/span><\/p><p><span style=\"font-weight: 400;\">Em caso de n\u00e3o informa\u00e7\u00e3o a escola, o aluno segue com sua obriga\u00e7\u00e3o mesmo n\u00e3o cursando as aulas.<\/span><\/p><p><span style=\"font-weight: 400;\">Todas as obriga\u00e7\u00f5es contratuais para o participante permaneceram inalteradas.<\/span><\/p><p><span style=\"font-weight: 400;\">Se um contrato for cancelado sem nomear um substituto at\u00e9 45 dias antes do in\u00edcio do curso, ser\u00e1 cobrada uma penalidade contratual de 50% das taxas do curso.<\/span><\/p><p><span style=\"font-weight: 400;\">Se um contrato for cancelado sem nomear um substituto menos de 30 dias antes do in\u00edcio do curso, ser\u00e1 cobrada a taxa total do curso.<\/span><\/p><p><span style=\"font-weight: 400;\">Materiais pr\u00f3prios: A Escola assumir\u00e1 os materiais necess\u00e1rios para o curso, como apostila de cada semestre.\u00a0<\/span><\/p><p><span style=\"font-weight: 400;\">Perda das apostilas, a escola cobrar pela impress\u00e3o.\u00a0<\/span><\/p><p><span style=\"font-weight: 400;\">Os participantes s\u00e3o respons\u00e1veis pela compra de:<\/span><\/p><p><span style=\"font-weight: 400;\">H\u00e1 custos adicionais para os exames e livros\/escritos de aprendizagem.<\/span><\/p><p><span style=\"font-weight: 400;\">\u2013 Custos dos exames 300 CHF<\/span><\/p><p><span style=\"font-weight: 400;\">\u2013 Livros \u2013 Roteiro custa 500 CHF<\/span><\/p>\t\t\t\t\t\t\t\t<\/div>\n\t\t\t\t<\/div>\n\t\t\t\t<div class=\"elementor-element elementor-element-f5fa66b elementor-widget elementor-widget-heading\" data-id=\"f5fa66b\" data-element_type=\"widget\" data-e-type=\"widget\" data-widget_type=\"heading.default\">\n\t\t\t\t<div class=\"elementor-widget-container\">\n\t\t\t\t\t<h2 class=\"elementor-heading-title elementor-size-default\">Regras Gerais<\/h2>\t\t\t\t<\/div>\n\t\t\t\t<\/div>\n\t\t\t\t<div class=\"elementor-element elementor-element-d16a690 elementor-widget elementor-widget-text-editor\" data-id=\"d16a690\" data-element_type=\"widget\" data-e-type=\"widget\" data-widget_type=\"text-editor.default\">\n\t\t\t\t<div class=\"elementor-widget-container\">\n\t\t\t\t\t\t\t\t\t<p><span style=\"font-weight: 400;\">Proibido fumar em todo o pr\u00e9dio da escola, utilizar roupas inadequada e chinelos.\u00a0<\/span><\/p><p><span style=\"font-weight: 400;\">Os alunos dever\u00e3o portar jalecos branco em aulas em laborat\u00f3rio.<\/span><\/p><p><span style=\"font-weight: 400;\">O aluno dever\u00e1 cumprir com todo seu hor\u00e1rio de estudos para n\u00e3o atrapalhar seus colegas de sala.\u00a0<\/span><\/p><p><span style=\"font-weight: 400;\">Dever\u00e3o ser respeitosos com seus colegas, professores e funcion\u00e1rios da escola.<\/span><\/p><p><span style=\"font-weight: 400;\">Qualquer atitude de desrespeito ser\u00e1 punido com a exclus\u00e3o das aulas, sobe multa, sem direto de restitui\u00e7\u00e3o de pagamento .<\/span><\/p><p><span style=\"font-weight: 400;\">Manter a escola limpa e organizada e dever de todos.<\/span><\/p><p><span style=\"font-weight: 400;\">Proibido fazer filmagem das aulas e tamb\u00e9m grava\u00e7\u00f5es.<\/span><\/p><p><span style=\"font-weight: 400;\">Em caso do aluno n\u00e3o entender a mat\u00e9ria ser\u00e1 repetido quantas vezes for necess\u00e1rio pra seu aprendizado.\u00a0<\/span><\/p><p><span style=\"font-weight: 400;\">Desligue o celular ou coloque ele em m\u00f3dulo mudo, para n\u00e3o perturbar o professor nas suas aulas e seus colegas na seus estudos.<\/span><\/p>\t\t\t\t\t\t\t\t<\/div>\n\t\t\t\t<\/div>\n\t\t\t\t<div class=\"elementor-element elementor-element-1536ab5 elementor-widget elementor-widget-heading\" data-id=\"1536ab5\" data-element_type=\"widget\" data-e-type=\"widget\" data-widget_type=\"heading.default\">\n\t\t\t\t<div class=\"elementor-widget-container\">\n\t\t\t\t\t<h2 class=\"elementor-heading-title elementor-size-default\">Regulamentos<\/h2>\t\t\t\t<\/div>\n\t\t\t\t<\/div>\n\t\t\t\t<div class=\"elementor-element elementor-element-dc74192 elementor-widget elementor-widget-text-editor\" data-id=\"dc74192\" data-element_type=\"widget\" data-e-type=\"widget\" data-widget_type=\"text-editor.default\">\n\t\t\t\t<div class=\"elementor-widget-container\">\n\t\t\t\t\t\t\t\t\t<p><span style=\"font-weight: 400;\">Regulamento dos exames ser\u00e3o estabelecidos pela cordena\u00e7\u00e3o da escola as datas dos exames finais com prova pr\u00e1tica, te\u00f3rica e oral.\u00a0<\/span><\/p><p><span style=\"font-weight: 400;\">Ao final de cada m\u00f3dulo, haver\u00e1 um exame escrito. Ser\u00e1 verificado se o aluno est\u00e1 apto a passar pra pr\u00f3xima fase.\u00a0<\/span><\/p><p><span style=\"font-weight: 400;\">Se o aluno ainda n\u00e3o tiver o entendimento necess\u00e1rio dever\u00e1 refazer novamente o m\u00f3dulo, sob pagamento do mesmo.\u00a0<\/span><\/p><p><span style=\"font-weight: 400;\">No final de todo o curso, haver\u00e1 um exame final. O exame deve ser completado os pontos necess\u00e1rios para aprova\u00e7\u00e3o final.\u00a0<\/span><\/p><p><span style=\"font-weight: 400;\">A repeti\u00e7\u00e3o dos exames finais te\u00f3ricos custa Chf 400 por dia.<\/span><\/p><p><span style=\"font-weight: 400;\">A repeti\u00e7\u00e3o dos exames finais pr\u00e1ticos custa CHF 200 por dia<\/span><\/p><p><span style=\"font-weight: 400;\">Se mais de 5 dias de curso foram perdidos antes do exame final, que n\u00e3o pode ser recuperado antes do exame final, o participante n\u00e3o passar\u00e1 na prova.<\/span><\/p>\t\t\t\t\t\t\t\t<\/div>\n\t\t\t\t<\/div>\n\t\t\t\t\t<\/div>\n\t\t<\/div>\n\t\t\t\t\t<\/div>\n\t\t<\/section>\n\t\t\t\t<\/div>\n\t\t\n    <div class=\"xs_social_share_widget xs_share_url after_content \t\tmain_content  wslu-style-1 wslu-share-box-shaped wslu-fill-colored wslu-none wslu-share-horizontal wslu-theme-font-no wslu-main_content\">\n\n\t\t\n        <ul>\n\t\t\t        <\/ul>\n    <\/div> \n","protected":false},"excerpt":{"rendered":"<p>TERMOS E CONDI\u00c7\u00d5ES As informa\u00e7\u00f5es sobre aplica\u00e7\u00f5es dos derma cosm\u00e9ticos ou cosm\u00e9ticos de maneira inadequada, o fabricante n\u00e3o tem responsabilidade sobre administra\u00e7\u00e3o do aluno.\u00a0Por\u00e9m, antes de tudo a escola certificar\u00e1 que os produtos s\u00e3o todos\u00a0 testados como hipoalerg\u00eanicos.\u00a0 Todas as informa\u00e7\u00f5es apresentadas pela escola, ser\u00e1 documentada em bases nas refer\u00eancias cient\u00edficas. Conhecimento dos Termos e [&hellip;]<\/p>\n","protected":false},"author":3,"featured_media":0,"parent":0,"menu_order":0,"comment_status":"closed","ping_status":"closed","template":"elementor_header_footer","meta":{"footnotes":""},"class_list":["post-1307","page","type-page","status-publish","hentry"],"_links":{"self":[{"href":"https:\/\/hmkeducation.com\/pt_br\/wp-json\/wp\/v2\/pages\/1307","targetHints":{"allow":["GET"]}}],"collection":[{"href":"https:\/\/hmkeducation.com\/pt_br\/wp-json\/wp\/v2\/pages"}],"about":[{"href":"https:\/\/hmkeducation.com\/pt_br\/wp-json\/wp\/v2\/types\/page"}],"author":[{"embeddable":true,"href":"https:\/\/hmkeducation.com\/pt_br\/wp-json\/wp\/v2\/users\/3"}],"replies":[{"embeddable":true,"href":"https:\/\/hmkeducation.com\/pt_br\/wp-json\/wp\/v2\/comments?post=1307"}],"version-history":[{"count":0,"href":"https:\/\/hmkeducation.com\/pt_br\/wp-json\/wp\/v2\/pages\/1307\/revisions"}],"wp:attachment":[{"href":"https:\/\/hmkeducation.com\/pt_br\/wp-json\/wp\/v2\/media?parent=1307"}],"curies":[{"name":"wp","href":"https:\/\/api.w.org\/{rel}","templated":true}]}}