{"id":2276,"date":"2023-04-03T14:33:30","date_gmt":"2023-04-03T14:33:30","guid":{"rendered":"https:\/\/hmkeducation.com?page_id=2276"},"modified":"2023-04-03T14:42:18","modified_gmt":"2023-04-03T14:42:18","slug":"cristiane-wrobel-fellini","status":"publish","type":"page","link":"https:\/\/hmkeducation.com\/pt_br\/professores\/cristiane-wrobel-fellini\/","title":{"rendered":"Cristiane Wrobel Fellini"},"content":{"rendered":"\t\t<div data-elementor-type=\"wp-page\" data-elementor-id=\"2276\" class=\"elementor elementor-2276\" data-elementor-settings=\"{&quot;ha_cmc_init_switcher&quot;:&quot;no&quot;}\" data-elementor-post-type=\"page\">\n\t\t\t\t\t\t<section class=\"elementor-section elementor-top-section elementor-element elementor-element-75f84048 elementor-section-height-min-height elementor-section-content-middle elementor-section-boxed elementor-section-height-default elementor-section-items-middle\" data-id=\"75f84048\" data-element_type=\"section\" data-e-type=\"section\" data-settings=\"{&quot;background_background&quot;:&quot;classic&quot;}\">\n\t\t\t\t\t\t\t<div class=\"elementor-background-overlay\"><\/div>\n\t\t\t\t\t\t\t<div class=\"elementor-container elementor-column-gap-no\">\n\t\t\t\t\t<div class=\"elementor-column elementor-col-100 elementor-top-column elementor-element elementor-element-75d16d29\" data-id=\"75d16d29\" data-element_type=\"column\" data-e-type=\"column\" data-settings=\"{&quot;background_background&quot;:&quot;classic&quot;}\">\n\t\t\t<div class=\"elementor-widget-wrap elementor-element-populated\">\n\t\t\t\t\t\t<div class=\"elementor-element elementor-element-47dde8d8 elementor-widget elementor-widget-heading\" data-id=\"47dde8d8\" data-element_type=\"widget\" data-e-type=\"widget\" data-widget_type=\"heading.default\">\n\t\t\t\t<div class=\"elementor-widget-container\">\n\t\t\t\t\t<h1 class=\"elementor-heading-title elementor-size-default\">Professores<\/h1>\t\t\t\t<\/div>\n\t\t\t\t<\/div>\n\t\t\t\t\t<\/div>\n\t\t<\/div>\n\t\t\t\t\t<\/div>\n\t\t<\/section>\n\t\t\t\t<section class=\"elementor-section elementor-top-section elementor-element elementor-element-3a175f2a elementor-section-boxed elementor-section-height-default elementor-section-height-default\" data-id=\"3a175f2a\" data-element_type=\"section\" data-e-type=\"section\">\n\t\t\t\t\t\t\t<div class=\"elementor-background-overlay\"><\/div>\n\t\t\t\t\t\t\t<div class=\"elementor-container elementor-column-gap-no\">\n\t\t\t\t\t<div class=\"elementor-column elementor-col-50 elementor-top-column elementor-element elementor-element-2d1a96dc\" data-id=\"2d1a96dc\" data-element_type=\"column\" data-e-type=\"column\">\n\t\t\t<div class=\"elementor-widget-wrap elementor-element-populated\">\n\t\t\t\t\t\t<div class=\"elementor-element elementor-element-1f3fd9a0 elementor-widget elementor-widget-image\" data-id=\"1f3fd9a0\" data-element_type=\"widget\" data-e-type=\"widget\" data-widget_type=\"image.default\">\n\t\t\t\t<div class=\"elementor-widget-container\">\n\t\t\t\t\t\t\t\t\t\t\t\t\t\t\t<img fetchpriority=\"high\" decoding=\"async\" width=\"512\" height=\"512\" src=\"https:\/\/hmkeducation.com\/wp-content\/uploads\/2023\/04\/1.jpg\" class=\"attachment-full size-full wp-image-2242\" alt=\"\" srcset=\"https:\/\/hmkeducation.com\/wp-content\/uploads\/2023\/04\/1.jpg 512w, https:\/\/hmkeducation.com\/wp-content\/uploads\/2023\/04\/1-300x300.jpg 300w, https:\/\/hmkeducation.com\/wp-content\/uploads\/2023\/04\/1-150x150.jpg 150w, https:\/\/hmkeducation.com\/wp-content\/uploads\/2023\/04\/1-12x12.jpg 12w\" sizes=\"(max-width: 512px) 100vw, 512px\" \/>\t\t\t\t\t\t\t\t\t\t\t\t\t\t\t<\/div>\n\t\t\t\t<\/div>\n\t\t\t\t\t<\/div>\n\t\t<\/div>\n\t\t\t\t<div class=\"elementor-column elementor-col-50 elementor-top-column elementor-element elementor-element-60c52f10\" data-id=\"60c52f10\" data-element_type=\"column\" data-e-type=\"column\">\n\t\t\t<div class=\"elementor-widget-wrap elementor-element-populated\">\n\t\t\t\t\t\t<section class=\"elementor-section elementor-inner-section elementor-element elementor-element-6d272449 elementor-section-boxed elementor-section-height-default elementor-section-height-default\" data-id=\"6d272449\" data-element_type=\"section\" data-e-type=\"section\">\n\t\t\t\t\t\t<div class=\"elementor-container elementor-column-gap-no\">\n\t\t\t\t\t<div class=\"elementor-column elementor-col-100 elementor-inner-column elementor-element elementor-element-5551e6ab\" data-id=\"5551e6ab\" data-element_type=\"column\" data-e-type=\"column\" data-settings=\"{&quot;background_background&quot;:&quot;classic&quot;}\">\n\t\t\t<div class=\"elementor-widget-wrap elementor-element-populated\">\n\t\t\t\t\t<div class=\"elementor-background-overlay\"><\/div>\n\t\t\t\t\t\t<div class=\"elementor-element elementor-element-566b316e elementor-widget-divider--separator-type-pattern elementor-widget-divider--view-line elementor-widget elementor-widget-divider\" data-id=\"566b316e\" data-element_type=\"widget\" data-e-type=\"widget\" data-widget_type=\"divider.default\">\n\t\t\t\t<div class=\"elementor-widget-container\">\n\t\t\t\t\t\t\t<div class=\"elementor-divider\" style=\"--divider-pattern-url: url(&quot;data:image\/svg+xml,%3Csvg xmlns=&#039;http:\/\/www.w3.org\/2000\/svg&#039; preserveAspectRatio=&#039;none&#039; overflow=&#039;visible&#039; height=&#039;100%&#039; viewBox=&#039;0 0 24 24&#039; fill=&#039;none&#039; stroke=&#039;black&#039; stroke-width=&#039;4&#039; stroke-linecap=&#039;square&#039; stroke-miterlimit=&#039;10&#039;%3E%3Cpolyline points=&#039;0,18 12,6 24,18 &#039;\/%3E%3C\/svg%3E&quot;);\">\n\t\t\t<span class=\"elementor-divider-separator\">\n\t\t\t\t\t\t<\/span>\n\t\t<\/div>\n\t\t\t\t\t\t<\/div>\n\t\t\t\t<\/div>\n\t\t\t\t<div class=\"elementor-element elementor-element-6aeaf9a3 elementor-widget elementor-widget-heading\" data-id=\"6aeaf9a3\" data-element_type=\"widget\" data-e-type=\"widget\" data-widget_type=\"heading.default\">\n\t\t\t\t<div class=\"elementor-widget-container\">\n\t\t\t\t\t<h3 class=\"elementor-heading-title elementor-size-default\">Cristiane Wrobel Fellini<\/h3>\t\t\t\t<\/div>\n\t\t\t\t<\/div>\n\t\t\t\t\t<\/div>\n\t\t<\/div>\n\t\t\t\t\t<\/div>\n\t\t<\/section>\n\t\t\t\t<div class=\"elementor-element elementor-element-5688fecd elementor-widget elementor-widget-text-editor\" data-id=\"5688fecd\" data-element_type=\"widget\" data-e-type=\"widget\" data-widget_type=\"text-editor.default\">\n\t\t\t\t<div class=\"elementor-widget-container\">\n\t\t\t\t\t\t\t\t\tGraduado em Biomedicina pela Faculdade Fasipe Mato Grosso &#8211; Brasil, com\nhabilita\u00e7\u00e3o em An\u00e1lises Cl\u00ednicas e Biomedicina Est\u00e9tica, com diploma\nreconhecido em Portugal pela Universidade de Aveiro. Participei como pesquisador em\no primeiro Projeto de Inicia\u00e7\u00e3o Cient\u00edfica da Faculdade Fasipe Mato Grosso,\nsobre infec\u00e7\u00e3o urin\u00e1ria. Esta pesquisa foi reconhecida nacionalmente e eu\nrecebeu o t\u00edtulo de Comandante do Estado de S\u00e3o Paulo &#8211; BR com publica\u00e7\u00e3o\nem di\u00e1rio oficial. A mesma pesquisa foi submetida ao 1\u00ba Congresso Luso-Brasileiro\nEncontro de doen\u00e7as infecciosas e microbiologia cl\u00ednica. Atualmente tenho\ntrabalhei como m\u00e9dico em Portugal e no Brasil, e tenho uma vasta experi\u00eancia\nem preenchimentos, Toxina Botul\u00ednica, peeling qu\u00edmico, terapia a laser e ultrassom,\ntratamento de radiofrequ\u00eancia, mesoterapia e escleroterapia. eu tambem sou colegial\nProfessor na HMK Hochfachschule Fur Aesthetik Und Kosmetik na Su\u00ed\u00e7a, I\nsou respons\u00e1vel t\u00e9cnico da Excellence Aesthetic Academy Lda, ministro cursos\nem Biomedicina Est\u00e9tica no Brasil, Su\u00ed\u00e7a e EUA e estou fazendo medicina\nresid\u00eancia em Anatomia em Cad\u00e1veres Frescos Congelados na American Society of\nAnatomia nos EUA e Homeopatia.\t\t\t\t\t\t\t\t<\/div>\n\t\t\t\t<\/div>\n\t\t\t\t\t<\/div>\n\t\t<\/div>\n\t\t\t\t\t<\/div>\n\t\t<\/section>\n\t\t\t\t<section class=\"elementor-section elementor-top-section elementor-element elementor-element-45800b0b elementor-section-boxed elementor-section-height-default elementor-section-height-default\" data-id=\"45800b0b\" data-element_type=\"section\" data-e-type=\"section\">\n\t\t\t\t\t\t\t<div class=\"elementor-background-overlay\"><\/div>\n\t\t\t\t\t\t\t<div class=\"elementor-container elementor-column-gap-no\">\n\t\t\t\t\t<div class=\"elementor-column elementor-col-100 elementor-top-column elementor-element elementor-element-2e114e27\" data-id=\"2e114e27\" data-element_type=\"column\" data-e-type=\"column\">\n\t\t\t<div class=\"elementor-widget-wrap elementor-element-populated\">\n\t\t\t\t\t\t<div class=\"elementor-element elementor-element-60009e08 elementor-widget elementor-widget-heading\" data-id=\"60009e08\" data-element_type=\"widget\" data-e-type=\"widget\" data-widget_type=\"heading.default\">\n\t\t\t\t<div class=\"elementor-widget-container\">\n\t\t\t\t\t<h5 class=\"elementor-heading-title elementor-size-default\">Experi\u00eancia:<\/h5>\t\t\t\t<\/div>\n\t\t\t\t<\/div>\n\t\t\t\t<div class=\"elementor-element elementor-element-c4a7ea6 elementor-widget elementor-widget-text-editor\" data-id=\"c4a7ea6\" data-element_type=\"widget\" data-e-type=\"widget\" data-widget_type=\"text-editor.default\">\n\t\t\t\t<div class=\"elementor-widget-container\">\n\t\t\t\t\t\t\t\t\t<ul><li><strong>29\/02\/2016 \u2013 30\/12\/2019 Cuiab\u00e1, Brasil<\/strong><br \/>CI\u00caNCIA BIOM\u00c9DICA COM QUALIFICA\u00c7\u00c3O EM AN\u00c1LISE CL\u00cdNICA E EST\u00c9TICA<br \/>BIOMEDICINA Fasipe Mato Grosso<br \/>Endere\u00e7o Cuiab\u00e1, Brasil<\/li><li><strong>05\/10\/2020 \u2013 ATUAL Boston, Estados Unidos<\/strong><br \/>RESID\u00caNCIA EM CI\u00caNCIAS ANAT\u00d4MICAS Sociedade Americana de Anatomia<br \/>Endere\u00e7o Boston, Estados Unidos<\/li><li><strong>30\/08\/2022 \u2013 ATUAL Lisboa, Portugal<\/strong><br \/>HOMEOPATIA Associa\u00e7\u00e3o de Homeopatas de Portugal<br \/>Endere\u00e7o Lisboa, Portugal<\/li><li><strong>24\/04\/2021 \u2013 25\/04\/2021 S\u00e3o Paulo, Brasil<\/strong><br \/>TRICOLOGISTA Associa\u00e7\u00e3o Brasileira de Tricologia<br \/>Endere\u00e7o S\u00e3o Paulo, Brasil<\/li><li><strong>30\/09\/2020 \u2013 18\/10\/2020 Brasil<\/strong><br \/>ESPECIALISTA EM PRP &#8211; PLASMA RICO EM PLAQUETAS PRP Iniciando<br \/>Endere\u00e7o Brasil<br \/>EDUCA\u00c7\u00c3O E TREINAMENTO<\/li><li><strong>11\/05\/2020 \u2013 26\/05\/2020 Belo Horizonte, Brasil<\/strong><br \/>ESPECIALISTA EM PREENCHIMENTOS EST\u00c9TICOS Instituto Lizia Campos<\/li><li><strong>05\/05\/2020 \u2013 25\/05\/2020 Belo Horizonte, Brasil<\/strong><br \/>ANESTESIA PARA PROCEDIMENTOS EST\u00c9TICOS Instituto Lizia Campos<br \/>Endere\u00e7o Belo Horizonte, Brasil<\/li><li><strong>08\/03\/2020 \u2013 23\/03\/2020 Belo Horizonte, Brasil<\/strong><br \/>ESPECIALISTA EM PEELING QU\u00cdMICO Instituto Lizia Campos<br \/>Endere\u00e7o Belo Horizonte, Brasil<\/li><li><strong>13\/03\/2021 \u2013 13\/04\/2021 Lisboa, Portugal<\/strong><br \/>ESPECIALISTA EM TRATAMENTO COM BIOESTIMULADOR DE COL\u00c1GENO<br \/>Eduardo De Paula Training<\/li><\/ul>\t\t\t\t\t\t\t\t<\/div>\n\t\t\t\t<\/div>\n\t\t\t\t\t<\/div>\n\t\t<\/div>\n\t\t\t\t\t<\/div>\n\t\t<\/section>\n\t\t\t\t<\/div>\n\t\t\n    <div class=\"xs_social_share_widget xs_share_url after_content \t\tmain_content  wslu-style-1 wslu-share-box-shaped wslu-fill-colored wslu-none wslu-share-horizontal wslu-theme-font-no wslu-main_content\">\n\n\t\t\n        <ul>\n\t\t\t        <\/ul>\n    <\/div> \n","protected":false},"excerpt":{"rendered":"<p>Professores Graduado em Biomedicina pela Faculdade Fasipe Mato Grosso &#8211; Brasil, com habilita\u00e7\u00e3o em An\u00e1lises Cl\u00ednicas e Biomedicina Est\u00e9tica, com diploma reconhecido em Portugal pela Universidade de Aveiro. Participei como pesquisador em o primeiro Projeto de Inicia\u00e7\u00e3o Cient\u00edfica da Faculdade Fasipe Mato Grosso, sobre infec\u00e7\u00e3o urin\u00e1ria. Esta pesquisa foi reconhecida nacionalmente e eu recebeu o [&hellip;]<\/p>\n","protected":false},"author":4,"featured_media":0,"parent":2227,"menu_order":0,"comment_status":"closed","ping_status":"closed","template":"","meta":{"footnotes":""},"class_list":["post-2276","page","type-page","status-publish","hentry"],"_links":{"self":[{"href":"https:\/\/hmkeducation.com\/pt_br\/wp-json\/wp\/v2\/pages\/2276","targetHints":{"allow":["GET"]}}],"collection":[{"href":"https:\/\/hmkeducation.com\/pt_br\/wp-json\/wp\/v2\/pages"}],"about":[{"href":"https:\/\/hmkeducation.com\/pt_br\/wp-json\/wp\/v2\/types\/page"}],"author":[{"embeddable":true,"href":"https:\/\/hmkeducation.com\/pt_br\/wp-json\/wp\/v2\/users\/4"}],"replies":[{"embeddable":true,"href":"https:\/\/hmkeducation.com\/pt_br\/wp-json\/wp\/v2\/comments?post=2276"}],"version-history":[{"count":0,"href":"https:\/\/hmkeducation.com\/pt_br\/wp-json\/wp\/v2\/pages\/2276\/revisions"}],"up":[{"embeddable":true,"href":"https:\/\/hmkeducation.com\/pt_br\/wp-json\/wp\/v2\/pages\/2227"}],"wp:attachment":[{"href":"https:\/\/hmkeducation.com\/pt_br\/wp-json\/wp\/v2\/media?parent=2276"}],"curies":[{"name":"wp","href":"https:\/\/api.w.org\/{rel}","templated":true}]}}