{"id":2305,"date":"2023-04-03T17:33:35","date_gmt":"2023-04-03T17:33:35","guid":{"rendered":"https:\/\/hmkeducation.com?page_id=2305"},"modified":"2023-04-03T17:38:19","modified_gmt":"2023-04-03T17:38:19","slug":"maria-de-fatima-guerreiro-godoy","status":"publish","type":"page","link":"https:\/\/hmkeducation.com\/pt_br\/professores\/maria-de-fatima-guerreiro-godoy\/","title":{"rendered":"Maria de F\u00e1tima Guerreiro Godoy"},"content":{"rendered":"\t\t<div data-elementor-type=\"wp-page\" data-elementor-id=\"2305\" class=\"elementor elementor-2305\" data-elementor-settings=\"{&quot;ha_cmc_init_switcher&quot;:&quot;no&quot;}\" data-elementor-post-type=\"page\">\n\t\t\t\t\t\t<section class=\"elementor-section elementor-top-section elementor-element elementor-element-3f979625 elementor-section-height-min-height elementor-section-content-middle elementor-section-boxed elementor-section-height-default elementor-section-items-middle\" data-id=\"3f979625\" data-element_type=\"section\" data-e-type=\"section\" data-settings=\"{&quot;background_background&quot;:&quot;classic&quot;}\">\n\t\t\t\t\t\t\t<div class=\"elementor-background-overlay\"><\/div>\n\t\t\t\t\t\t\t<div class=\"elementor-container elementor-column-gap-no\">\n\t\t\t\t\t<div class=\"elementor-column elementor-col-100 elementor-top-column elementor-element elementor-element-5dfd5284\" data-id=\"5dfd5284\" data-element_type=\"column\" data-e-type=\"column\" data-settings=\"{&quot;background_background&quot;:&quot;classic&quot;}\">\n\t\t\t<div class=\"elementor-widget-wrap elementor-element-populated\">\n\t\t\t\t\t\t<div class=\"elementor-element elementor-element-7c6aae96 elementor-widget elementor-widget-heading\" data-id=\"7c6aae96\" data-element_type=\"widget\" data-e-type=\"widget\" data-widget_type=\"heading.default\">\n\t\t\t\t<div class=\"elementor-widget-container\">\n\t\t\t\t\t<h1 class=\"elementor-heading-title elementor-size-default\">Professores<\/h1>\t\t\t\t<\/div>\n\t\t\t\t<\/div>\n\t\t\t\t\t<\/div>\n\t\t<\/div>\n\t\t\t\t\t<\/div>\n\t\t<\/section>\n\t\t\t\t<section class=\"elementor-section elementor-top-section elementor-element elementor-element-71051f5d elementor-section-boxed elementor-section-height-default elementor-section-height-default\" data-id=\"71051f5d\" data-element_type=\"section\" data-e-type=\"section\">\n\t\t\t\t\t\t\t<div class=\"elementor-background-overlay\"><\/div>\n\t\t\t\t\t\t\t<div class=\"elementor-container elementor-column-gap-no\">\n\t\t\t\t\t<div class=\"elementor-column elementor-col-50 elementor-top-column elementor-element elementor-element-866e7ec\" data-id=\"866e7ec\" data-element_type=\"column\" data-e-type=\"column\">\n\t\t\t<div class=\"elementor-widget-wrap elementor-element-populated\">\n\t\t\t\t\t\t<div class=\"elementor-element elementor-element-f9e1a25 elementor-widget elementor-widget-image\" data-id=\"f9e1a25\" data-element_type=\"widget\" data-e-type=\"widget\" data-widget_type=\"image.default\">\n\t\t\t\t<div class=\"elementor-widget-container\">\n\t\t\t\t\t\t\t\t\t\t\t\t\t\t\t<img fetchpriority=\"high\" decoding=\"async\" width=\"512\" height=\"512\" src=\"https:\/\/hmkeducation.com\/wp-content\/uploads\/2023\/04\/5.jpg\" class=\"attachment-full size-full wp-image-2234\" alt=\"\" srcset=\"https:\/\/hmkeducation.com\/wp-content\/uploads\/2023\/04\/5.jpg 512w, https:\/\/hmkeducation.com\/wp-content\/uploads\/2023\/04\/5-300x300.jpg 300w, https:\/\/hmkeducation.com\/wp-content\/uploads\/2023\/04\/5-150x150.jpg 150w, https:\/\/hmkeducation.com\/wp-content\/uploads\/2023\/04\/5-12x12.jpg 12w\" sizes=\"(max-width: 512px) 100vw, 512px\" \/>\t\t\t\t\t\t\t\t\t\t\t\t\t\t\t<\/div>\n\t\t\t\t<\/div>\n\t\t\t\t\t<\/div>\n\t\t<\/div>\n\t\t\t\t<div class=\"elementor-column elementor-col-50 elementor-top-column elementor-element elementor-element-1d6b90ee\" data-id=\"1d6b90ee\" data-element_type=\"column\" data-e-type=\"column\">\n\t\t\t<div class=\"elementor-widget-wrap elementor-element-populated\">\n\t\t\t\t\t\t<section class=\"elementor-section elementor-inner-section elementor-element elementor-element-6549e65d elementor-section-boxed elementor-section-height-default elementor-section-height-default\" data-id=\"6549e65d\" data-element_type=\"section\" data-e-type=\"section\">\n\t\t\t\t\t\t<div class=\"elementor-container elementor-column-gap-no\">\n\t\t\t\t\t<div class=\"elementor-column elementor-col-100 elementor-inner-column elementor-element elementor-element-28acf4e4\" data-id=\"28acf4e4\" data-element_type=\"column\" data-e-type=\"column\" data-settings=\"{&quot;background_background&quot;:&quot;classic&quot;}\">\n\t\t\t<div class=\"elementor-widget-wrap elementor-element-populated\">\n\t\t\t\t\t<div class=\"elementor-background-overlay\"><\/div>\n\t\t\t\t\t\t<div class=\"elementor-element elementor-element-557d887 elementor-widget-divider--separator-type-pattern elementor-widget-divider--view-line elementor-widget elementor-widget-divider\" data-id=\"557d887\" data-element_type=\"widget\" data-e-type=\"widget\" data-widget_type=\"divider.default\">\n\t\t\t\t<div class=\"elementor-widget-container\">\n\t\t\t\t\t\t\t<div class=\"elementor-divider\" style=\"--divider-pattern-url: url(&quot;data:image\/svg+xml,%3Csvg xmlns=&#039;http:\/\/www.w3.org\/2000\/svg&#039; preserveAspectRatio=&#039;none&#039; overflow=&#039;visible&#039; height=&#039;100%&#039; viewBox=&#039;0 0 24 24&#039; fill=&#039;none&#039; stroke=&#039;black&#039; stroke-width=&#039;4&#039; stroke-linecap=&#039;square&#039; stroke-miterlimit=&#039;10&#039;%3E%3Cpolyline points=&#039;0,18 12,6 24,18 &#039;\/%3E%3C\/svg%3E&quot;);\">\n\t\t\t<span class=\"elementor-divider-separator\">\n\t\t\t\t\t\t<\/span>\n\t\t<\/div>\n\t\t\t\t\t\t<\/div>\n\t\t\t\t<\/div>\n\t\t\t\t<div class=\"elementor-element elementor-element-4f6399c7 elementor-widget elementor-widget-heading\" data-id=\"4f6399c7\" data-element_type=\"widget\" data-e-type=\"widget\" data-widget_type=\"heading.default\">\n\t\t\t\t<div class=\"elementor-widget-container\">\n\t\t\t\t\t<h3 class=\"elementor-heading-title elementor-size-default\">Maria de F\u00e1tima Guerreiro Godoy<\/h3>\t\t\t\t<\/div>\n\t\t\t\t<\/div>\n\t\t\t\t\t<\/div>\n\t\t<\/div>\n\t\t\t\t\t<\/div>\n\t\t<\/section>\n\t\t\t\t<div class=\"elementor-element elementor-element-5714c6dc elementor-widget elementor-widget-text-editor\" data-id=\"5714c6dc\" data-element_type=\"widget\" data-e-type=\"widget\" data-widget_type=\"text-editor.default\">\n\t\t\t\t<div class=\"elementor-widget-container\">\n\t\t\t\t\t\t\t\t\t<p><b>Forma\u00e7\u00e3o acad\u00eamica\/titula\u00e7\u00e3o<\/b><\/p><p>\u00a0<\/p><p><b>2002 &#8211; 2006 <\/b> <span style=\"font-weight: 400;\">Doutorado\u00a0 em Ci\u00eancias da Sa\u00fade.\u00a0<\/span><\/p><p><span style=\"font-weight: 400;\">Faculdade de Medicina de S\u00e3o Jos\u00e9 do Rio Preto, FAMERP, Sao Jose Do Rio Preto, Brasil<\/span><\/p><p><span style=\"font-weight: 400;\">T\u00edtulo: Avalia\u00e7\u00e3o de atividade ocupacional de vida di\u00e1ria como forma linfomiocin\u00e9tica no tratamento do linfedema de membros superiores, Ano de obten\u00e7\u00e3o: 2006<\/span><\/p><p><span style=\"font-weight: 400;\">Orientador: Prof Dr. Domingo Marcolino Braile<\/span><\/p><p>\u00a0<\/p><p><b>1993 &#8211; 1996 <\/b> <span style=\"font-weight: 400;\">Mestrado\u00a0 em Psicologia.\u00a0<\/span><\/p><p><span style=\"font-weight: 400;\">Pontif\u00edcia Universidade Cat\u00f3lica de Campinas, PUC Campinas, Campinas, Brasil<\/span><\/p><p><span style=\"font-weight: 400;\">T\u00edtulo: Criatividade E Integra\u00e7\u00e3o Vital Com Idosos, Ano de obten\u00e7\u00e3o: 1996<\/span><\/p><p><span style=\"font-weight: 400;\">Orientador: Solange M\u00faglia Wechsler<\/span><\/p><p><span style=\"font-weight: 400;\">Bolsista do(a): Coordena\u00e7\u00e3o de Aperfei\u00e7oamento de Pessoal de N\u00edvel Superior<\/span><\/p><p>\u00a0<\/p><p><b>1981 &#8211; 1984 <\/b> <span style=\"font-weight: 400;\">Gradua\u00e7\u00e3o\u00a0 em Terapia Ocupacional.\u00a0<\/span><\/p><p><span style=\"font-weight: 400;\">Universidade Metodista de Piracicaba, UNIMEP, Piracicaba, Brasil<\/span><\/p><p><b>P\u00f3s-doutorado<\/b><\/p><p>\u00a0<\/p><p><b>2010 &#8211; 2011 <\/b> <span style=\"font-weight: 400;\">P\u00f3s-Doutorado .\u00a0<\/span><\/p><p><span style=\"font-weight: 400;\">Faculdade de Medicina de S\u00e3o Jos\u00e9 do Rio Preto, FAMERP, Sao Jose Do Rio Preto, Brasil<\/span><\/p><p><span style=\"font-weight: 400;\">Bolsista do(a): Coordena\u00e7\u00e3o de Aperfei\u00e7oamento de Pessoal de N\u00edvel Superior<\/span><\/p><p><b>Forma\u00e7\u00e3o complementar<\/b><\/p><p>\u00a0<\/p><p><b>1999 &#8211; 1999 <\/b> <span style=\"font-weight: 400;\">Outros.\u00a0<\/span><\/p><p><span style=\"font-weight: 400;\">Instituto Brasileiro de Pesquisa e Ensino, IBRAPE, Brasil<\/span><\/p><p>\u00a0<\/p><p><b>1996 &#8211; 1996 <\/b> <span style=\"font-weight: 400;\">Extens\u00e3o universit\u00e1ria . (Carga hor\u00e1ria: 6h).<\/span><\/p><p><span style=\"font-weight: 400;\">Faculdade de Medicina de S\u00e3o Jos\u00e9 do Rio Preto, FAMERP, Sao Jose Do Rio Preto, Brasil<\/span><\/p><p>\u00a0<\/p><p><b>1996 &#8211; 1996 <\/b> <span style=\"font-weight: 400;\">Outros.\u00a0<\/span><\/p><p><span style=\"font-weight: 400;\">International Society Of Lymphology, ISL, Espanha<\/span><\/p><p>\u00a0<\/p><p><b>1993 &#8211; 1993 <\/b> <span style=\"font-weight: 400;\">Extens\u00e3o universit\u00e1ria . (Carga hor\u00e1ria: 6h).<\/span><\/p><p><span style=\"font-weight: 400;\">Pontif\u00edcia Universidade Cat\u00f3lica de Campinas, PUC Campinas, Campinas, Brasil<\/span><\/p><p>\u00a0<\/p><p><b>1993 &#8211; 1993 <\/b> <span style=\"font-weight: 400;\">Extens\u00e3o universit\u00e1ria . (Carga hor\u00e1ria: 8h).<\/span><\/p><p><span style=\"font-weight: 400;\">Pontif\u00edcia Universidade Cat\u00f3lica de Campinas, PUC Campinas, Campinas, Brasil<\/span><\/p>\t\t\t\t\t\t\t\t<\/div>\n\t\t\t\t<\/div>\n\t\t\t\t\t<\/div>\n\t\t<\/div>\n\t\t\t\t\t<\/div>\n\t\t<\/section>\n\t\t\t\t<section class=\"elementor-section elementor-top-section elementor-element elementor-element-ac0fcc0 elementor-section-boxed elementor-section-height-default elementor-section-height-default\" data-id=\"ac0fcc0\" data-element_type=\"section\" data-e-type=\"section\">\n\t\t\t\t\t\t\t<div class=\"elementor-background-overlay\"><\/div>\n\t\t\t\t\t\t\t<div class=\"elementor-container elementor-column-gap-no\">\n\t\t\t\t\t<div class=\"elementor-column elementor-col-100 elementor-top-column elementor-element elementor-element-68e7a94b\" data-id=\"68e7a94b\" data-element_type=\"column\" data-e-type=\"column\">\n\t\t\t<div class=\"elementor-widget-wrap elementor-element-populated\">\n\t\t\t\t\t\t<div class=\"elementor-element elementor-element-7e05a404 elementor-widget elementor-widget-heading\" data-id=\"7e05a404\" data-element_type=\"widget\" data-e-type=\"widget\" data-widget_type=\"heading.default\">\n\t\t\t\t<div class=\"elementor-widget-container\">\n\t\t\t\t\t<h5 class=\"elementor-heading-title elementor-size-default\">Experi\u00eancia: <\/h5>\t\t\t\t<\/div>\n\t\t\t\t<\/div>\n\t\t\t\t<div class=\"elementor-element elementor-element-1fee2c41 elementor-widget elementor-widget-text-editor\" data-id=\"1fee2c41\" data-element_type=\"widget\" data-e-type=\"widget\" data-widget_type=\"text-editor.default\">\n\t\t\t\t<div class=\"elementor-widget-container\">\n\t\t\t\t\t\t\t\t\t<ol><li><b><\/b> <b>Faculdade de Medicina de S\u00e3o Jos\u00e9 do Rio Preto &#8211; FAMERP<\/b><\/li><\/ol><p><b>V\u00ednculo institucional<\/b><\/p><p><b>2007 &#8211; Atual\u00a0 <\/b> <span style=\"font-weight: 400;\">V\u00ednculo: Colaborador , Enquadramento funcional: Professora convidada da P\u00f3s Gradua\u00e7\u00e3o,\u00a0 Regime: Parcial\u00a0<\/span><\/p><p><span style=\"font-weight: 400;\">Outras informa\u00e7\u00f5es:\u00a0<\/span><\/p><p><span style=\"font-weight: 400;\">Projeto de Pesquisa Desenvolvidos:Avalia\u00e7\u00e3o de exerc\u00edcios no linfedema de membro inferior associados a mecanismo de conten\u00e7\u00e3o.Avalia\u00e7\u00e3o da terapia linf\u00e1tica em cadeias linf\u00e1ticas isoladas na redu\u00e7\u00e3o do linfedema p\u00f3s tratamento do c\u00e2ncer de mamaAvalia\u00e7\u00e3o da ansiedade, depress\u00e3o e imagem corporal em mulheres\u00a0 com linfedema p\u00f3s tratamento do c\u00e2ncer de mama<\/span><\/p><p>\u00a0<\/p><p><b style=\"color: var( --e-global-color-text ); font-family: var( --e-global-typography-f500460-font-family ), Sans-serif; font-size: var( --e-global-typography-f500460-font-size ); letter-spacing: var( --e-global-typography-f500460-letter-spacing ); word-spacing: var( --e-global-typography-f500460-word-spacing );\">Atividades<\/b><\/p><p><b>02\/2016 &#8211; Atual<\/b> <span style=\"font-weight: 400;\">Pesquisa e Desenvolvimento, Faculdade de Medicina de Rio Preto<\/span><\/p><p><i><span style=\"font-weight: 400;\">Linhas de pesquisa:<\/span><\/i><\/p><p><i><span style=\"font-weight: 400;\">Avalia\u00e7\u00e3o de exerc\u00edcios no linfedema de membro inferiores , Avalia\u00e7\u00e3o de exerc\u00edcios no linfedema de membro de membros superiores , Tratamento do linfedema em crian\u00e7as , Reabilita\u00e7\u00e3o Ocupacional no Tratamento do Linfedema<\/span><\/i><\/p><p>\u00a0<\/p><ol start=\"2\"><li><b><\/b> <b>Vascular Laser Center &#8211; VASCULAR<\/b><\/li><\/ol><p><b style=\"color: var( --e-global-color-text ); font-family: var( --e-global-typography-f500460-font-family ), Sans-serif; font-size: var( --e-global-typography-f500460-font-size ); letter-spacing: var( --e-global-typography-f500460-letter-spacing ); word-spacing: var( --e-global-typography-f500460-word-spacing );\">V\u00ednculo institucional<\/b><\/p><p><b>2000 &#8211; Atual\u00a0 <\/b> <span style=\"font-weight: 400;\">V\u00ednculo: Colaborador , Enquadramento funcional: Colaborardor de pesquisa,\u00a0 Regime: Parcial\u00a0<\/span><\/p><p><span style=\"font-weight: 400;\">Outras informa\u00e7\u00f5es:\u00a0<\/span><\/p><p><span style=\"font-weight: 400;\">Pesquisas desenvolvidas:Avalia\u00e7\u00e3o da redu\u00e7\u00e3o do linfedema de membro inferior com uso de mecanismo de conten\u00e7\u00e3o n\u00e3o el\u00e1stico(gorgur\u00e3o) como monoterapia.Manuten\u00e7\u00e3o de resultados no tratamento do linfedema com uso de mecanismo de conten\u00e7\u00e3o.A abordagem transdisciplinar tratamento de pacientes com linfedema relacionadas com o c\u00e2ncer de mamaReabilita\u00e7\u00e3o profissional completa como um objetivo no tratamento do linfedema p\u00f3s c\u00e2ncer de mama<\/span><\/p><p>\u00a0<\/p><p><b style=\"color: var( --e-global-color-text ); font-family: var( --e-global-typography-f500460-font-family ), Sans-serif; font-size: var( --e-global-typography-f500460-font-size ); letter-spacing: var( --e-global-typography-f500460-letter-spacing ); word-spacing: var( --e-global-typography-f500460-word-spacing );\">Atividades<\/b><\/p><p><b>02\/2000 &#8211; Atual<\/b> <span style=\"font-weight: 400;\">P\u00f3s-gradua\u00e7\u00e3o, Terapia Linf\u00e1tica: Metodo Godoy &amp; Godoy<\/span><\/p><p><i><span style=\"font-weight: 400;\">Disciplinas ministradas:\u00a0<\/span><\/i><\/p><p><i><span style=\"font-weight: 400;\">Coordena\u00e7\u00e3o Pratica\u00a0 Reabilita\u00e7\u00e3o do Linfedema<\/span><\/i><\/p><p>\u00a0<\/p><p><b style=\"color: var( --e-global-color-text ); font-family: var( --e-global-typography-f500460-font-family ), Sans-serif; font-size: var( --e-global-typography-f500460-font-size ); letter-spacing: var( --e-global-typography-f500460-letter-spacing ); word-spacing: var( --e-global-typography-f500460-word-spacing );\">Linhas de pesquisa<\/b><\/p><p>\u00a0<\/p><ol><li><b><\/b> <span style=\"font-weight: 400;\">Avalia\u00e7\u00e3o de exerc\u00edcios no linfedema de membro de membros superiores<\/span><\/li><\/ol><ol start=\"2\"><li><b><\/b> <span style=\"font-weight: 400;\">Avalia\u00e7\u00e3o de exerc\u00edcios no linfedema de membro inferiores<\/span><\/li><\/ol><ol start=\"3\"><li><b><\/b> <span style=\"font-weight: 400;\">Reabilita\u00e7\u00e3o Ocupacional no Tratamento do Linfedema<\/span><\/li><\/ol><ol start=\"4\"><li><b><\/b> <span style=\"font-weight: 400;\">Tratamento do linfedema em crian\u00e7as<\/span><\/li><\/ol>\t\t\t\t\t\t\t\t<\/div>\n\t\t\t\t<\/div>\n\t\t\t\t\t<\/div>\n\t\t<\/div>\n\t\t\t\t\t<\/div>\n\t\t<\/section>\n\t\t\t\t<\/div>\n\t\t\n    <div class=\"xs_social_share_widget xs_share_url after_content \t\tmain_content  wslu-style-1 wslu-share-box-shaped wslu-fill-colored wslu-none wslu-share-horizontal wslu-theme-font-no wslu-main_content\">\n\n\t\t\n        <ul>\n\t\t\t        <\/ul>\n    <\/div> \n","protected":false},"excerpt":{"rendered":"<p>Professores Forma\u00e7\u00e3o acad\u00eamica\/titula\u00e7\u00e3o \u00a0 2002 &#8211; 2006 Doutorado\u00a0 em Ci\u00eancias da Sa\u00fade.\u00a0 Faculdade de Medicina de S\u00e3o Jos\u00e9 do Rio Preto, FAMERP, Sao Jose Do Rio Preto, Brasil T\u00edtulo: Avalia\u00e7\u00e3o de atividade ocupacional de vida di\u00e1ria como forma linfomiocin\u00e9tica no tratamento do linfedema de membros superiores, Ano de obten\u00e7\u00e3o: 2006 Orientador: Prof Dr. Domingo Marcolino [&hellip;]<\/p>\n","protected":false},"author":4,"featured_media":0,"parent":2227,"menu_order":0,"comment_status":"closed","ping_status":"closed","template":"","meta":{"footnotes":""},"class_list":["post-2305","page","type-page","status-publish","hentry"],"_links":{"self":[{"href":"https:\/\/hmkeducation.com\/pt_br\/wp-json\/wp\/v2\/pages\/2305","targetHints":{"allow":["GET"]}}],"collection":[{"href":"https:\/\/hmkeducation.com\/pt_br\/wp-json\/wp\/v2\/pages"}],"about":[{"href":"https:\/\/hmkeducation.com\/pt_br\/wp-json\/wp\/v2\/types\/page"}],"author":[{"embeddable":true,"href":"https:\/\/hmkeducation.com\/pt_br\/wp-json\/wp\/v2\/users\/4"}],"replies":[{"embeddable":true,"href":"https:\/\/hmkeducation.com\/pt_br\/wp-json\/wp\/v2\/comments?post=2305"}],"version-history":[{"count":0,"href":"https:\/\/hmkeducation.com\/pt_br\/wp-json\/wp\/v2\/pages\/2305\/revisions"}],"up":[{"embeddable":true,"href":"https:\/\/hmkeducation.com\/pt_br\/wp-json\/wp\/v2\/pages\/2227"}],"wp:attachment":[{"href":"https:\/\/hmkeducation.com\/pt_br\/wp-json\/wp\/v2\/media?parent=2305"}],"curies":[{"name":"wp","href":"https:\/\/api.w.org\/{rel}","templated":true}]}}