{"id":2311,"date":"2023-04-03T17:40:32","date_gmt":"2023-04-03T17:40:32","guid":{"rendered":"https:\/\/hmkeducation.com?page_id=2311"},"modified":"2023-04-03T17:49:09","modified_gmt":"2023-04-03T17:49:09","slug":"nedda-von-der-schulenburg-goulart","status":"publish","type":"page","link":"https:\/\/hmkeducation.com\/pt_br\/professores\/nedda-von-der-schulenburg-goulart\/","title":{"rendered":"Nedda von der Schulenburg Goulart"},"content":{"rendered":"\t\t<div data-elementor-type=\"wp-page\" data-elementor-id=\"2311\" class=\"elementor elementor-2311\" data-elementor-settings=\"{&quot;ha_cmc_init_switcher&quot;:&quot;no&quot;}\" data-elementor-post-type=\"page\">\n\t\t\t\t\t\t<section class=\"elementor-section elementor-top-section elementor-element elementor-element-6ffffb8a elementor-section-height-min-height elementor-section-content-middle elementor-section-boxed elementor-section-height-default elementor-section-items-middle\" data-id=\"6ffffb8a\" data-element_type=\"section\" data-e-type=\"section\" data-settings=\"{&quot;background_background&quot;:&quot;classic&quot;}\">\n\t\t\t\t\t\t\t<div class=\"elementor-background-overlay\"><\/div>\n\t\t\t\t\t\t\t<div class=\"elementor-container elementor-column-gap-no\">\n\t\t\t\t\t<div class=\"elementor-column elementor-col-100 elementor-top-column elementor-element elementor-element-9b242e7\" data-id=\"9b242e7\" data-element_type=\"column\" data-e-type=\"column\" data-settings=\"{&quot;background_background&quot;:&quot;classic&quot;}\">\n\t\t\t<div class=\"elementor-widget-wrap elementor-element-populated\">\n\t\t\t\t\t\t<div class=\"elementor-element elementor-element-75aa04f1 elementor-widget elementor-widget-heading\" data-id=\"75aa04f1\" data-element_type=\"widget\" data-e-type=\"widget\" data-widget_type=\"heading.default\">\n\t\t\t\t<div class=\"elementor-widget-container\">\n\t\t\t\t\t<h1 class=\"elementor-heading-title elementor-size-default\">Professores<\/h1>\t\t\t\t<\/div>\n\t\t\t\t<\/div>\n\t\t\t\t\t<\/div>\n\t\t<\/div>\n\t\t\t\t\t<\/div>\n\t\t<\/section>\n\t\t\t\t<section class=\"elementor-section elementor-top-section elementor-element elementor-element-63215c94 elementor-section-boxed elementor-section-height-default elementor-section-height-default\" data-id=\"63215c94\" data-element_type=\"section\" data-e-type=\"section\">\n\t\t\t\t\t\t\t<div class=\"elementor-background-overlay\"><\/div>\n\t\t\t\t\t\t\t<div class=\"elementor-container elementor-column-gap-no\">\n\t\t\t\t\t<div class=\"elementor-column elementor-col-50 elementor-top-column elementor-element elementor-element-63e1d6c3\" data-id=\"63e1d6c3\" data-element_type=\"column\" data-e-type=\"column\">\n\t\t\t<div class=\"elementor-widget-wrap elementor-element-populated\">\n\t\t\t\t\t\t<div class=\"elementor-element elementor-element-440977c3 elementor-widget elementor-widget-image\" data-id=\"440977c3\" data-element_type=\"widget\" data-e-type=\"widget\" data-widget_type=\"image.default\">\n\t\t\t\t<div class=\"elementor-widget-container\">\n\t\t\t\t\t\t\t\t\t\t\t\t\t\t\t<img fetchpriority=\"high\" decoding=\"async\" width=\"512\" height=\"512\" src=\"https:\/\/hmkeducation.com\/wp-content\/uploads\/2023\/04\/6-1.jpg\" class=\"attachment-full size-full wp-image-2235\" alt=\"\" srcset=\"https:\/\/hmkeducation.com\/wp-content\/uploads\/2023\/04\/6-1.jpg 512w, https:\/\/hmkeducation.com\/wp-content\/uploads\/2023\/04\/6-1-300x300.jpg 300w, https:\/\/hmkeducation.com\/wp-content\/uploads\/2023\/04\/6-1-150x150.jpg 150w, https:\/\/hmkeducation.com\/wp-content\/uploads\/2023\/04\/6-1-12x12.jpg 12w\" sizes=\"(max-width: 512px) 100vw, 512px\" \/>\t\t\t\t\t\t\t\t\t\t\t\t\t\t\t<\/div>\n\t\t\t\t<\/div>\n\t\t\t\t\t<\/div>\n\t\t<\/div>\n\t\t\t\t<div class=\"elementor-column elementor-col-50 elementor-top-column elementor-element elementor-element-b19c44b\" data-id=\"b19c44b\" data-element_type=\"column\" data-e-type=\"column\">\n\t\t\t<div class=\"elementor-widget-wrap elementor-element-populated\">\n\t\t\t\t\t\t<section class=\"elementor-section elementor-inner-section elementor-element elementor-element-45a0849e elementor-section-boxed elementor-section-height-default elementor-section-height-default\" data-id=\"45a0849e\" data-element_type=\"section\" data-e-type=\"section\">\n\t\t\t\t\t\t<div class=\"elementor-container elementor-column-gap-no\">\n\t\t\t\t\t<div class=\"elementor-column elementor-col-100 elementor-inner-column elementor-element elementor-element-1674ecad\" data-id=\"1674ecad\" data-element_type=\"column\" data-e-type=\"column\" data-settings=\"{&quot;background_background&quot;:&quot;classic&quot;}\">\n\t\t\t<div class=\"elementor-widget-wrap elementor-element-populated\">\n\t\t\t\t\t<div class=\"elementor-background-overlay\"><\/div>\n\t\t\t\t\t\t<div class=\"elementor-element elementor-element-4b15f4d5 elementor-widget-divider--separator-type-pattern elementor-widget-divider--view-line elementor-widget elementor-widget-divider\" data-id=\"4b15f4d5\" data-element_type=\"widget\" data-e-type=\"widget\" data-widget_type=\"divider.default\">\n\t\t\t\t<div class=\"elementor-widget-container\">\n\t\t\t\t\t\t\t<div class=\"elementor-divider\" style=\"--divider-pattern-url: url(&quot;data:image\/svg+xml,%3Csvg xmlns=&#039;http:\/\/www.w3.org\/2000\/svg&#039; preserveAspectRatio=&#039;none&#039; overflow=&#039;visible&#039; height=&#039;100%&#039; viewBox=&#039;0 0 24 24&#039; fill=&#039;none&#039; stroke=&#039;black&#039; stroke-width=&#039;4&#039; stroke-linecap=&#039;square&#039; stroke-miterlimit=&#039;10&#039;%3E%3Cpolyline points=&#039;0,18 12,6 24,18 &#039;\/%3E%3C\/svg%3E&quot;);\">\n\t\t\t<span class=\"elementor-divider-separator\">\n\t\t\t\t\t\t<\/span>\n\t\t<\/div>\n\t\t\t\t\t\t<\/div>\n\t\t\t\t<\/div>\n\t\t\t\t<div class=\"elementor-element elementor-element-666027d elementor-widget elementor-widget-heading\" data-id=\"666027d\" data-element_type=\"widget\" data-e-type=\"widget\" data-widget_type=\"heading.default\">\n\t\t\t\t<div class=\"elementor-widget-container\">\n\t\t\t\t\t<h3 class=\"elementor-heading-title elementor-size-default\">Nedda von der Schulenburg Goulart<\/h3>\t\t\t\t<\/div>\n\t\t\t\t<\/div>\n\t\t\t\t\t<\/div>\n\t\t<\/div>\n\t\t\t\t\t<\/div>\n\t\t<\/section>\n\t\t\t\t<div class=\"elementor-element elementor-element-68ba4f9c elementor-widget elementor-widget-text-editor\" data-id=\"68ba4f9c\" data-element_type=\"widget\" data-e-type=\"widget\" data-widget_type=\"text-editor.default\">\n\t\t\t\t<div class=\"elementor-widget-container\">\n\t\t\t\t\t\t\t\t\t<p><strong>Forma\u00e7\u00e3o acad\u00eamica\/titula\u00e7\u00e3o<\/strong><\/p><p><strong>2019 &#8211; 2020 Especializa\u00e7\u00e3o \u2013 P\u00f3s Gradua\u00e7\u00e3o Latu Sensu<\/strong><br \/>Sociedade Vegetariana Brasileira e Plenitude eventos, S\u00e3o Paulo, SP, Brasil<br \/>T\u00edtulo: P\u00f3s Gradua\u00e7\u00e3o em Nutri\u00e7\u00e3o Vegetariana<br \/><br \/><strong>2016 &#8211; 2017 Especializa\u00e7\u00e3o \u2013 P\u00f3s Gradua\u00e7\u00e3o Latu Sensu<\/strong><br \/>Albert Einstein Instituto Israelita de Ensino e Pesquisa, S\u00e3o Paulo, SP, Brasil<br \/>T\u00edtulo: P\u00f3s Gradua\u00e7\u00e3o em Bases da Medicina Integrativa<br \/><br \/><strong>2017- 2017 Especializa\u00e7\u00e3o \u2013 P\u00f3s Gradua\u00e7\u00e3o Latu Sensu<\/strong><br \/>Albert Einstein Instituto Israelita de Ensino e Pesquisa, S\u00e3o Paulo, SP, Brasil<br \/>T\u00edtulo: P\u00f3s Gradua\u00e7\u00e3o em Laser, Cosmiatria e Procedimentos<\/p><p><strong>2013 &#8211; 2016 Especializa\u00e7\u00e3o \u2013 RESID\u00caNCIA M\u00c9DICA<br \/><\/strong>Hospital Federal da Lagoa, HFL, Rio de Janeiro, RJ, Brasil<br \/>T\u00edtulo: Cirurgia Pl\u00e1stica e Reparadora<br \/>Bolsista do(a): Minist\u00e9rio da Educa\u00e7\u00e3o\/Secretaria do Estado da Sa\u00fade<\/p><p><strong>2010 &#8211; 2012 Especializa\u00e7\u00e3o \u2013 RESID\u00caNCIA M\u00c9DICA<br \/><\/strong>Hospital Estadual das Cl\u00ednicas Luzia de Pinho Melo &#8211; Mogi das Cruzes,<br \/>SP, Brasil<br \/>T\u00edtulo: Cirurgia Geral<br \/>299271 CNRM<br \/>Bolsista do(a): Minist\u00e9rio da Educa\u00e7\u00e3o\/Secretaria do Estado da Sa\u00fade<\/p><p><strong>2002 &#8211; 2007 Gradua\u00e7\u00e3o em Medicina<br \/><\/strong>Universidade Metropolitana de Santos, UNIMES, Santos, Brasil<br \/>T\u00edtulo: Doen\u00e7a de Kawasaki<br \/>Orientador: Profa Dra. Denise S. M. D`Alessandro<\/p>\t\t\t\t\t\t\t\t<\/div>\n\t\t\t\t<\/div>\n\t\t\t\t\t<\/div>\n\t\t<\/div>\n\t\t\t\t\t<\/div>\n\t\t<\/section>\n\t\t\t\t<section class=\"elementor-section elementor-top-section elementor-element elementor-element-33548aca elementor-section-boxed elementor-section-height-default elementor-section-height-default\" data-id=\"33548aca\" data-element_type=\"section\" data-e-type=\"section\">\n\t\t\t\t\t\t\t<div class=\"elementor-background-overlay\"><\/div>\n\t\t\t\t\t\t\t<div class=\"elementor-container elementor-column-gap-no\">\n\t\t\t\t\t<div class=\"elementor-column elementor-col-100 elementor-top-column elementor-element elementor-element-6b2faf03\" data-id=\"6b2faf03\" data-element_type=\"column\" data-e-type=\"column\">\n\t\t\t<div class=\"elementor-widget-wrap elementor-element-populated\">\n\t\t\t\t\t\t<div class=\"elementor-element elementor-element-1841cee0 elementor-widget elementor-widget-heading\" data-id=\"1841cee0\" data-element_type=\"widget\" data-e-type=\"widget\" data-widget_type=\"heading.default\">\n\t\t\t\t<div class=\"elementor-widget-container\">\n\t\t\t\t\t<h5 class=\"elementor-heading-title elementor-size-default\">Experi\u00eancia:<\/h5>\t\t\t\t<\/div>\n\t\t\t\t<\/div>\n\t\t\t\t<div class=\"elementor-element elementor-element-5fdb9df2 elementor-widget elementor-widget-text-editor\" data-id=\"5fdb9df2\" data-element_type=\"widget\" data-e-type=\"widget\" data-widget_type=\"text-editor.default\">\n\t\t\t\t<div class=\"elementor-widget-container\">\n\t\t\t\t\t\t\t\t\t<p><strong>1. Hospital S\u00e3o Camilo &#8211; Santana \u2013 HSCS, S\u00e3o Paulo, SP, Brasil<\/strong><br \/>2010 &#8211; Atual V\u00ednculo: ex plantonista pronto-socorro , Enquadramento funcional: m\u00e9dica<br \/>plantonista Cirurgia Geral, Regime: Parcial<br \/>Ambulat\u00f3rio Cirurgia Pl\u00e1stica reparadora \u2013 consultas, procedimentos cir\u00fargicos e<br \/>ambulatoriais<br \/>Membro da equipe do Servi\u00e7o de Cirurgia Pl\u00e1stica Reparadora<\/p><p><strong>2. Hospital A. C. Camargo Cancer Center, S\u00e3o Paulo, SP, Brasil<\/strong><br \/>2016 &#8211; 2018 V\u00ednculo: Plantonista Grupo de atendimento de Emerg\u00eancia \u00e0 pacientes<br \/>internados \u2013 equipe Internistas, Regime: Parcial<\/p><p><strong>3. Hospital S\u00e3o Camilo &#8211; Ipiranga \u2013 HSCI, S\u00e3o Paulo, SP, Brasil<\/strong><br \/>2010 &#8211; Atual V\u00ednculo: ex plantonista pronto-socorro , Enquadramento funcional: m\u00e9dica<br \/>plantonista Cirurgia Geral, Regime: Parcial<\/p><p><strong>4. Hospital Alem\u00e3o Oswaldo Cruz \u2013 HAOC, S\u00e3o Paulo, SP, Brasil<\/strong><br \/>2017 \u2013 Atual<br \/>Membro Corpo Cl\u00ednico no Servi\u00e7o de Cirurgia Pl\u00e1stica Est\u00e9tica e Reparadora<\/p><p><strong>5. Hospital Israelita Albert Einstein \u2013 HIAE, S\u00e3o Paulo, SP, Brasil<\/strong><br \/>2016 \u2013 Atual<br \/>Membro Corpo Cl\u00ednico no Servi\u00e7o de Cirurgia Pl\u00e1stica Est\u00e9tica e Reparadora<br \/><strong>6. Hospital S\u00e3o Rafael \u2013 HSR, S\u00e3o Paulo, SP, Brasil<\/strong><br \/>2016 \u2013 Atual<br \/>Membro Corpo Cl\u00ednico no Servi\u00e7o de Cirurgia Pl\u00e1stica Est\u00e9tica e Reparadora<\/p><p><strong>7. Hospital San Paolo \u2013 HSP, S\u00e3o Paulo, SP, Brasil<\/strong><br \/>2018 \u2013 Atual<br \/>Membro Corpo Cl\u00ednico no Servi\u00e7o de Cirurgia Pl\u00e1stica Est\u00e9tica e Reparadora<\/p><p><strong>8. Hospital Don Ant\u00f4nio Alvarenga \u2013 HDAA, S\u00e3o Paulo, SP, Brasil<\/strong><br \/>2017 \u2013 Atual<br \/>Membro Corpo Cl\u00ednico no Servi\u00e7o de Cirurgia Pl\u00e1stica Est\u00e9tica e Reparadora<\/p><p><strong>9. Hospital S\u00e3o Luiz \u2013 HSL, S\u00e3o Paulo, SP, Brasil<\/strong><br \/>2017 \u2013 Atual<br \/>Membro Corpo Cl\u00ednico no Servi\u00e7o de Cirurgia Pl\u00e1stica Est\u00e9tica e Reparadora<\/p><p><strong>10. Hospital Federal da Lagoa \u2013 HFL, Rio de Janeiro, RJ, Brasil<\/strong><br \/>2013 \u2013 2016 V\u00ednculo: Bolsista , Enquadramento funcional: m\u00e9dico residente, Regime:<br \/>Dedica\u00e7\u00e3o exclusiva (t\u00e9rmino em Mar\u00e7o\/2016)<\/p><p><strong>11. Hospital Municipal Souza Aguiar \u2013 HMSA , Rio de Janeiro, RJ, Brasil<\/strong><br \/>2014 -2014 V\u00ednculo: M\u00e9dica estagi\u00e1ria , residente de cirurgia pl\u00e1stica. Enquadramento<br \/>funcional: M\u00e9dica estagi\u00e1ria no Centro de Tratamento de Queimados , Carga hor\u00e1ria:<br \/>40, Regime: Integral<br \/><strong>12. Instituto Nacional de C\u00e2ncer \u2013 INCA, Rio de Janeiro, RJ, Brasil<\/strong><br \/>2014 &#8211; 2014 V\u00ednculo: M\u00e9dica estagi\u00e1ria, residente de cirurgia pl\u00e1stica. Enquadramento<br \/>funcional: estagi\u00e1ria em Cirurgia Pl\u00e1stica Reconstrutora , Carga hor\u00e1ria: 40, Regime:<br \/>Integral<\/p><p><strong>13. Hospital Santa Cruz &#8211; SP \u2013 Instituto Santa Cruz \u2013 Prof Dr Marcos M\u00e9lega,\u00a0<\/strong><strong>S\u00e3o Paulo, SP, Brasil<\/strong><br \/>2014 &#8211; 2014 V\u00ednculo: residente de cirurgia pl\u00e1stica , Enquadramento funcional: m\u00e9dica<br \/>estagi\u00e1ria de cirurgia pl\u00e1stica , Carga hor\u00e1ria: 40h, Regime: Dedica\u00e7\u00e3o exclusiva<\/p><p><strong>14. Hospital Irmandade Santa Casa de Mogi das Cruzes \u2013 SCMC, S\u00e3o Paulo, SP, <\/strong><strong>Brasil<\/strong><br \/>2011 &#8211; 2012 V\u00ednculo: m\u00e9dica plantonista de emerg\u00eancia. Enquadramento funcional:<br \/>Plantonista Pronto Socorro, Regime: Parcial<\/p><p><strong>15. Hospital das Cl\u00ednicas Luzia de Pinho Melo \u2013 HCLPM\/SPDM\/Unifesp, Santa <\/strong><strong>Casa de Mogi das Cruzes \u2013 SCMC, S\u00e3o Paulo, SP, Brasil<\/strong><br \/>2010 &#8211; 2012 V\u00ednculo: Bolsista , Enquadramento funcional: m\u00e9dico residente de cirurgia<br \/>geral, Regime: Dedica\u00e7\u00e3o exclusiva (t\u00e9rmino em Mar\u00e7o\/2012)<\/p><p><strong>16. Associa\u00e7\u00e3o Paulista para o Desenvolvimento da Medicina &#8211; Hospital S\u00e3o <\/strong><strong>Paulo &#8211; SPDM\/HSP, S\u00e3o Paulo, SP, Brasil<\/strong><br \/>2008 &#8211; 2010 V\u00ednculo: m\u00e9dica plantonista de emerg\u00eancia. Enquadramento funcional:<br \/>Plantonista Pronto Socorro, Regime: Parcial<\/p><p><strong>17. Hospital S\u00e3o Francisco &#8211; Cotia \u2013 HSF, S\u00e3o Paulo, SP, Brasil<\/strong><br \/>2009 &#8211; 2009 V\u00ednculo: m\u00e9dica plantonista de emerg\u00eancia. Enquadramento funcional:<br \/>Plantonista Pronto Socorro, Regime: Parcia\u00a0<\/p>\t\t\t\t\t\t\t\t<\/div>\n\t\t\t\t<\/div>\n\t\t\t\t\t<\/div>\n\t\t<\/div>\n\t\t\t\t\t<\/div>\n\t\t<\/section>\n\t\t\t\t<\/div>\n\t\t\n    <div class=\"xs_social_share_widget xs_share_url after_content \t\tmain_content  wslu-style-1 wslu-share-box-shaped wslu-fill-colored wslu-none wslu-share-horizontal wslu-theme-font-no wslu-main_content\">\n\n\t\t\n        <ul>\n\t\t\t        <\/ul>\n    <\/div> \n","protected":false},"excerpt":{"rendered":"<p>Professores Forma\u00e7\u00e3o acad\u00eamica\/titula\u00e7\u00e3o 2019 &#8211; 2020 Especializa\u00e7\u00e3o \u2013 P\u00f3s Gradua\u00e7\u00e3o Latu SensuSociedade Vegetariana Brasileira e Plenitude eventos, S\u00e3o Paulo, SP, BrasilT\u00edtulo: P\u00f3s Gradua\u00e7\u00e3o em Nutri\u00e7\u00e3o Vegetariana 2016 &#8211; 2017 Especializa\u00e7\u00e3o \u2013 P\u00f3s Gradua\u00e7\u00e3o Latu SensuAlbert Einstein Instituto Israelita de Ensino e Pesquisa, S\u00e3o Paulo, SP, BrasilT\u00edtulo: P\u00f3s Gradua\u00e7\u00e3o em Bases da Medicina Integrativa 2017- 2017 [&hellip;]<\/p>\n","protected":false},"author":4,"featured_media":0,"parent":2227,"menu_order":0,"comment_status":"closed","ping_status":"closed","template":"","meta":{"footnotes":""},"class_list":["post-2311","page","type-page","status-publish","hentry"],"_links":{"self":[{"href":"https:\/\/hmkeducation.com\/pt_br\/wp-json\/wp\/v2\/pages\/2311","targetHints":{"allow":["GET"]}}],"collection":[{"href":"https:\/\/hmkeducation.com\/pt_br\/wp-json\/wp\/v2\/pages"}],"about":[{"href":"https:\/\/hmkeducation.com\/pt_br\/wp-json\/wp\/v2\/types\/page"}],"author":[{"embeddable":true,"href":"https:\/\/hmkeducation.com\/pt_br\/wp-json\/wp\/v2\/users\/4"}],"replies":[{"embeddable":true,"href":"https:\/\/hmkeducation.com\/pt_br\/wp-json\/wp\/v2\/comments?post=2311"}],"version-history":[{"count":0,"href":"https:\/\/hmkeducation.com\/pt_br\/wp-json\/wp\/v2\/pages\/2311\/revisions"}],"up":[{"embeddable":true,"href":"https:\/\/hmkeducation.com\/pt_br\/wp-json\/wp\/v2\/pages\/2227"}],"wp:attachment":[{"href":"https:\/\/hmkeducation.com\/pt_br\/wp-json\/wp\/v2\/media?parent=2311"}],"curies":[{"name":"wp","href":"https:\/\/api.w.org\/{rel}","templated":true}]}}